{"id":9992,"date":"2019-09-15T21:59:17","date_gmt":"2019-09-15T20:59:17","guid":{"rendered":"https:\/\/www.skmisia.ch\/?page_id=9992"},"modified":"2019-09-15T22:21:24","modified_gmt":"2019-09-15T21:21:24","slug":"ruzencova-ruza-skm-ruzenec-svetla","status":"publish","type":"page","link":"https:\/\/www.skmisia.ch\/?page_id=9992","title":{"rendered":"Ru\u017eencov\u00e1 ru\u017ea SKM \u2013 ru\u017eenec svetla"},"content":{"rendered":"<div class=\"ruzenec\">\n<h1>Prv\u00fd desiatok<\/h1>\n<p class=\"ruzenec_center\"> <img decoding=\"async\" src=\"wp-content\/static_images\/ruzenec_svetla_1.jpeg\"> Zdravas\u00b4, M\u00e1ria, milostipln\u00e1, P\u00e1n s Tebou, po\u017eehnan\u00e1 si medzi \u017eenami a po\u017eehnan\u00fd je plod \u017eivota Tvojho, Je\u017ei\u0161,<br class=\"ruzenec\"> <strong>ktor\u00fd bol pokrsten\u00fd v&nbsp;Jord\u00e1ne a&nbsp;za\u010dal svoje verejn\u00e9 \u00fa\u010dinkovanie. (Alebo: ktor\u00fd bol pokrsten\u00fd v&nbsp;Jord\u00e1ne.)<\/strong><br class=\"ruzenec\"> Sv\u00e4t\u00e1 M\u00e1ria, matka Bo\u017eia, pros za n\u00e1s hrie\u0161nych, teraz i v hodinu smrti na\u0161ej. Amen.<\/p>\n<p class=\"ruzenec\"> <em>Rozj\u00edmaj:<\/em> Kon\u010d\u00ed sa skryt\u00fd \u017eivot Je\u017ei\u0161a. Odteraz nepatr\u00ed u\u017e iba Matke. Vych\u00e1dzaj\u00fac z&nbsp;v\u00f4d Jord\u00e1nu, za\u010d\u00edna sa misia Mesi\u00e1\u0161a. J\u00e1n Krstite\u013e hovor\u00ed o&nbsp;\u0148om: ,, H\u013ea, Bo\u017e\u00ed Bar\u00e1nok, ktor\u00fd sn\u00edma hriechy sveta.\u201c (Jn 1, 29). Boh Otec sa verejne prizn\u00e1va k&nbsp;Nemu a&nbsp;osobitne potvrdzuje Jeho  toto\u017enos\u0165, hovoriac:,, Ty si  m\u00f4j milovan\u00fd Syn v&nbsp;tebe m\u00e1m za\u013e\u00fabenie.\u201c(Mk 1,11). Je\u017ei\u0161 u\u017e tu berie na svoje plecia \u0165archu n\u00e1\u0161ho hriechu a&nbsp;s&nbsp;ranami svojho utrpenia ich vynesie a\u017e na kr\u00ed\u017e. U\u017e tu za\u010d\u00edna spoved   z hriechov celej \u013eudskosti tak, akoby to boli Jeho vlastn\u00e9 hriechy.  Identifikuj\u00fac sa s&nbsp;nami  dosved\u010duje na\u0161u biedu ako svoju vlastn\u00fa. Je\u017ei\u0161 Kristus je \u010dlovekovi tak bl\u00edzky, \u017ee \u2013 podobne ako v&nbsp;z\u00e1stupe \u010dakaj\u00facich na krst \u2013 nemus\u00ed ho spozna\u0165. Nemus\u00ed dokonca spozorova\u0165, \u017ee Je\u017ei\u0161 je pre n\u00e1s Bo\u017e\u00edm darom.<\/p>\n<p class=\"ruzenec\"> <em>Modlime sa:<\/em> L\u00e1skav\u00fd Ot\u010de, tvoj jednoroden\u00fd Syn pri\u0161iel medzi n\u00e1s ako prav\u00fd \u010dlovek a&nbsp;bol si n\u00e1m navonok podobn\u00fd, daj pros\u00edme, aby sme sa s pomocou jeho milosti vn\u00fatorne stali podobn\u00fdmi jemu. Lebo on je Boh a&nbsp;s tebou \u017eije a&nbsp;kra\u013euje  v&nbsp;jednote s&nbsp;Duchom Sv\u00e4t\u00fdm po v\u0161etky veky vekov. Amen.<\/p>\n<h1>Druh\u00fd desiatok<\/h1>\n<p class=\"ruzenec_center\"> <img decoding=\"async\" src=\"wp-content\/static_images\/ruzenec_svetla_2.jpeg\"> Zdravas\u00b4, M\u00e1ria, milostipln\u00e1, P\u00e1n s Tebou, po\u017eehnan\u00e1 si medzi \u017eenami a po\u017eehnan\u00fd je plod \u017eivota Tvojho, Je\u017ei\u0161,<br class=\"ruzenec\"> <strong>ktor\u00fd z\u00e1zrakom v&nbsp;K\u00e1ne Galilejskej otvoril srdcia u\u010den\u00edkov pre vieru. (Alebo: ktor\u00fd zjavil seba sam\u00e9ho na svadbe v&nbsp;K\u00e1ne.)<\/strong><br class=\"ruzenec\"> Sv\u00e4t\u00e1 M\u00e1ria, matka Bo\u017eia, pros za n\u00e1s hrie\u0161nych, teraz i v hodinu smrti na\u0161ej. Amen.<\/p>\n<p class=\"ruzenec\"> <em>Rozj\u00edmaj:<\/em> M\u00e1ria, Matka Je\u017ei\u0161ova, star\u00e1 sa ba aj o&nbsp;svadobn\u00fa hostinu t\u00fdch, ktor\u00ed pozvali na svadbu jej Syna. Ona c\u00edti zrelos\u0165 nevyhnutnos\u0165 pomoci, organizuje pomoc.  Z\u00e1zrakom otv\u00e1ra srdcia posluch\u00e1\u010dov Bohu a&nbsp;Jeho dobrote. Pou\u010duje ich, \u017ee pre Je\u017ei\u0161a je dokonca d\u00f4le\u017eit\u00e1 na svadbe rados\u0165 zabavaj\u00facich sa host\u00ed. Prijmuc pozvanie na svadobn\u00fa hostinu, Je\u017ei\u0161 si pred v\u0161etk\u00fdmi uctil man\u017eelstvo mu\u017ea a&nbsp;\u017eeny. Potvrdil, \u017ee man\u017eelstvo je vtedy kr\u00e1sne, chcen\u00e9 a&nbsp;po\u017eehnan\u00e9 Stvorite\u013eom. Kristus pr\u00edtomn\u00fd medzi nami m\u00f4\u017ee zopakova\u0165 z\u00e1zrak z&nbsp;K\u00e1ny, v&nbsp;ka\u017edej etape trvania man\u017eelstva. Sta\u010d\u00ed ho pozva\u0165 a&nbsp;poprosi\u0165. On m\u00f4\u017ee  vody rutiny, \u013eahostajnosti, nudy premeni\u0165 na v\u00edno l\u00e1sky, srde\u010dnosti, jemnosti a&nbsp;obdari\u0165 n\u00e1s t\u00fdmito darmi.<\/p>\n<p class=\"ruzenec\"> <em>Modlime sa:<\/em> Bo\u017ee, ty si pov\u00fd\u0161il man\u017eelstvo na ve\u013ek\u00fa sviatos\u0165, \u017eeby n\u00e1m man\u017eelsk\u00fd zv\u00e4zok nazna\u010doval tajomn\u00e9 spojenie Krista s&nbsp;Cirkvou, pros\u00edme \u0165a aby tvoji slu\u017eobn\u00edci prij\u00edmali t\u00fato sviatos\u0165 s&nbsp;vieroua jej \u00falohy spl\u0148ali \u017eivotom. Skrze n\u00e1\u0161ho P\u00e1na Je\u017ei\u0161a Krista, tvojho syna, ktor\u00fd je Boh a&nbsp;s&nbsp;tebou \u017eije a&nbsp;kra\u013euje v&nbsp;jednote s&nbsp;Duchom Sv\u00e4t\u00fdm po v\u0161etky veky vekov. Amen.<\/p>\n<h1>Tret\u00ed desiatok<\/h1>\n<p class=\"ruzenec_center\"> <img decoding=\"async\" src=\"wp-content\/static_images\/ruzenec_svetla_3.jpeg\"> Zdravas\u00b4, M\u00e1ria, milostipln\u00e1, P\u00e1n s Tebou, po\u017eehnan\u00e1 si medzi \u017eenami a po\u017eehnan\u00fd je plod \u017eivota Tvojho, Je\u017ei\u0161,<br class=\"ruzenec\"> <strong>ktor\u00fd ohlasoval Bo\u017eie kr\u00e1\u013eovstvo a&nbsp;vyz\u00fdval \u013eud na pok\u00e1nie. (Alebo: ktor\u00fd ohlasoval Bo\u017eie kr\u00e1\u013eovstvo a&nbsp;pok\u00e1nie.)<\/strong><br class=\"ruzenec\"> Sv\u00e4t\u00e1 M\u00e1ria, matka Bo\u017eia, pros za n\u00e1s hrie\u0161nych, teraz i v hodinu smrti na\u0161ej. Amen.<\/p>\n<p class=\"ruzenec\"> <em>Rozj\u00edmaj:<\/em> Otec neust\u00e1le h\u013ead\u00e1 svoje die\u0165a \u2013 hoci by bolo straten\u00e9 a&nbsp;chodilo zl\u00fdmi cestami. T\u00e1to \u00fastretovos\u0165 Boha bohat\u00e9ho na milosrdenstvo vo\u010di \u013eudskosti nos\u00ed v&nbsp;dejin\u00e1ch sp\u00e1sy meno Je\u017ei\u0161 Kristus. Kristus stoj\u00ed po boku \u010dloveka neh\u013eadiac na to, \u010di sa on vol\u00e1 Adam, Kain, Cham \u010di Jud\u00e1\u0161 a&nbsp;m\u00f4\u017ee to by\u0165 Matej, Bra\u0148o, \u010di Sylvia. Otec obetuje vlastn\u00e9ho Syna nie to\u013eko z&nbsp;d\u00f4vodu, \u017ee \u010dlovek je biedny a&nbsp;slep\u00fd, nah\u00fd a&nbsp;hrie\u0161ny, ale vzh\u013eadom na to, \u017ee ho bezhrani\u010dne miluje. Druh\u00e1 Osoba Najsv\u00e4tej\u0161ej Trojice stoj\u00ed po na\u0161om boku a&nbsp;daruje n\u00e1m svojho Otca, svoju Matku, Ducha Posv\u00e4tite\u013ea, obdar\u00fava n\u00e1s doslova v\u0161etk\u00fdm. Iba odo m\u0148a z\u00e1vis\u00ed, \u010di Mu d\u00f4verujem a&nbsp;\u010di prijmem Jeho dar.<\/p>\n<p class=\"ruzenec\"> <em>Modlime sa:<\/em> Bo\u017ee tvoje milosrdenstvo je bez konca a&nbsp;poklad tvojej dobroty je nesmierny, milostivo rozmno\u017e vieru v&nbsp;teba oddan\u00e9ho \u013eudu, aby sme v\u017edy hlb\u0161ie ch\u00e1pali, akou l\u00e1skou sme stvoren\u00ed, akou krvou vyk\u00fapen\u00ed a&nbsp;ak\u00fdm Duchom znovuzroden\u00ed.  Skrze n\u00e1\u0161ho P\u00e1na Je\u017ei\u0161a Krista, tvojho Syna, ktor\u00fd je Boh a&nbsp;s&nbsp;tebou \u017eije a&nbsp;kr\u00e1\u013euje v&nbsp;jednote s&nbsp;Duchom Sv\u00e4t\u00fdm po v\u0161etky veky vekov. Amen.<\/p>\n<h1>\u0160tvrt\u00fd desiatok<\/h1>\n<p class=\"ruzenec_center\"> <img decoding=\"async\" src=\"wp-content\/static_images\/ruzenec_svetla_4.jpeg\"> Zdravas\u00b4, M\u00e1ria, milostipln\u00e1, P\u00e1n s Tebou, po\u017eehnan\u00e1 si medzi \u017eenami a po\u017eehnan\u00fd je plod \u017eivota Tvojho, Je\u017ei\u0161,<br class=\"ruzenec\"> <strong>ktor\u00fd sa uk\u00e1zal v&nbsp;bo\u017eskej sl\u00e1ve na vrchu premenenia. (Alebo: ktor\u00fd sa premenil na vrchu T\u00e1bor.)<\/strong><br class=\"ruzenec\"> Sv\u00e4t\u00e1 M\u00e1ria, matka Bo\u017eia, pros za n\u00e1s hrie\u0161nych, teraz i v hodinu smrti na\u0161ej. Amen.<\/p>\n<p class=\"ruzenec\"> <em>Rozj\u00edmaj:<\/em> Traja apo\u0161toli na vrchu T\u00e1bor za\u017eili tajomstvo existencie neba. Za\u017eili \u0161\u0165astie, ktor\u00e9 im nah\u00e1\u0148a strach, ale aj rados\u0165, ktor\u00e1 vyr\u00e1\u017ea dych. Vyvolen\u00ed Vykupite\u013eom, po\u010duj\u00fa hlas Otca, s\u00fa zahalen\u00ed oblakom, ktor\u00fd je znakom pr\u00edtomnosti Boha.  Scen\u00e9riou udalosti je oblak, blesk i&nbsp;hlas, nad\u0161enie, padnutie na tv\u00e1r i&nbsp;zo strachu zvoniace zuby. ,,\u017diarenie tv\u00e1re s\u0165a slnko\u201c bolo darom Priate\u013ea pre apo\u0161tolov \u2013 darom na ceste na Kalv\u00e1riu.  Vzne\u0161enos\u0165 Vykupite\u013ea m\u00f4\u017ee, ba dokonca mus\u00ed sa prejavi\u0165 \u017eivote veriacich.  To je tie\u017e dar Priate\u013ea pre n\u00e1s, \u013eud\u00ed, na neraz \u0165a\u017ek\u00fdch cest\u00e1ch a&nbsp;chodn\u00edkoch n\u00e1\u0161ho \u017eivota. Prija\u0165 tento dar znamen\u00e1 utkvie\u0165 svoj zrak na Kristovej tv\u00e1ri. Odteraz m\u00f4\u017eeme dosved\u010dova\u0165 l\u00e1sku Otca a&nbsp;te\u0161i\u0165 sa z&nbsp;radosti Ducha Sv\u00e4t\u00e9ho.<\/p>\n<p class=\"ruzenec\"> <em>Modlime sa:<\/em> L\u00e1skav\u00fd Ot\u010de, pri sl\u00e1vnom premenen\u00ed tvojho jednoroden\u00e9ho Syna so potvrdil pravdivo s\u0165 tajomstiev na\u0161ej viery svedectvom Moj\u017ei\u0161a a&nbsp;Eli\u00e1\u0161a a&nbsp;nazna\u010dil si, \u010do o\u010dak\u00e1va n\u00e1s, tvoje deti, ked budeme nav\u017edy s&nbsp;tebou, pros\u00edme \u0165a, pom\u00f4\u017e n\u00e1m po\u010d\u00fava\u0165 tvojho milovan\u00e9ho Syna, aby sme dosiahli \u00fa\u010das\u0165 na jeho sl\u00e1ve. Lebo on je Boh a&nbsp;s&nbsp;tebou \u017eije a&nbsp;kr\u00e1\u013euje v&nbsp;jednote s&nbsp;Duchom Sv\u00e4t\u00fdm po v\u0161etky veky vekov.  Amen.<\/p>\n<h1>Piaty desiatok<\/h1>\n<p class=\"ruzenec_center\"> <img decoding=\"async\" src=\"wp-content\/static_images\/ruzenec_svetla_5.jpeg\"> Zdravas\u00b4, M\u00e1ria, milostipln\u00e1, P\u00e1n s Tebou, po\u017eehnan\u00e1 si medzi \u017eenami a po\u017eehnan\u00fd je plod \u017eivota Tvojho, Je\u017ei\u0161,<br class=\"ruzenec\"> <strong>ktor\u00fd n\u00e1m dal seba za pokrm a&nbsp;n\u00e1poj v&nbsp;Olt\u00e1rnej sviatosti. (Alebo: ktor\u00fd ustanovil sviatos\u0165 Olt\u00e1rnu.)<\/strong><br class=\"ruzenec\"> Sv\u00e4t\u00e1 M\u00e1ria, matka Bo\u017eia, pros za n\u00e1s hrie\u0161nych, teraz i v hodinu smrti na\u0161ej. Amen.<\/p>\n<p class=\"ruzenec\"> <em>Rozj\u00edmaj:<\/em> To \u010do je v&nbsp;Cirkvi  najcennej\u0161ie \u2013 Eucharistia \u2013 je darom sam\u00e9ho P\u00e1na Boha, darom jeho l\u00e1sky. Kristove slov\u00e1 vypovedan\u00e9 v&nbsp;predve\u010der svojho umu\u010denia a&nbsp;smrti Vezmite a&nbsp;jedzte&#8230;, Vezmite a&nbsp;pite&#8230; s\u00fa svedectvom l\u00e1sky a\u017e do konca. Je\u017ei\u0161 n\u00e1s poz\u00fdva v\u0161etk\u00fdch pod svoj kr\u00ed\u017e, aby sme sa dotkli Jeho Tela, Jeho Krvi a&nbsp;Jeho L\u00e1sky. D\u00e1va n\u00e1m seba sam\u00e9ho, aby \u010dlovek mohol d\u00f4js\u0165 ku \u0161\u0165astiu na vlastn\u00fdch noh\u00e1ch. D\u00e1va v\u00fddatne ka\u017ed\u00e9mu, kto chce, ko\u013eko chce a&nbsp;kedy chce. Tento dar n\u00e1s priv\u00e1dza do rozpa\u010ditosti, \u0161okuje, zahanbuje. Ale s&nbsp;Kristom je \u010dlovekovi \u013eah\u0161ie dv\u00edha\u0165 svoj vlastn\u00fd \u017eivot, \u010dasto zamotan\u00fd, niekedy a\u017e neznesite\u013en\u00fd.<\/p>\n<p class=\"ruzenec\"> <em>Modlime sa:<\/em> Nebesk\u00fd Ot\u010de, pri Poslednej ve\u010deri, pri ktorej tvoj milovan\u00fd  Syn, prv ne\u017e seba sam\u00e9ho vydal na smr\u0165, zveril svojej Cirkvi nov\u00fa a&nbsp;ve\u010dn\u00fa obetu ako hostinu svojej l\u00e1sky:, pros\u00edme \u0165a , daj, aby sme z&nbsp;tejto ve\u013ekej sviatosti \u010derpali dokonal\u00fa l\u00e1sku a&nbsp;plnos\u0165 \u017eivota. Skrze n\u00e1\u0161ho P\u00e1na Je\u017ei\u0161a Krista, tvojho Syna, ktor\u00fd je Boh a&nbsp;s&nbsp;tebou \u017eije a&nbsp;kra\u013euje v&nbsp;jednote s&nbsp;Duchom Sv\u00e4t\u00fdm po v\u0161etky veky vekov. Amen.<\/p>\n<\/div>\n","protected":false},"excerpt":{"rendered":"<p>Prv\u00fd desiatok Zdravas\u00b4, M\u00e1ria, milostipln\u00e1, P\u00e1n s Tebou, po\u017eehnan\u00e1 si medzi \u017eenami a po\u017eehnan\u00fd je plod \u017eivota Tvojho, Je\u017ei\u0161, ktor\u00fd bol pokrsten\u00fd v&nbsp;Jord\u00e1ne a&nbsp;za\u010dal svoje verejn\u00e9 \u00fa\u010dinkovanie. (Alebo: ktor\u00fd bol pokrsten\u00fd v&nbsp;Jord\u00e1ne.) Sv\u00e4t\u00e1 M\u00e1ria,&#46;&#46;&#46;<\/p>\n","protected":false},"author":1,"featured_media":0,"parent":0,"menu_order":0,"comment_status":"closed","ping_status":"closed","template":"","meta":{"ngg_post_thumbnail":0},"_links":{"self":[{"href":"https:\/\/www.skmisia.ch\/index.php?rest_route=\/wp\/v2\/pages\/9992"}],"collection":[{"href":"https:\/\/www.skmisia.ch\/index.php?rest_route=\/wp\/v2\/pages"}],"about":[{"href":"https:\/\/www.skmisia.ch\/index.php?rest_route=\/wp\/v2\/types\/page"}],"author":[{"embeddable":true,"href":"https:\/\/www.skmisia.ch\/index.php?rest_route=\/wp\/v2\/users\/1"}],"replies":[{"embeddable":true,"href":"https:\/\/www.skmisia.ch\/index.php?rest_route=%2Fwp%2Fv2%2Fcomments&post=9992"}],"version-history":[{"count":4,"href":"https:\/\/www.skmisia.ch\/index.php?rest_route=\/wp\/v2\/pages\/9992\/revisions"}],"predecessor-version":[{"id":10014,"href":"https:\/\/www.skmisia.ch\/index.php?rest_route=\/wp\/v2\/pages\/9992\/revisions\/10014"}],"wp:attachment":[{"href":"https:\/\/www.skmisia.ch\/index.php?rest_route=%2Fwp%2Fv2%2Fmedia&parent=9992"}],"curies":[{"name":"wp","href":"https:\/\/api.w.org\/{rel}","templated":true}]}}