{"id":9988,"date":"2019-09-15T21:57:05","date_gmt":"2019-09-15T20:57:05","guid":{"rendered":"https:\/\/www.skmisia.ch\/?page_id=9988"},"modified":"2019-09-15T22:17:41","modified_gmt":"2019-09-15T21:17:41","slug":"ruzencova-ruza-skm-slavnostny-ruzenec","status":"publish","type":"page","link":"https:\/\/www.skmisia.ch\/?page_id=9988","title":{"rendered":"Ru\u017eencov\u00e1 ru\u017ea SKM \u2013 sl\u00e1vnostn\u00fd ru\u017eenec"},"content":{"rendered":"<div class=\"ruzenec\">\n<h1>Prv\u00fd desiatok<\/h1>\n<p class=\"ruzenec_center\"> <img decoding=\"async\" src=\"wp-content\/static_images\/ruzenec_slavnostny_1.jpeg\"> Zdravas\u00b4, M\u00e1ria, milostipln\u00e1, P\u00e1n s Tebou, po\u017eehnan\u00e1 si medzi \u017eenami a po\u017eehnan\u00fd je plod \u017eivota Tvojho, Je\u017ei\u0161,<br class=\"ruzenec\"> <strong>ktor\u00fd sl\u00e1vne z m\u0155tvych vstal.<\/strong><br class=\"ruzenec\"> Sv\u00e4t\u00e1 M\u00e1ria, matka Bo\u017eia, pros za n\u00e1s hrie\u0161nych, teraz i v hodinu smrti na\u0161ej. Amen.<\/p>\n<p class=\"ruzenec\"> <em>Rozj\u00edmaj:<\/em> P\u00e1na Je\u017ei\u0161a ulo\u017eili do hrobu s l\u00e1skou, ako ro\u013en\u00edk d\u00e1va do zeme najlep\u0161ie semeno. Z Je\u017ei\u0161ovho hrobu vzkl\u00ed\u010dil \u017eivot, z ktor\u00e9ho my v\u0161etci \u017eijeme. Ako sl\u00e1vnostne muselo znie\u0165 anjelovo posolstvo z pr\u00e1zdneho hrobu: &#8222;H\u013ead\u00e1te Je\u017ei\u0161a Nazaretsk\u00e9ho, ktor\u00fd bol ukri\u017eovan\u00fd? Vstal z m\u0155tvych! Niet ho tu!&#8220; (Mk 16,6). Aj ty si vstal s Je\u017ei\u0161om vo sviatosti krstu k nov\u00e9mu \u017eivotu. Ak bude\u0161 \u017ei\u0165 v milosti, i tvoje telo vstane z m\u0155tvych v de\u0148 s\u00fadu a vojde do ve\u010dnej sl\u00e1vy s Kristom.<\/p>\n<p class=\"ruzenec\"> <em>Modlime sa:<\/em> Pane Je\u017ei\u0161u, tvoje v\u00ed\u0165azstvo nad smr\u0165ou je aj na\u0161\u00edm v\u00ed\u0165azstvom. \u010eakujeme ti, \u017ee si n\u00e1s vzkriesil z duchovnej smrti k nov\u00e9mu \u017eivotu. Ako ty viac neumiera\u0161, ani my nechceme viac strati\u0165 nov\u00fd \u017eivot, ktor\u00fd si n\u00e1m zasl\u00fa\u017eil. S tebou chceme \u017ei\u0165 tu na zemi, aby sme s telom i du\u0161ou mohli \u017ei\u0165 ve\u010dne v tvojej sl\u00e1ve.  Najradostnej\u0161ia Matka Zm\u0155tvychvstal\u00e9ho, ochra\u0148uj v n\u00e1s Je\u017ei\u0161ov \u017eivot, aby n\u00e1s o\u0148 hriech u\u017e nikdy neol\u00fapil. Amen.<\/p>\n<h1>Druh\u00fd desiatok<\/h1>\n<p class=\"ruzenec_center\"> <img decoding=\"async\" src=\"wp-content\/static_images\/ruzenec_slavnostny_2.jpeg\"> Zdravas\u00b4, M\u00e1ria, milostipln\u00e1, P\u00e1n s Tebou, po\u017eehnan\u00e1 si medzi \u017eenami a po\u017eehnan\u00fd je plod \u017eivota Tvojho, Je\u017ei\u0161,<br class=\"ruzenec\"> <strong>ktor\u00fd sl\u00e1vne na nebesia vst\u00fapil.<\/strong><br class=\"ruzenec\"> Sv\u00e4t\u00e1 M\u00e1ria, matka Bo\u017eia, pros za n\u00e1s hrie\u0161nych, teraz i v hodinu smrti na\u0161ej. Amen.<\/p>\n<p class=\"ruzenec\"> <em>Rozj\u00edmaj:<\/em> P\u00e1n Je\u017ei\u0161 \u0161tyridsiateho d\u0148a po svojom zm\u0155tvychvstan\u00ed vy\u0161iel so svojimi u\u010den\u00edkmi na Olivov\u00fa horu, po\u017eehnal ich a vst\u00fapil na nebesia, kde sed\u00ed po pravici Boha Otca. V predve\u010der svojho umu\u010denia n\u00e1m dal P\u00e1n Je\u017ei\u0161 najkraj\u0161\u00ed pr\u00eds\u013eub: &#8222;Idem v\u00e1m pripravi\u0165 miesto, zasa pr\u00eddem a vezmem si v\u00e1s k sebe, aby ste aj vy boli tam, kde som ja&#8220; (Jn 14,2-3). M\u00e1me teda poklada\u0165 nebo za prav\u00fa vlas\u0165, po nej t\u00fa\u017ei\u0165. Na zemi sme akoby p\u00fatnici a ideme k Otcovi, ktor\u00fd n\u00e1s o\u010dak\u00e1va v sl\u00e1ve.<\/p>\n<p class=\"ruzenec\"> <em>Modlime sa:<\/em> Je\u017ei\u0161u Kriste, vzbu\u010f v na\u0161ich srdciach \u00faprimn\u00fa t\u00fa\u017ebu po nebi; chceme \u0165a tu na zemi \u010d\u00edm vernej\u0161ie nasledova\u0165, aby sme sa mohli s tebou \u010d\u00edm v\u00e4\u010d\u0161mi radova\u0165 v nebi, v pr\u00edbytku, ktor\u00fd si n\u00e1m pripravil. Najsl\u00e1vnej\u0161ia Matka M\u00e1ria, vypros n\u00e1m t\u00fa\u017ebu po nebi, akou t\u00fa\u017eilo tvoje srdce po tvojom Synovi, ke\u010f vyst\u00fapil na nebesia, aby sme si usilovn\u00fdm plnen\u00edm povinnost\u00ed na zemi zasl\u00fa\u017eili ve\u010dn\u00fd odpo\u010dinok v nebi. Amen.<\/p>\n<h1>Tret\u00ed desiatok<\/h1>\n<p class=\"ruzenec_center\"> <img decoding=\"async\" src=\"wp-content\/static_images\/ruzenec_slavnostny_3.jpeg\"> Zdravas\u00b4, M\u00e1ria, milostipln\u00e1, P\u00e1n s Tebou, po\u017eehnan\u00e1 si medzi \u017eenami a po\u017eehnan\u00fd je plod \u017eivota Tvojho, Je\u017ei\u0161,<br class=\"ruzenec\"> <strong>ktor\u00fd n\u00e1m Ducha Sv\u00e4t\u00e9ho zoslal.<\/strong><br class=\"ruzenec\"> Sv\u00e4t\u00e1 M\u00e1ria, matka Bo\u017eia, pros za n\u00e1s hrie\u0161nych, teraz i v hodinu smrti na\u0161ej. Amen.<\/p>\n<p class=\"ruzenec\"> <em>Rozj\u00edmaj:<\/em> Desiateho d\u0148a po svojom nanebovst\u00fapen\u00ed P\u00e1n Je\u017ei\u0161 zoslal apo\u0161tolom Ducha Sv\u00e4t\u00e9ho, ako im to bol pris\u013e\u00fabil. U\u010den\u00edci spolu s Pannou M\u00e1riou zotrv\u00e1vali spolo\u010dne na modlitb\u00e1ch, ke\u010f na nich zost\u00fapil Bo\u017e\u00ed Duch v podobe ohniv\u00fdch jazykov a naplnil ich svojimi vz\u00e1cnymi darmi. Ka\u017ed\u00fd z n\u00e1s sa vo sviatosti krstu stal chr\u00e1mom Ducha Sv\u00e4t\u00e9ho a vo sviatosti birmovania dostal jeho sedmoro darov.  Nemali by sme nikdy tento chr\u00e1m znesv\u00e4ti\u0165 hriechom.<\/p>\n<p class=\"ruzenec\"> <em>Modlime sa:<\/em> Bo\u017ee, tebe je otvoren\u00e9 ka\u017ed\u00e9 srdce, zn\u00e1ma ka\u017ed\u00e1 \u017eiados\u0165 a nijak\u00e9 tajomstvo pred tebou nie je skryt\u00e9; o\u010disti my\u0161lienky n\u00e1\u0161ho srdca vliat\u00edm Ducha Sv\u00e4t\u00e9ho, aby sme si zasl\u00fa\u017eili dokonale \u0165a milova\u0165 a d\u00f4stojne chv\u00e1li\u0165. Najsv\u00e4tej\u0161ia Panna, ty si z Ducha Sv\u00e4t\u00e9ho po\u010dala Je\u017ei\u0161a Krista, vypros n\u00e1m u\u010denlivos\u0165 vo\u010di Duchu Sv\u00e4t\u00e9mu, aby sme r\u00e1stli v milosti, \u017ee by sme v\u017edy mohli \u017ei\u0165 ako druh\u00fd Kristus.  Amen.<\/p>\n<h1>\u0160tvrt\u00fd desiatok<\/h1>\n<p class=\"ruzenec_center\"> <img decoding=\"async\" src=\"wp-content\/static_images\/ruzenec_slavnostny_4.jpeg\"> Zdravas\u00b4, M\u00e1ria, milostipln\u00e1, P\u00e1n s Tebou, po\u017eehnan\u00e1 si medzi \u017eenami a po\u017eehnan\u00fd je plod \u017eivota Tvojho, Je\u017ei\u0161,<br class=\"ruzenec\"> <strong>ktor\u00fd \u0165a, Panna, do neba vzal.<\/strong><br class=\"ruzenec\"> Sv\u00e4t\u00e1 M\u00e1ria, matka Bo\u017eia, pros za n\u00e1s hrie\u0161nych, teraz i v hodinu smrti na\u0161ej. Amen.<\/p>\n<p class=\"ruzenec\"> <em>Rozj\u00edmaj:<\/em> Je\u017ei\u0161 Kristus nedovolil, aby telo jeho Matky, nepo\u0161kvrnen\u00e9 ani dedi\u010dn\u00fdm, ani najmen\u0161\u00edm hriechom, pod\u013eahlo rozkladu v hrobe. Preto po skon\u010den\u00ed jej pozemsk\u00e9ho putovania ju vzal k sebe do nebeskej sl\u00e1vy. Raduj sa zo sl\u00e1vy, ktorou Je\u017ei\u0161 obklopil svoju a na\u0161u Matku, Pannu M\u00e1riu, na konci jej zemsk\u00e9ho putovania.  Prosievaj s d\u00f4verou Nanebovzat\u00fa, aby ti u svojho Syna vyprosila milos\u0165 \u0161\u0165astlivej smrti. Nezab\u00fadaj v\u0161ak na t\u00fato pravdu:&#8220;Nem\u00f4\u017ee zle umrie\u0165, kto dobre \u017eil a sotva umrie dobre, kto \u017eil zle&#8220; (Sv. August\u00edn).<\/p>\n<p class=\"ruzenec\"> <em>Modlime sa:<\/em> Bo\u017ee, ty si skryl pred nami hodinu a miesto na\u0161ej smrti; daj, aby sme v\u0161etky dni svojho \u017eivota tak pre\u017eili vo sv\u00e4tosti a l\u00e1ske, \u017ee by sme v hodine smrti vykro\u010dili z tohto sveta do ve\u010dnej radosti. Naj\u0161\u0165astnej\u0161ia Matka na\u0161a, M\u00e1ria, tvoj Syn si \u0165a vzal s telom i du\u0161ou do neba k sebe. Vypros n\u00e1m, aby sme na zemi tak \u017eili, \u017ee by n\u00e1s tvoj Syn prijal k sebe do ve\u010dnosti. Amen.<\/p>\n<h1>Piaty desiatok<\/h1>\n<p class=\"ruzenec_center\"> <img decoding=\"async\" src=\"wp-content\/static_images\/ruzenec_slavnostny_5.jpeg\"> Zdravas\u00b4, M\u00e1ria, milostipln\u00e1, P\u00e1n s Tebou, po\u017eehnan\u00e1 si medzi \u017eenami a po\u017eehnan\u00fd je plod \u017eivota Tvojho, Je\u017ei\u0161,<br class=\"ruzenec\"> <strong>ktor\u00fd \u0165a , Panna, v nebi korunoval.<\/strong><br class=\"ruzenec\"> Sv\u00e4t\u00e1 M\u00e1ria, matka Bo\u017eia, pros za n\u00e1s hrie\u0161nych, teraz i v hodinu smrti na\u0161ej. Amen.<\/p>\n<p class=\"ruzenec\"> <em>Rozj\u00edmaj:<\/em> Najsv\u00e4tej\u0161ia Trojica prijala Preblahoslaven\u00fa Pannu v nebi s najv\u00e4\u010d\u0161ou sl\u00e1vou.  Sv. J\u00e1n v Zjaven\u00ed p\u00ed\u0161e: &#8222;Uk\u00e1zalo sa na nebi ve\u013ek\u00e9 znaenie: \u017dena, odet\u00e1 slnkom, pod jej nohami mesiac a na jej hlave veniec z dvan\u00e1stich hviezd&#8220; (Zjv 12,1).  T\u00fdm kr\u00e1snym znamen\u00edm je Panna M\u00e1ria. Koncil n\u00e1 vyz\u00fdva, aby sme si za\u013e\u00fabili jej duchovn\u00fa kr\u00e1su, aby sme po nej t\u00fa\u017eili, aby sme d\u00fafali, \u017ee aj my m\u00f4\u017eeme obsiahnu\u0165 podobn\u00fa duchovn\u00fa kr\u00e1su. Naozaj, v kr\u00e1sne ovocie dozreje ka\u017ed\u00fd \u017eivot, \u017eit\u00fd v \u00fazkom spojen\u00ed s Je\u017ei\u0161om Kristom.<\/p>\n<p class=\"ruzenec\"> <em>Modlime sa:<\/em> Pros\u00edme \u0165a, Pane, dopraj n\u00e1m, svojim slu\u017eobn\u00edkom milos\u0165, aby sme v M\u00e1rii, ktor\u00fa si korunoval v nebi za Kr\u00e1\u013eovn\u00fa, v\u017edy skaldali n\u00e1dej a na jej orodovanie, aby sme dosiahli korunu ve\u010dnej sl\u00e1vy. Najsl\u00e1vnej\u0161ia Kr\u00e1\u013eovn\u00e1 cel\u00e9ho sveta, ktor\u00e1 si sv\u00e4t\u00fdm \u017eivotom obsiahla v nebi tak\u00fa ve\u013ek\u00fa sl\u00e1vu, vzhliadni milostivo na na\u0161u ve\u013ek\u00fa biedu a pozdvihni n\u00e1s pomocnou rukou k \u017eivotu, hodn\u00e9mu Bo\u017e\u00edch dietok.  Amen.<\/p>\n<\/div>\n","protected":false},"excerpt":{"rendered":"<p>Prv\u00fd desiatok Zdravas\u00b4, M\u00e1ria, milostipln\u00e1, P\u00e1n s Tebou, po\u017eehnan\u00e1 si medzi \u017eenami a po\u017eehnan\u00fd je plod \u017eivota Tvojho, Je\u017ei\u0161, ktor\u00fd sl\u00e1vne z m\u0155tvych vstal. Sv\u00e4t\u00e1 M\u00e1ria, matka Bo\u017eia, pros za n\u00e1s hrie\u0161nych, teraz i&#46;&#46;&#46;<\/p>\n","protected":false},"author":1,"featured_media":0,"parent":0,"menu_order":0,"comment_status":"closed","ping_status":"closed","template":"","meta":{"ngg_post_thumbnail":0},"_links":{"self":[{"href":"https:\/\/www.skmisia.ch\/index.php?rest_route=\/wp\/v2\/pages\/9988"}],"collection":[{"href":"https:\/\/www.skmisia.ch\/index.php?rest_route=\/wp\/v2\/pages"}],"about":[{"href":"https:\/\/www.skmisia.ch\/index.php?rest_route=\/wp\/v2\/types\/page"}],"author":[{"embeddable":true,"href":"https:\/\/www.skmisia.ch\/index.php?rest_route=\/wp\/v2\/users\/1"}],"replies":[{"embeddable":true,"href":"https:\/\/www.skmisia.ch\/index.php?rest_route=%2Fwp%2Fv2%2Fcomments&post=9988"}],"version-history":[{"count":4,"href":"https:\/\/www.skmisia.ch\/index.php?rest_route=\/wp\/v2\/pages\/9988\/revisions"}],"predecessor-version":[{"id":10009,"href":"https:\/\/www.skmisia.ch\/index.php?rest_route=\/wp\/v2\/pages\/9988\/revisions\/10009"}],"wp:attachment":[{"href":"https:\/\/www.skmisia.ch\/index.php?rest_route=%2Fwp%2Fv2%2Fmedia&parent=9988"}],"curies":[{"name":"wp","href":"https:\/\/api.w.org\/{rel}","templated":true}]}}