{"id":9986,"date":"2019-09-15T21:50:09","date_gmt":"2019-09-15T20:50:09","guid":{"rendered":"https:\/\/www.skmisia.ch\/?page_id=9986"},"modified":"2019-09-15T22:19:16","modified_gmt":"2019-09-15T21:19:16","slug":"ruzencova-ruza-skm-radostny-ruzenec","status":"publish","type":"page","link":"https:\/\/www.skmisia.ch\/?page_id=9986","title":{"rendered":"Ru\u017eencov\u00e1 ru\u017ea SKM \u2013 radostn\u00fd ru\u017eenec"},"content":{"rendered":"<div class=\"ruzenec\">\n<h1>Prv\u00fd desiatok<\/h1>\n<p class=\"ruzenec_center\"> <img decoding=\"async\" src=\"wp-content\/static_images\/ruzenec_radostny_1.jpeg\"> Zdravas\u00b4, M\u00e1ria, milostipln\u00e1, P\u00e1n s Tebou, po\u017eehnan\u00e1 si medzi \u017eenami a po\u017eehnan\u00fd je plod \u017eivota Tvojho, Je\u017ei\u0161,<br class=\"ruzenec\"> <strong>ktor\u00e9ho si, Panna, z Ducha Sv\u00e4t\u00e9ho po\u010dala.<\/strong><br class=\"ruzenec\"> Sv\u00e4t\u00e1 M\u00e1ria, matka Bo\u017eia, pros za n\u00e1s hrie\u0161nych, teraz i v hodinu smrti na\u0161ej. Amen.<\/p>\n<p class=\"ruzenec\"> <em>Rozj\u00edmaj:<\/em> Archanjel Gabriel pozdravil preblahoslaven\u00fa Pannu M\u00e1riu slovami: &#8222;Zdravas&#8216;, milosti pln\u00e1, P\u00e1n s tebou, po\u017eehnan\u00e1 si medzi \u017eenami&#8220; (Lk 1,28).  Potom jej predstavil Bo\u017e\u00ed pl\u00e1n. Mala sa sta\u0165 matkou Bo\u017eieho Syna &#8211; n\u00e1\u0161ho Vykupite\u013ea.  Panna M\u00e1ria privolila slovami: &#8222;H\u013ea, slu\u017eobnica P\u00e1na, nech sa mi stane pod\u013ea tvojho slova&#8220; (Lk 1,38). Bo\u017eia rodi\u010dka n\u00e1s u\u010d\u00ed, \u017ee pokorn\u00e9 srdce pln\u00ed Bo\u017eiu v\u00f4\u013eu v\u017edy s pon\u00ed\u017eenou ochotou.  &#8222;Uponi\u017euj sa vo v\u0161etk\u00fdch veciach a bude\u0161 mil\u00fd Bohu&#8220; (Sir 3,20).<\/p>\n<p class=\"ruzenec\"> <em>Modlime sa:<\/em> Je\u017ei\u0161u Kriste, ty si sa svoj\u00edm vtelen\u00edm pre na\u0161e spasenie nekone\u010dne pon\u00ed\u017eil; daj n\u00e1m ducha pokory, aby sme sa ti v tomto \u017eivote p\u00e1\u010dili pon\u00ed\u017eenos\u0165ou a v hodine smrti, aby sme boli pov\u00fd\u0161en\u00ed k tebe do ve\u010dnej sl\u00e1vy. Najsv\u00e4tej\u0161ia Panna, oroduj za n\u00e1s u svojho Syna, aby sme pod\u013ea jeho vzoru mohli by\u0165 dobr\u00fdmi dietkami nebesk\u00e9ho Otca, ako ty, svojou pon\u00ed\u017eenos\u0165ou a pokorou, si bola jeho najlep\u0161ou dc\u00e9rou. Amen.<\/p>\n<h1>Druh\u00fd desiatok<\/h1>\n<p class=\"ruzenec_center\"> <img decoding=\"async\" src=\"wp-content\/static_images\/ruzenec_radostny_2.jpeg\"> Zdravas\u00b4, M\u00e1ria, milostipln\u00e1, P\u00e1n s Tebou, po\u017eehnan\u00e1 si medzi \u017eenami a po\u017eehnan\u00fd je plod \u017eivota Tvojho, Je\u017ei\u0161,<br class=\"ruzenec\"> <strong>ktor\u00e9ho si, Panna, pri nav\u0161t\u00edven\u00ed Al\u017ebety v \u017eivote nosila.<\/strong><br class=\"ruzenec\"> Sv\u00e4t\u00e1 M\u00e1ria, matka Bo\u017eia, pros za n\u00e1s hrie\u0161nych, teraz i v hodinu smrti na\u0161ej. Amen.<\/p>\n<p class=\"ruzenec\"> <em>Rozj\u00edmaj:<\/em> Bo\u017eia Rodi\u010dka sa pon\u00e1h\u013eala z \u00faprimnej l\u00e1sky nav\u0161t\u00edvi\u0165 svoju pr\u00edbuzn\u00fa Al\u017ebetu.  Horela l\u00e1skou k bl\u00ed\u017enemu, lebo nosila v sebe Je\u017ei\u0161a. Jej pr\u00edtomnos\u0165 naplnila Zachari\u00e1\u0161ov dom milos\u0165ami. U\u010d sa od Panny M\u00e1rie milova\u0165 svojho bl\u00ed\u017eneho, radova\u0165 sa z jeho \u0161\u0165astia a ochotne mu pom\u00e1ha\u0165 v ka\u017edej n\u00fadzi. &#8222;Ak niekto povie: &#8218;Milujem Boha&#8216;, a nen\u00e1vid\u00ed svojho brata, je luh\u00e1r. &#8220; (Jn 4, 20).<\/p>\n<p class=\"ruzenec\"> <em>Modlime sa:<\/em> Syn Bo\u017e\u00ed, ty si z l\u00e1sky k n\u00e1m hrie\u0161nikom chcel preb\u00fdva\u0165 v M\u00e1riinom panenskom \u017eivote; napl\u0148 n\u00e1m srdcia \u00faprimnou l\u00e1skou k bl\u00ed\u017enym. Chceme tu na zemi by\u0165 tvojimi vern\u00fdmi u\u010den\u00edkmi, aby si n\u00e1s po smrti mohol povola\u0165 medzi vyvolen\u00fdch.  Najhorlivej\u0161ia Panna, vypros n\u00e1m l\u00e1skav\u00e9 srdce ku v\u0161etk\u00fdm \u013eu\u010fom, aby sme sa skutkami milosrdenstva a najm\u00e4 starostlivos\u0165ou o sp\u00e1su bl\u00ed\u017eneho dostali k tebe do neba, kde v\u0161etk\u00fdch sp\u00e1ja ve\u010dn\u00e1 l\u00e1ska. Amen.<\/p>\n<h1>Tret\u00ed desiatok<\/h1>\n<p class=\"ruzenec_center\"> <img decoding=\"async\" src=\"wp-content\/static_images\/ruzenec_radostny_3.jpeg\"> Zdravas\u00b4, M\u00e1ria, milostipln\u00e1, P\u00e1n s Tebou, po\u017eehnan\u00e1 si medzi \u017eenami a po\u017eehnan\u00fd je plod \u017eivota Tvojho, Je\u017ei\u0161,<br class=\"ruzenec\"> <strong>ktor\u00e9ho si, Panna, v Betleheme porodila.<\/strong><br class=\"ruzenec\"> Sv\u00e4t\u00e1 M\u00e1ria, matka Bo\u017eia, pros za n\u00e1s hrie\u0161nych, teraz i v hodinu smrti na\u0161ej. Amen.<\/p>\n<p class=\"ruzenec\"> <em>Rozj\u00edmaj:<\/em> Preblahoslaven\u00e1 Panna M\u00e1ria, ke\u010f sa naplnili jej dni, porodila v betlehemskej ma\u0161tali P\u00e1na Je\u017ei\u0161a, n\u00e1\u0161ho Spasite\u013ea a Kr\u00e1\u013ea cel\u00e9ho sveta. Najsv\u00e4tej\u0161ia Panna ho zavinula do plienok a polo\u017eila do jasie\u013e. Zamiluj si ducha chudoby, nelipni na zemsk\u00fdch majetkoch. P\u00e1n Je\u017ei\u0161 toti\u017e vrav\u00ed: &#8222;Blahoslaven\u00ed chudobn\u00ed, lebo va\u0161e je Bo\u017eie kr\u00e1\u013eovstvo!&#8220; (Lk 6,20).<\/p>\n<p class=\"ruzenec\"> <em>Modlime sa:<\/em> Pane Je\u017ei\u0161u, ty n\u00e1s svoj\u00edm naroden\u00edm v chudobe napom\u00edna\u0161, aby sme sa nedali zotro\u010di\u0165 nezriadenou t\u00fa\u017ebou po majetkoch; daj, aby sme si \u0161tedros\u0165ou a dobr\u00fdmi skutkami nazhroma\u017edili ve\u010dne trvaj\u00face poklady v nebi. Najsv\u00e4tej\u0161ia Panna, pros\u00edme \u0165a pre tvoju \u010dnos\u0165 chudoby, vypros n\u00e1m milos\u0165, aby sme tak u\u017e\u00edvali zemsk\u00e9 majetky, \u017ee by sme nestratili ve\u010dn\u00fa odmenu. Amen.<\/p>\n<h1>\u0160tvrt\u00fd desiatok<\/h1>\n<p class=\"ruzenec_center\"> <img decoding=\"async\" src=\"wp-content\/static_images\/ruzenec_radostny_4.jpeg\"> Zdravas\u00b4, M\u00e1ria, milostipln\u00e1, P\u00e1n s Tebou, po\u017eehnan\u00e1 si medzi \u017eenami a po\u017eehnan\u00fd je plod \u017eivota Tvojho, Je\u017ei\u0161,<br class=\"ruzenec\"> <strong>ktor\u00e9ho si, Panna, v chr\u00e1me obetovala.<\/strong><br class=\"ruzenec\"> Sv\u00e4t\u00e1 M\u00e1ria, matka Bo\u017eia, pros za n\u00e1s hrie\u0161nych, teraz i v hodinu smrti na\u0161ej. Amen.<\/p>\n<p class=\"ruzenec\"> <em>Rozj\u00edmaj:<\/em> Ke\u010f mal Je\u017ei\u0161 40 dn\u00ed, Panna M\u00e1ria ho z poslu\u0161nosti moj\u017ei\u0161ovsk\u00e9mu z\u00e1konu predstavila v chr\u00e1me. Priniesla za\u0148 v\u00fdkupn\u00fa obe\u0165. Prorok Simeon jej povedal, \u017ee jej du\u0161u prenikne me\u010d bolesti (Lk 2,35). Panna M\u00e1ria sa podvolila tomuto Bo\u017eiemu pl\u00e1nu, pod\u013ea ktor\u00e9ho mala by\u0165 matkou Sedembolestnou &#8211; lebo jej Syn Je\u017ei\u0161 bude &#8222;mu\u017e bolesti&#8220;. P\u00e1n Je\u017ei\u0161 povedal: &#8222;Ak ma milujete, budete zachov\u00e1va\u0165 moje prik\u00e1zania&#8220; (Jn 14,15). Inokedy zase: &#8222;Kto neberie svoj kr\u00ed\u017e a nenasleduje ma, nie je ma hoden&#8220; (Mt 10,38).<\/p>\n<p class=\"ruzenec\"> <em>Modlime sa:<\/em> \u00d3, Bo\u017ee, daj, aby sme boli poslu\u0161n\u00ed tebe, sv\u00e4tej cirkvi a v\u0161etk\u00fdm duchovn\u00fdm i svetsk\u00fdm vrchnostiam v duchu Je\u017ei\u0161a Krista a pod\u013ea pr\u00edkladu Panny M\u00e1rie.  Najposlu\u0161nej\u0161ia Panna, ty si sa s vierou zasv\u00e4tila osobe a poslaniu Je\u017ei\u0161a Krista, hoci si predv\u00eddala, \u017ee bude\u0161 prebolestnou Matkou; vypros n\u00e1m, aby sme s podobnou u\u010denlivos\u0165ou nasledovali Je\u017ei\u0161a v radostn\u00fdch d\u0148och i vo chv\u00ed\u013each, ke\u010f treba vzia\u0165 na plecia kr\u00ed\u017e a tak \u00eds\u0165 za n\u00edm a vojs\u0165 s n\u00edm do ve\u010dnej sl\u00e1vy.  Amen.<\/p>\n<h1>Piaty desiatok<\/h1>\n<p class=\"ruzenec_center\"> <img decoding=\"async\" src=\"wp-content\/static_images\/ruzenec_radostny_5.jpeg\"> Zdravas\u00b4, M\u00e1ria, milostipln\u00e1, P\u00e1n s Tebou, po\u017eehnan\u00e1 si medzi \u017eenami a po\u017eehnan\u00fd je plod \u017eivota Tvojho, Je\u017ei\u0161,<br class=\"ruzenec\"> <strong>ktor\u00e9ho si, Panna, v chr\u00e1me na\u0161la.<\/strong><br class=\"ruzenec\"> Sv\u00e4t\u00e1 M\u00e1ria, matka Bo\u017eia, pros za n\u00e1s hrie\u0161nych, teraz i v hodinu smrti na\u0161ej. Amen.<\/p>\n<p class=\"ruzenec\"> <em>Rozj\u00edmaj:<\/em> Ke\u010f mal Je\u017ei\u0161 dvan\u00e1s\u0165 rokov, Panna M\u00e1ria a sv. Jozef ho vzali so sebou do Jeruzalema na ve\u013ekono\u010dn\u00fa sl\u00e1vnos\u0165. Ke\u010f si vykonali pobo\u017enosti, vr\u00e1tili sa domov. Je\u017ei\u0161 v\u0161ak zostal v Jeruzaleme bez vedomia svojej Matky. Panna M\u00e1ria a sv. Jozef ho s boles\u0165ou h\u013eadali. Vr\u00e1tili sa do Jeruzalema, kde ho na tret\u00ed de\u0148 na\u0161li medzi u\u010dite\u013emi v chr\u00e1me. P\u00e1n Je\u017ei\u0161 povedal: &#8222;Bezo m\u0148a nem\u00f4\u017eete ni\u010d urobi\u0165&#8220; (Jn 15,5). V\u0161emo\u017ene si chr\u00e1\u0148 priate\u013estvo s Kristom. Vo chv\u00ed\u013each opustenosti a znechutenia h\u013eadaj ho s d\u00f4verou. Ak by si ho stratil \u0165a\u017ekou vinou, h\u013eadaj ho s vierou vo sviatosti pok\u00e1nia.<\/p>\n<p class=\"ruzenec\"> <em>Modlime sa:<\/em> Najslad\u0161\u00ed Spasite\u013e, ty si n\u00e1s h\u013eadal, ke\u010f sme bl\u00fadili ako ovce bez pastiera.  Neopovrhni nami teraz, ke\u010f si n\u00e1s v\u010dlenil do svojho tajomn\u00e9ho Tela a hor\u00edme t\u00fa\u017ebou po tebe. Ochra\u0148uj a rozmno\u017euj v n\u00e1s t\u00fato l\u00e1sku a\u017e do na\u0161ej smrti. Vo ve\u010dnej vlasti \u0165a u\u017e nebudeme m\u00f4c\u0165 strati\u0165. Najstarostlivej\u0161ia Matka, Panna M\u00e1ria, ktor\u00e1 si s boles\u0165ou h\u013eadala svojho straten\u00e9ho Syna, vypros n\u00e1m silu, aby sme rad\u0161ej podst\u00fapili hocijak\u00e9 protivenstvo, ne\u017e by sme mali \u0165a\u017ek\u00fdm hriechom strati\u0165 Je\u017ei\u0161a. Amen.<\/p>\n<\/div>\n","protected":false},"excerpt":{"rendered":"<p>Prv\u00fd desiatok Zdravas\u00b4, M\u00e1ria, milostipln\u00e1, P\u00e1n s Tebou, po\u017eehnan\u00e1 si medzi \u017eenami a po\u017eehnan\u00fd je plod \u017eivota Tvojho, Je\u017ei\u0161, ktor\u00e9ho si, Panna, z Ducha Sv\u00e4t\u00e9ho po\u010dala. Sv\u00e4t\u00e1 M\u00e1ria, matka Bo\u017eia, pros za n\u00e1s hrie\u0161nych,&#46;&#46;&#46;<\/p>\n","protected":false},"author":1,"featured_media":0,"parent":0,"menu_order":0,"comment_status":"closed","ping_status":"closed","template":"","meta":{"ngg_post_thumbnail":0},"_links":{"self":[{"href":"https:\/\/www.skmisia.ch\/index.php?rest_route=\/wp\/v2\/pages\/9986"}],"collection":[{"href":"https:\/\/www.skmisia.ch\/index.php?rest_route=\/wp\/v2\/pages"}],"about":[{"href":"https:\/\/www.skmisia.ch\/index.php?rest_route=\/wp\/v2\/types\/page"}],"author":[{"embeddable":true,"href":"https:\/\/www.skmisia.ch\/index.php?rest_route=\/wp\/v2\/users\/1"}],"replies":[{"embeddable":true,"href":"https:\/\/www.skmisia.ch\/index.php?rest_route=%2Fwp%2Fv2%2Fcomments&post=9986"}],"version-history":[{"count":3,"href":"https:\/\/www.skmisia.ch\/index.php?rest_route=\/wp\/v2\/pages\/9986\/revisions"}],"predecessor-version":[{"id":10011,"href":"https:\/\/www.skmisia.ch\/index.php?rest_route=\/wp\/v2\/pages\/9986\/revisions\/10011"}],"wp:attachment":[{"href":"https:\/\/www.skmisia.ch\/index.php?rest_route=%2Fwp%2Fv2%2Fmedia&parent=9986"}],"curies":[{"name":"wp","href":"https:\/\/api.w.org\/{rel}","templated":true}]}}