{"id":9970,"date":"2019-09-15T21:49:18","date_gmt":"2019-09-15T20:49:18","guid":{"rendered":"https:\/\/www.skmisia.ch\/?page_id=9970"},"modified":"2019-09-15T22:19:58","modified_gmt":"2019-09-15T21:19:58","slug":"ruzencova-ruza-skm-bolestny-ruzenec","status":"publish","type":"page","link":"https:\/\/www.skmisia.ch\/?page_id=9970","title":{"rendered":"Ru\u017eencov\u00e1 ru\u017ea SKM \u2013 bolestn\u00fd ru\u017eenec"},"content":{"rendered":"<div class=\"ruzenec\">\n<h1>Prv\u00fd desiatok<\/h1>\n<p class=\"ruzenec_center\"> <img decoding=\"async\" src=\"wp-content\/static_images\/ruzenec_bolestny_1.jpeg\"> Zdravas\u00b4, M\u00e1ria, milostipln\u00e1, P\u00e1n s Tebou, po\u017eehnan\u00e1 si medzi \u017eenami a po\u017eehnan\u00fd je plod \u017eivota Tvojho, Je\u017ei\u0161,<br class=\"ruzenec\"> <strong>ktor\u00fd sa pre n\u00e1s krvou potil.<\/strong><br class=\"ruzenec\"> Sv\u00e4t\u00e1 M\u00e1ria, matka Bo\u017eia, pros za n\u00e1s hrie\u0161nych, teraz i v hodinu smrti na\u0161ej. Amen.<\/p>\n<p class=\"ruzenec\"> <em>Rozj\u00edmaj:<\/em> Po poslednej ve\u010deri P\u00e1n Je\u017ei\u0161 odi\u0161iel do Getsemanskej z\u00e1hrady.  Tam pre\u017e\u00edval smrte\u013en\u00fa \u00fazkos\u0165 a prijal kalich umu\u010denia. Jeho \u00fazkos\u0165 bola tak\u00e1 ve\u013ek\u00e1, \u017ee &#8222;pot mu stekal na zem ako kvapky krvi&#8220; (Lk 22,44). Nikdy nezabudni na slov\u00e1 ubolen\u00e9ho Je\u017ei\u0161a: &#8222;Modlite sa, aby ste nepri\u0161li do poku\u0161enia&#8220; (Lk 22,40). Nepresta\u0148 \u013eutova\u0165 za hriechy, ktor\u00e9 sp\u00f4sobili Je\u017ei\u0161ovi t\u00fa smrte\u013en\u00fa \u00fazkos\u0165. P\u00e1n nepoh\u0155dne srdcom skr\u00fa\u0161en\u00fdm a upon\u00ed\u017een\u00fdm (\u017dalm 50,19).<\/p>\n<p class=\"ruzenec\"> <em>Modlime sa:<\/em> Je\u017ei\u0161u Kriste, ty si sa v Getsemanskej z\u00e1hrade potil krvou za na\u0161e hriechy; ude\u013e n\u00e1m milos\u0165 nadprirodzenej \u013e\u00fatosti, aby sme mohli spasite\u013ene oplak\u00e1va\u0165 svoje hriechy. Nedopus\u0165, aby aby tvoja predrah\u00e1 krv bola za n\u00e1s vyliata nadarmo. Sedembolestn\u00e1 matka m\u00f4jho spasite\u013ea, ty najnevinnej\u0161ia si prec\u00edtila v srdci v\u0161etky muky svojho Syna: Vypros n\u00e1m hrie\u0161nym silu, aby sme bez reptania zn\u00e1\u0161ali \u017eivotn\u00e9 \u0165a\u017ekosti ako pok\u00e1nie za sp\u00e1chan\u00e9 hriechy a aby sme sa v bud\u00facnosti vyh\u00fdbali hriechu. Amen.<\/p>\n<h1>Druh\u00fd desiatok<\/h1>\n<p class=\"ruzenec_center\"> <img decoding=\"async\" src=\"wp-content\/static_images\/ruzenec_bolestny_2.jpeg\"> Zdravas\u00b4, M\u00e1ria, milostipln\u00e1, P\u00e1n s Tebou, po\u017eehnan\u00e1 si medzi \u017eenami a po\u017eehnan\u00fd je plod \u017eivota Tvojho, Je\u017ei\u0161,<br class=\"ruzenec\"> <strong>ktor\u00fd bol pre n\u00e1s bi\u010dovan\u00fd.<\/strong><br class=\"ruzenec\"> Sv\u00e4t\u00e1 M\u00e1ria, matka Bo\u017eia, pros za n\u00e1s hrie\u0161nych, teraz i v hodinu smrti na\u0161ej. Amen.<\/p>\n<p class=\"ruzenec\"> <em>Rozj\u00edmaj:<\/em> Vojaci na Pil\u00e1tov rozkaz vyzliekli Je\u017ei\u0161a zo \u0161iat a priviazali ho k st\u013apu. Potom ho nemilosrdne bi\u010dovali. Jeho najsv\u00e4tej\u0161ie telo bolo cel\u00e9 pokryt\u00e9 ranami a zaliate krvou. Pri poh\u013eade na zbi\u010dovan\u00e9ho Je\u017ei\u0161a rozhodni sa um\u0155tvova\u0165 svoje telo. Nie s hnevom a z nen\u00e1visti, ale preto, \u017ee chce\u0161, aby v\u0161etky tvoje telesn\u00e9 schopnosti sl\u00fa\u017eili Bohu na oslavu a nie tebe na z\u00e1hubu.  P\u00e1n Je\u017ei\u0161 povedal: &#8222;Ak \u0165a zv\u00e1dza na hriech tvoje prav\u00e9 oko, vyl\u00fap ho a odho\u010f od seba, lebo je pre teba lep\u0161ie, ak zahynie jeden z tvojich \u00fadov, ako keby sa malo cel\u00e9 tvoje telo dosta\u0165 do pekla&#8220; (Mt 5,29).<\/p>\n<p class=\"ruzenec\"> <em>Modlime sa:<\/em> Pane Je\u017ei\u0161u, ty si bol pre na\u0161e hriechy hrozne bi\u010dovan\u00fd na celom tele; daj n\u00e1m \u00faprimn\u00e9 slzy \u013e\u00fatosti a pok\u00e1nia, aby sme sa od hriechov o\u010distili a pre hrozn\u00e9 muky tvojho bi\u010dovania cel\u00e9 na\u0161e telo sa stalo mravnou \u010distotou podobnej\u0161ie tvojmu. Sedembolestn\u00e1 Matka zbi\u010dovan\u00e9ho Je\u017ei\u0161a, vypros n\u00e1m l\u00e1sku k mravnej \u010distote, aby sme Bohu sl\u00fa\u017eili \u010dist\u00fdm telom a \u013e\u00fabili sa mu nepo\u0161kvrnen\u00fdm srdcom. Amen.<\/p>\n<h1>Tret\u00ed desiatok<\/h1>\n<p class=\"ruzenec_center\"> <img decoding=\"async\" src=\"wp-content\/static_images\/ruzenec_bolestny_3.jpeg\"> Zdravas\u00b4, M\u00e1ria, milostipln\u00e1, P\u00e1n s Tebou, po\u017eehnan\u00e1 si medzi \u017eenami a po\u017eehnan\u00fd je plod \u017eivota Tvojho, Je\u017ei\u0161,<br class=\"ruzenec\"> <strong>ktor\u00fd bol pre n\u00e1s t\u0155n\u00edm korunovan\u00fd.<\/strong><br class=\"ruzenec\"> Sv\u00e4t\u00e1 M\u00e1ria, matka Bo\u017eia, pros za n\u00e1s hrie\u0161nych, teraz i v hodinu smrti na\u0161ej. Amen.<\/p>\n<p class=\"ruzenec\"> <em>Rozj\u00edmaj:<\/em> Pil\u00e1tovi vojaci uplietli z pich\u013eav\u00e9ho t\u0155nia korunu a vtla\u010dili ju P\u00e1nu Je\u017ei\u0161ovi na hlavu. Na posmech ho obliekli do \u0161arl\u00e1tov\u00e9ho pl\u00e1\u0161\u0165a ako kr\u00e1\u013ea, do r\u00fak mu dali namiesto \u017eezla trstinu a posme\u0161ne sa mu kla\u0148ali. Opravdiv\u00fd P\u00e1n sveta pokorne zn\u00e1\u0161a toto poni\u017euj\u00face utrpenie. Ko\u013ek\u00ed \u013eudia zapieraj\u00fa Krista, nev\u0161\u00edmaj\u00fa si jeho u\u010denie, len aby dostali od \u013eud\u00ed chv\u00ed\u013ekov\u00fa korunu sl\u00e1vy.  Opravdiv\u00fa korunu neporu\u0161ite\u013enej sl\u00e1vy v\u0161ak m\u00f4\u017ee da\u0165 iba Boh.  T\u00e1to koruna na py\u0161nej hlave nesed\u00ed. Boh sa py\u0161n\u00fdm protiv\u00ed.<\/p>\n<p class=\"ruzenec\"> <em>Modlime sa:<\/em> T\u0155n\u00edm korunovan\u00fd Je\u017ei\u0161u, s \u00factou sa ti klaniame, aby sme od\u010dinili posme\u0161ky Pil\u00e1tov\u00fdch vojakov a v\u0161etky hriechy na\u0161ej p\u00fdchy a m\u00e1rnivosti. Nedopus\u0165, aby n\u00e1s z cesty tvojho z\u00e1kona zviedol strach pred \u013eudskou potupou, cti\u017eiados\u0165, sebal\u00e1ska alebo t\u00fa\u017eba zap\u00e1\u010di\u0165 sa \u013eu\u010fom. Sedembolestn\u00e1 Matka t\u0155n\u00edm korunovan\u00e9ho Je\u017ei\u0161a, vypros n\u00e1m jasn\u00e9 poznanie, \u017ee ako z\u00e1rodkom ka\u017ed\u00e9ho hriechu je p\u00fdcha, tak z\u00e1kladom na\u0161ej \u010dnosti je pon\u00ed\u017eenos\u0165, aby sme mohli sl\u00fa\u017ei\u0165 Bohu \u010dnostn\u00fdm \u017eivotom a zasl\u00fa\u017ei\u0165 si neporu\u0161ite\u013en\u00fd veniec sl\u00e1vy. Amen.<\/p>\n<h1>\u0160tvrt\u00fd desiatok<\/h1>\n<p class=\"ruzenec_center\"> <img decoding=\"async\" src=\"wp-content\/static_images\/ruzenec_bolestny_4.jpeg\"> Zdravas\u00b4, M\u00e1ria, milostipln\u00e1, P\u00e1n s Tebou, po\u017eehnan\u00e1 si medzi \u017eenami a po\u017eehnan\u00fd je plod \u017eivota Tvojho, Je\u017ei\u0161,<br class=\"ruzenec\"> <strong>ktor\u00fd pre n\u00e1s kr\u00ed\u017e niesol.<\/strong><br class=\"ruzenec\"> Sv\u00e4t\u00e1 M\u00e1ria, matka Bo\u017eia, pros za n\u00e1s hrie\u0161nych, teraz i v hodinu smrti na\u0161ej. Amen.<\/p>\n<p class=\"ruzenec\"> <em>Rozj\u00edmaj:<\/em> Pil\u00e1t vydal Je\u017ei\u0161a \u017didom, aby ho ukri\u017eovali. Vysilen\u00fd Je\u017ei\u0161 si musel nies\u0165 na popravisko potupn\u00e9 drevo kr\u00ed\u017ea. Bolo to ve\u013ek\u00e9 pon\u00ed\u017eenie pre nevinne ods\u00faden\u00e9ho Krista. Po tejto prvej kr\u00ed\u017eovej ceste ka\u017ed\u00e1 kr\u00ed\u017eov\u00e1 cesta, pre\u017eit\u00e1 v spojen\u00ed s Kristom, sa st\u00e1va cestou kr\u00e1\u013eovskou, nie cestou potupy. Ako sme v\u0161etci povolan\u00ed do ve\u010dnej sl\u00e1vy, tak sme v\u0161etci vyzvan\u00ed kr\u00e1\u010da\u0165 kr\u00ed\u017eovou cestou. P\u00e1n Je\u017ei\u0161 povedal:&#8220;Kto chce \u00eds\u0165 za mnou, nech zaprie s\u00e1m seba, vezme ka\u017ed\u00fd de\u0148 svoj kr\u00ed\u017e a nasleduje ma&#8220; (Lk 9, 23).<\/p>\n<p class=\"ruzenec\"> <em>Modlime sa:<\/em> Pane Je\u017ei\u0161u, ty si vzal na ramen\u00e1 \u0165archu v\u0161etk\u00fdch na\u0161ich hriechov.  Ako bar\u00e1nok, ticho a trpezlivo si niesol na Kalv\u00e1riu kr\u00ed\u017e, na ktorom si potom zomrel pre na\u0161e spasenie; ude\u013e n\u00e1m milos\u0165, aby sme sa ka\u017ed\u00fd de\u0148 sp\u00e1jali s tebou, zn\u00e1\u0161aj\u00fac s l\u00e1skavou trpezlivos\u0165ou v\u0161etky \u0165a\u017ekosti v\u0161edn\u00e9ho \u017eivota a k\u00e1\u010daj\u00fac za tebou st\u00e1vali sme sa ka\u017ed\u00fd de\u0148 dokonalej\u0161\u00edmi. Sedembolestn\u00e1 Matka ods\u00faden\u00e9ho Je\u017ei\u0161a, tebe nech\u00fdbala odvaha stretn\u00fa\u0165 sa s Je\u017ei\u0161om na kr\u00ed\u017eovej ceste; vypros n\u00e1m podobnej odhodlanosti, aby sme spod n\u00e1\u0161ho ka\u017edodenn\u00e9ho kr\u00ed\u017ea nikdy neutiekli. Amen.<\/p>\n<h1>Piaty desiatok<\/h1>\n<p class=\"ruzenec_center\"> <img decoding=\"async\" src=\"wp-content\/static_images\/ruzenec_bolestny_5.jpeg\"> Zdravas\u00b4, M\u00e1ria, milostipln\u00e1, P\u00e1n s Tebou, po\u017eehnan\u00e1 si medzi \u017eenami a po\u017eehnan\u00fd je plod \u017eivota Tvojho, Je\u017ei\u0161,<br class=\"ruzenec\"> <strong>ktor\u00fd bol pre n\u00e1s ukri\u017eovan\u00fd.<\/strong><br class=\"ruzenec\"> Sv\u00e4t\u00e1 M\u00e1ria, matka Bo\u017eia, pros za n\u00e1s hrie\u0161nych, teraz i v hodinu smrti na\u0161ej. Amen.<\/p>\n<p class=\"ruzenec\"> <em>Rozj\u00edmaj:<\/em> Ke\u010f P\u00e1n Je\u017ei\u0161 vy\u0161iel na Kalv\u00e1riu, vojaci z neho nemilosrdne strhli \u0161aty a pribili ho na kr\u00ed\u017e. Pod kr\u00ed\u017eom st\u00e1la Panna M\u00e1ria a apo\u0161tol sv. J\u00e1n. Je\u017ei\u0161 povedal Matke: &#8222;H\u013ea, tvoj syn.&#8220; Sv. J\u00e1novi povedal: &#8222;H\u013ea, tvoja matka.&#8220; T\u00fdmito slovami n\u00e1m dal P\u00e1n Je\u017ei\u0161 najsv\u00e4tej\u0161iu Pannu za Matku. Bu\u010f v\u010fa\u010dn\u00fd P\u00e1nu Je\u017ei\u0161ovi za tento ve\u013ekolep\u00fd dar. Miluj Pannu M\u00e1riu ako najdobrotivej\u0161iu Matku. Nezab\u00fadaj, \u017ee slovensk\u00fd n\u00e1rod uctieva Sedembolestn\u00fa Pannu ako svoju hlavn\u00fa Patr\u00f3nku.<\/p>\n<p class=\"ruzenec\"> <em>Modlime sa:<\/em> Pane Je\u017ei\u0161u Kriste, pros\u00edme, nech u tvojej l\u00e1skavosti oroduje za n\u00e1s blahoslaven\u00e1 Panna M\u00e1ria, tvoja Matka a na\u0161a Patr\u00f3nka, ktorej presv\u00e4t\u00fa du\u0161u v hodine tvojho umu\u010denia prenikol me\u010d bolesti, aby sme pod jej ochranou prem\u00e1hali v\u0161etky protivenstv\u00e1 na zemi a radovali sa z ve\u010dn\u00e9ho spolo\u010denstva s tou najdrah\u0161ou matkou v nebi. Amen. &#8222;Sv\u00e4t\u00e1 Matka, Krista rany, ktor\u00fdmi bol dor\u00e1\u0148an\u00fd, hlboko mi v srdce vtla\u010d.<\/p>\n<\/div>\n","protected":false},"excerpt":{"rendered":"<p>Prv\u00fd desiatok Zdravas\u00b4, M\u00e1ria, milostipln\u00e1, P\u00e1n s Tebou, po\u017eehnan\u00e1 si medzi \u017eenami a po\u017eehnan\u00fd je plod \u017eivota Tvojho, Je\u017ei\u0161, ktor\u00fd sa pre n\u00e1s krvou potil. Sv\u00e4t\u00e1 M\u00e1ria, matka Bo\u017eia, pros za n\u00e1s hrie\u0161nych, teraz&#46;&#46;&#46;<\/p>\n","protected":false},"author":1,"featured_media":0,"parent":0,"menu_order":0,"comment_status":"closed","ping_status":"closed","template":"","meta":{"ngg_post_thumbnail":0},"_links":{"self":[{"href":"https:\/\/www.skmisia.ch\/index.php?rest_route=\/wp\/v2\/pages\/9970"}],"collection":[{"href":"https:\/\/www.skmisia.ch\/index.php?rest_route=\/wp\/v2\/pages"}],"about":[{"href":"https:\/\/www.skmisia.ch\/index.php?rest_route=\/wp\/v2\/types\/page"}],"author":[{"embeddable":true,"href":"https:\/\/www.skmisia.ch\/index.php?rest_route=\/wp\/v2\/users\/1"}],"replies":[{"embeddable":true,"href":"https:\/\/www.skmisia.ch\/index.php?rest_route=%2Fwp%2Fv2%2Fcomments&post=9970"}],"version-history":[{"count":16,"href":"https:\/\/www.skmisia.ch\/index.php?rest_route=\/wp\/v2\/pages\/9970\/revisions"}],"predecessor-version":[{"id":10012,"href":"https:\/\/www.skmisia.ch\/index.php?rest_route=\/wp\/v2\/pages\/9970\/revisions\/10012"}],"wp:attachment":[{"href":"https:\/\/www.skmisia.ch\/index.php?rest_route=%2Fwp%2Fv2%2Fmedia&parent=9970"}],"curies":[{"name":"wp","href":"https:\/\/api.w.org\/{rel}","templated":true}]}}