{"id":9391,"date":"2019-05-08T10:24:50","date_gmt":"2019-05-08T09:24:50","guid":{"rendered":"https:\/\/www.skmisia.ch\/?page_id=9391"},"modified":"2022-02-24T16:14:44","modified_gmt":"2022-02-24T15:14:44","slug":"basel","status":"publish","type":"page","link":"https:\/\/www.skmisia.ch\/?page_id=9391","title":{"rendered":"Basel"},"content":{"rendered":"\n<p><strong>Sv om\u0161e sa sl\u00e1via:<\/strong><\/p>\n\n\n\n<p><strong>Kostol <a rel=\"noreferrer noopener\" href=\"https:\/\/www.google.ch\/maps\/place\/Allerheiligen\/@47.548223,7.568532,17z\/data=!3m1!4b1!4m2!3m1!1s0x4791b8fb8528649f:0xd13b51d724ac329d?hl=sk\" target=\"_blank\">Allerheiligen, Neubadstrasse 95 \u2013 4054 Basel<\/a><\/strong><\/p>\n\n\n\n<p>spravidla prv\u00fa a tretiu nede\u013eu v mesiaci o 17,30 hod .<\/p>\n\n\n\n<p>Sviatos\u0165 zmierenia m\u00f4\u017eete prija\u0165 pol hodinu pred sv. om\u0161ou. <\/p>\n\n\n\n<p>Kedy bude sv. om\u0161a si, pros\u00edm, overte v <a href=\"https:\/\/www.skmisia.ch\/?calendar=co-sa-deje-na-skm\">kalend\u00e1ri.<\/a><\/p>\n\n\n\n<p>Ku kostolu sa dostanete elektri\u010dkou \u010d. 8, zast\u00e1vka Laupenring.<\/p>\n\n\n\n<p>Po sv. om\u0161i sa zvykneme stretn\u00fa\u0165 v pri\u013eahl\u00fdch priestoroch pastora\u010dn\u00e9ho centra na spolo\u010densk\u00e9 posedenie.<\/p>\n","protected":false},"excerpt":{"rendered":"<p>Sv om\u0161e sa sl\u00e1via: Kostol Allerheiligen, Neubadstrasse 95 \u2013 4054 Basel spravidla prv\u00fa a tretiu nede\u013eu v mesiaci o 17,30 hod . Sviatos\u0165 zmierenia m\u00f4\u017eete prija\u0165 pol hodinu pred sv. om\u0161ou. Kedy bude sv.&#46;&#46;&#46;<\/p>\n","protected":false},"author":3,"featured_media":0,"parent":0,"menu_order":0,"comment_status":"closed","ping_status":"closed","template":"","meta":{"ngg_post_thumbnail":0},"_links":{"self":[{"href":"https:\/\/www.skmisia.ch\/index.php?rest_route=\/wp\/v2\/pages\/9391"}],"collection":[{"href":"https:\/\/www.skmisia.ch\/index.php?rest_route=\/wp\/v2\/pages"}],"about":[{"href":"https:\/\/www.skmisia.ch\/index.php?rest_route=\/wp\/v2\/types\/page"}],"author":[{"embeddable":true,"href":"https:\/\/www.skmisia.ch\/index.php?rest_route=\/wp\/v2\/users\/3"}],"replies":[{"embeddable":true,"href":"https:\/\/www.skmisia.ch\/index.php?rest_route=%2Fwp%2Fv2%2Fcomments&post=9391"}],"version-history":[{"count":9,"href":"https:\/\/www.skmisia.ch\/index.php?rest_route=\/wp\/v2\/pages\/9391\/revisions"}],"predecessor-version":[{"id":12141,"href":"https:\/\/www.skmisia.ch\/index.php?rest_route=\/wp\/v2\/pages\/9391\/revisions\/12141"}],"wp:attachment":[{"href":"https:\/\/www.skmisia.ch\/index.php?rest_route=%2Fwp%2Fv2%2Fmedia&parent=9391"}],"curies":[{"name":"wp","href":"https:\/\/api.w.org\/{rel}","templated":true}]}}