{"id":9265,"date":"2019-04-02T16:24:41","date_gmt":"2019-04-02T15:24:41","guid":{"rendered":"https:\/\/www.skmisia.ch\/?page_id=9265"},"modified":"2026-03-10T11:53:55","modified_gmt":"2026-03-10T10:53:55","slug":"zurich","status":"publish","type":"page","link":"https:\/\/www.skmisia.ch\/?page_id=9265","title":{"rendered":"Z\u00fcrich"},"content":{"rendered":"\n<p><strong>Nede\u013en\u00e9 sv. om\u0161e<\/strong> b\u00fdvaj\u00fa spravidla <strong> v nede\u013eu&nbsp;o 9:30<\/strong> (okrem piatej nedele v masiaci, ak tak\u00fdto pr\u00edpad nastane) v krypte kostola Liebfrauen na <a rel=\"noreferrer noopener\" href=\"https:\/\/www.google.ch\/maps\/place\/Liebfrauen\/@47.3796145,8.544494,19z\/data=!3m1!4b1!4m5!3m4!1s0x0:0x1968d84246609259!8m2!3d47.3796145!4d8.5450412?hl=sk&amp;authuser=0\" target=\"_blank\">&nbsp;Weinbergstrasse 34, Z\u00fcrich<\/a>. Spoved\u00e1 sa od 9:00 hod do 9:20 hod . Verejnou dopravou vyst\u00fapte na zast\u00e1vke Haldenegg, alebo pe\u0161o z Central (cca 5 min), pr\u00edpadne z HB (cca 10 min). Parkovacie miesta sa v nede\u013eu n\u00e1jdu lep\u0161ie, ako cez pracovn\u00e9 dni, no miesta nie s\u00fa vyhraden\u00e9 pre kostol, preto treba h\u013eada\u0165 verejn\u00e9 miesta.<br><\/p>\n\n\n<div class=\"wp-block-image\">\n<figure class=\"alignleft\"><a href=\"https:\/\/www.skmisia.ch\/wp-content\/uploads\/2014\/03\/Don-Bosco-Kirche.jpg\" target=\"_blank\" rel=\"noreferrer noopener\"><img decoding=\"async\" loading=\"lazy\" width=\"150\" height=\"150\" src=\"https:\/\/www.skmisia.ch\/wp-content\/uploads\/2014\/03\/Don-Bosco-Kirche-150x150.jpg\" alt=\"Don Bosco Kirche\" class=\"wp-image-7186\" srcset=\"https:\/\/www.skmisia.ch\/wp-content\/uploads\/2014\/03\/Don-Bosco-Kirche-150x150.jpg 150w, https:\/\/www.skmisia.ch\/wp-content\/uploads\/2014\/03\/Don-Bosco-Kirche-160x160.jpg 160w\" sizes=\"(max-width: 150px) 100vw, 150px\" \/><\/a><\/figure><\/div>\n\n\n<p><strong>Sv. om\u0161a<\/strong>  b\u00fdva spravidla tie\u017e vo <strong>\u0161tvrtok&nbsp;o&nbsp;19:00&nbsp;<a rel=\"noreferrer noopener\" href=\"https:\/\/www.google.ch\/maps\/place\/Feldstrasse+109,+8004+Z%C3%BCrich\/@47.3791546,8.5212046,17z\/data=!3m1!4b1!4m13!1m7!3m6!1s0x47900a170ce97585:0xd544724c608a49af!2sFeldstrasse+109,+8004+Z%C3%BCrich!3b1!8m2!3d47.3791546!4d8.5233933!3m4!1s0x47900a170ce97585:0xd544724c608a49af!8m2!3d47.3791546!4d8.5233933?hl=sk&amp;authuser=0\" target=\"_blank\">v&nbsp;kostole&nbsp;<\/a><\/strong><a rel=\"noreferrer noopener\" href=\"https:\/\/www.google.ch\/maps\/place\/Feldstrasse+109,+8004+Z%C3%BCrich\/@47.3791546,8.5212046,17z\/data=!3m1!4b1!4m13!1m7!3m6!1s0x47900a170ce97585:0xd544724c608a49af!2sFeldstrasse+109,+8004+Z%C3%BCrich!3b1!8m2!3d47.3791546!4d8.5233933!3m4!1s0x47900a170ce97585:0xd544724c608a49af!8m2!3d47.3791546!4d8.5233933?hl=sk&amp;authuser=0\" target=\"_blank\"><strong>sv. J\u00e1na Boska<\/strong> (Don Bosco Kirche -Talianska misia), Feldstr. 109<\/a>. \u2013 z hl. \u017eelezni\u010dnej stanice sa d\u00e1 pr\u00eds\u0165 trolejbusom \u010d. 31. Je to piata zast\u00e1vka (smer Bahnhof Altstetten)- \u201eBaeckeranlage\u201c. S autom je mo\u017en\u00e9 parkova\u0165 na farskom dvore, vjazd z&nbsp; Hohlstr. 100. Po sv. om\u0161i b\u00fdva stretnutie veriacich.\n<p>Pred sv. om\u0161ou vo \u0161tvrtok b\u00fdvaj\u00fa <strong>biblick\u00e9 stretnutia o 17:30  v pastora\u010dn\u00fdch priestoroch pri kostole<\/strong>. V \u010dase od 16:00 do 17:00 je mo\u017enos\u0165 stretnutia s mision\u00e1rom po predch\u00e1dzaj\u00facom dohovore.<\/p>\n\n\n<div class=\"wp-block-image\">\n<figure class=\"alignright\"><a href=\"https:\/\/www.skmisia.ch\/wp-content\/uploads\/2014\/03\/Krypta-Liebfrauen.jpg\" target=\"_blank\" rel=\"noreferrer noopener\"><img decoding=\"async\" loading=\"lazy\" width=\"150\" height=\"150\" src=\"https:\/\/www.skmisia.ch\/wp-content\/uploads\/2014\/03\/Krypta-Liebfrauen-150x150.jpg\" alt=\"Krypta-Liebfrauen\" class=\"wp-image-7188\" srcset=\"https:\/\/www.skmisia.ch\/wp-content\/uploads\/2014\/03\/Krypta-Liebfrauen-150x150.jpg 150w, https:\/\/www.skmisia.ch\/wp-content\/uploads\/2014\/03\/Krypta-Liebfrauen-160x160.jpg 160w\" sizes=\"(max-width: 150px) 100vw, 150px\" \/><\/a><\/figure><\/div>\n\n\n<p>Ka\u017ed\u00fd&nbsp;<strong>prv\u00fd piatok<\/strong> v mesiaci&nbsp;o&nbsp;<strong>19:00<\/strong> hod. b\u00fdva poklona pred Najsv. Sviatos\u0165ou &nbsp;olt\u00e1rnou v krypte kostola Liebfrauen. N\u00e1sledne po poklone je sv. om\u0161a so za\u010diatkom o 19:30 hod . Sviatos\u0165 zmierenia sa vysluhuje v \u010dase 19:00 &#8211; 19:25 hod .<\/p>\n\n\n\n<p><strong>Detsk\u00e1 om\u0161a <\/strong>b\u00fdva spravidla tretiu nede\u013eu v mesiaci o 11:00 v<strong> <a rel=\"noreferrer noopener\" href=\"https:\/\/www.google.ch\/maps\/place\/Liebfrauen\/@47.3796145,8.544494,19z\/data=!3m1!4b1!4m5!3m4!1s0x0:0x1968d84246609259!8m2!3d47.3796145!4d8.5450412?hl=sk&amp;authuser=0\" target=\"_blank\">krypte kostola Liebfrauen v Z\u00fcrichu<\/a>. <\/strong><\/p>\n\n\n\n<p><strong>Aktu\u00e1lny presn\u00fd rozpis bohoslu\u017eieb si pozrite v<a href=\"https:\/\/www.skmisia.ch\/?calendar=co-sa-deje-na-skm\"> kalend\u00e1ri<\/a><\/strong><\/p>\n","protected":false},"excerpt":{"rendered":"<p>Nede\u013en\u00e9 sv. om\u0161e b\u00fdvaj\u00fa spravidla v nede\u013eu&nbsp;o 9:30 (okrem piatej nedele v masiaci, ak tak\u00fdto pr\u00edpad nastane) v krypte kostola Liebfrauen na &nbsp;Weinbergstrasse 34, Z\u00fcrich. Spoved\u00e1 sa od 9:00 hod do 9:20 hod .&#46;&#46;&#46;<\/p>\n","protected":false},"author":3,"featured_media":0,"parent":0,"menu_order":0,"comment_status":"closed","ping_status":"closed","template":"","meta":{"ngg_post_thumbnail":0},"_links":{"self":[{"href":"https:\/\/www.skmisia.ch\/index.php?rest_route=\/wp\/v2\/pages\/9265"}],"collection":[{"href":"https:\/\/www.skmisia.ch\/index.php?rest_route=\/wp\/v2\/pages"}],"about":[{"href":"https:\/\/www.skmisia.ch\/index.php?rest_route=\/wp\/v2\/types\/page"}],"author":[{"embeddable":true,"href":"https:\/\/www.skmisia.ch\/index.php?rest_route=\/wp\/v2\/users\/3"}],"replies":[{"embeddable":true,"href":"https:\/\/www.skmisia.ch\/index.php?rest_route=%2Fwp%2Fv2%2Fcomments&post=9265"}],"version-history":[{"count":23,"href":"https:\/\/www.skmisia.ch\/index.php?rest_route=\/wp\/v2\/pages\/9265\/revisions"}],"predecessor-version":[{"id":16279,"href":"https:\/\/www.skmisia.ch\/index.php?rest_route=\/wp\/v2\/pages\/9265\/revisions\/16279"}],"wp:attachment":[{"href":"https:\/\/www.skmisia.ch\/index.php?rest_route=%2Fwp%2Fv2%2Fmedia&parent=9265"}],"curies":[{"name":"wp","href":"https:\/\/api.w.org\/{rel}","templated":true}]}}