{"id":9257,"date":"2019-04-01T20:21:03","date_gmt":"2019-04-01T19:21:03","guid":{"rendered":"https:\/\/www.skmisia.ch\/?page_id=9257"},"modified":"2024-09-25T20:52:50","modified_gmt":"2024-09-25T18:52:50","slug":"st-gallen","status":"publish","type":"page","link":"https:\/\/www.skmisia.ch\/?page_id=9257","title":{"rendered":"St. Gallen"},"content":{"rendered":"\n<p>Sv. om\u0161e b\u00fdvaj\u00fa v kaplnke sv. Wiborady, t\u00e1to sa nach\u00e1dza zo zadnej strany farsk\u00e9ho kostola <a href=\"https:\/\/goo.gl\/maps\/9iduLrTM12zfnx7BA\">Herz Jesu Kirche<\/a> St. Georgen, St. Georgenstrasse.  Verejnou dopravou sa ku kostolu dostanete od \u017eelezni\u010dnej stanice St.  Gallen autobusom \u010d. 6,  vyst\u00fapi\u0165 na zast\u00e1vke Kirche St. Georgen.<\/p>\n\n\n\n<p>Sv. om\u0161a b\u00fdva prv\u00fa sobotu v mesiaci a za\u010d\u00edna <strong> o 17,00 hod<\/strong> . Sviatos\u0165 zmierenia pol hodinu pred sv. om\u0161ou.<\/p>\n\n\n\n<p class=\"has-very-dark-gray-color has-very-light-gray-background-color has-text-color has-background\">D\u00e1tum sv. om\u0161e si m\u00f4\u017eete overi\u0165 v <a href=\"https:\/\/www.skmisia.ch\/?calendar=co-sa-deje-na-skm\">kalend\u00e1ri<\/a>, alebo mailom na adrese: mari.renshaw@gmail.com<\/p>\n\n\n\n<p><\/p>\n\n\n\n<p><\/p>\n\n\n\n<p><\/p>\n\n\n\n<p><br><\/p>\n","protected":false},"excerpt":{"rendered":"<p>Sv. om\u0161e b\u00fdvaj\u00fa v kaplnke sv. Wiborady, t\u00e1to sa nach\u00e1dza zo zadnej strany farsk\u00e9ho kostola Herz Jesu Kirche St. Georgen, St. Georgenstrasse. Verejnou dopravou sa ku kostolu dostanete od \u017eelezni\u010dnej stanice St. Gallen autobusom&#46;&#46;&#46;<\/p>\n","protected":false},"author":3,"featured_media":0,"parent":0,"menu_order":0,"comment_status":"closed","ping_status":"closed","template":"","meta":{"ngg_post_thumbnail":0},"_links":{"self":[{"href":"https:\/\/www.skmisia.ch\/index.php?rest_route=\/wp\/v2\/pages\/9257"}],"collection":[{"href":"https:\/\/www.skmisia.ch\/index.php?rest_route=\/wp\/v2\/pages"}],"about":[{"href":"https:\/\/www.skmisia.ch\/index.php?rest_route=\/wp\/v2\/types\/page"}],"author":[{"embeddable":true,"href":"https:\/\/www.skmisia.ch\/index.php?rest_route=\/wp\/v2\/users\/3"}],"replies":[{"embeddable":true,"href":"https:\/\/www.skmisia.ch\/index.php?rest_route=%2Fwp%2Fv2%2Fcomments&post=9257"}],"version-history":[{"count":50,"href":"https:\/\/www.skmisia.ch\/index.php?rest_route=\/wp\/v2\/pages\/9257\/revisions"}],"predecessor-version":[{"id":15260,"href":"https:\/\/www.skmisia.ch\/index.php?rest_route=\/wp\/v2\/pages\/9257\/revisions\/15260"}],"wp:attachment":[{"href":"https:\/\/www.skmisia.ch\/index.php?rest_route=%2Fwp%2Fv2%2Fmedia&parent=9257"}],"curies":[{"name":"wp","href":"https:\/\/api.w.org\/{rel}","templated":true}]}}