{"id":898,"date":"2014-03-29T16:54:55","date_gmt":"2014-03-29T15:54:55","guid":{"rendered":"https:\/\/www.skmisia.ch\/?page_id=898"},"modified":"2025-11-29T19:17:02","modified_gmt":"2025-11-29T18:17:02","slug":"misijny-informator","status":"publish","type":"page","link":"https:\/\/www.skmisia.ch\/?page_id=898","title":{"rendered":"Misijn\u00fd inform\u00e1tor a Kres\u0165ansk\u00e9 m\u00e9di\u00e1"},"content":{"rendered":"<p><span style=\"color: #ff0000;\"><strong>Aktu\u00e1lne \u010d\u00edslo:<\/strong><\/span><\/p>\n<p><a href=\"https:\/\/www.skmisia.ch\/wp-content\/uploads\/2025\/11\/MI_2025_03.pdf\">Misijn\u00fd inform\u00e1tor 3-2025<\/a><\/p>\n<p>Ak chcete dost\u00e1va\u0165 Misijn\u00fd inform\u00e1tor v tla\u010denej forme po\u0161tou, zmeni\u0165 svoju adresu, alebo presta\u0165 odobera\u0165 Misijn\u00fd inform\u00e1tor v tla\u010denej forme, vypl\u0148te <a href=\"https:\/\/docs.google.com\/forms\/d\/e\/1FAIpQLScdyUqv9xbyDDGzR25Z6td4Se75jgRy4VLpqzJXGT5csRkDHw\/viewform\" target=\"_blank\" rel=\"noopener noreferrer\">tento formul\u00e1r<\/a>.<\/p>\n<p>Ak chcete odobera\u0165 Misijn\u00fd inform\u00e1tor v elektronickej forme, po\u0161lite mail na <a href=\"mailto:informator%2bsubscribe@skmisia.ch\">informator+subscribe@skmisia.ch<\/a>.<\/p>\n<p>&nbsp;<\/p>\n<p>Star\u0161ie \u010d\u00edsla:\u200b<\/p>\n<p><a href=\"https:\/\/www.skmisia.ch\/wp-content\/uploads\/2025\/07\/MI_2025_02_web.pdf\">Misijn\u00fd inform\u00e1tor 2-2025<\/a><\/p>\n<p><a href=\"https:\/\/www.skmisia.ch\/wp-content\/uploads\/2025\/11\/MI_2025_01_web.pdf\">Misijn\u00fd inform\u00e1tor 1-2025<\/a><\/p>\n<p><a href=\"https:\/\/www.skmisia.ch\/wp-content\/uploads\/2024\/11\/MI_2024_02_web.pdf\">Misijn\u00fd inform\u00e1tor 2-2024<\/a><\/p>\n<p><a href=\"https:\/\/www.skmisia.ch\/wp-content\/uploads\/2024\/08\/MI_2024_01_final_web.pdf\">Misijn\u00fd inform\u00e1tor 1-2024<\/a><\/p>\n<p><a href=\"https:\/\/www.skmisia.ch\/wp-content\/uploads\/2024\/01\/MI_2023_03_v03.pdf\">Misijn\u00fd inform\u00e1tor 3-2023<\/a><\/p>\n<p><a href=\"https:\/\/www.skmisia.ch\/wp-content\/uploads\/2023\/08\/MI_2023_02_WEBv02.pdf\">Misijn\u00fd inform\u00e1tor 2-2023<\/a><\/p>\n<p><a href=\"https:\/\/www.skmisia.ch\/wp-content\/uploads\/2023\/04\/MI_2023_01_web.pdf\">Misijn\u00fd inform\u00e1tor 1-2023<\/a><\/p>\n<p><a href=\"https:\/\/www.skmisia.ch\/wp-content\/uploads\/2022\/12\/MI_2022_02_web.pdf\">Misijn\u00fd inform\u00e1tor 2-2022<\/a><\/p>\n<p><a href=\"https:\/\/www.skmisia.ch\/wp-content\/uploads\/2022\/07\/MI_2022_01_WEB.pdf\">Misijn\u00fd inform\u00e1tor 1-2022<\/a><\/p>\n<p><a href=\"https:\/\/www.skmisia.ch\/wp-content\/uploads\/2021\/12\/MI_2021_02_v01_WEB.pdf\">Misijn\u00fd inform\u00e1tor 2-2021<\/a><\/p>\n<p><a href=\"https:\/\/www.skmisia.ch\/wp-content\/uploads\/2021\/06\/MI_2021_01_WEB.pdf\">Misijn\u00fd inform\u00e1tor 1-2021<\/a><\/p>\n<p><a href=\"https:\/\/www.skmisia.ch\/wp-content\/uploads\/2020\/12\/MI_2020_03_WEB.pdf\">Misijn\u00fd inform\u00e1tor 3-2020<\/a><\/p>\n<p><a href=\"https:\/\/www.skmisia.ch\/wp-content\/uploads\/2020\/07\/MI_2020_02_web.pdf\">Misijn\u00fd inform\u00e1tor 2-2020<\/a><\/p>\n<p><a href=\"https:\/\/www.skmisia.ch\/wp-content\/uploads\/2020\/02\/MI_2020_01_v02_web.pdf\">Misijn\u00fd inform\u00e1tor 1-2020<\/a><\/p>\n<p><a href=\"https:\/\/www.skmisia.ch\/wp-content\/uploads\/2019\/10\/MI_2019_03_web.pdf\">Misijn\u00fd inform\u00e1tor 3-2019<\/a><\/p>\n<p><span style=\"color: #0000ff;\"><a style=\"color: #0000ff;\" href=\"https:\/\/www.skmisia.ch\/wp-content\/uploads\/2018\/03\/Misijn\u00fd-inform\u00e1tor-2-2019.pdf\" target=\"_blank\" rel=\"noopener noreferrer\">Misijn\u00fd inform\u00e1tor 2-2019<\/a><\/span><\/p>\n<p><span style=\"color: #0000ff;\"><a style=\"color: #0000ff;\" href=\"https:\/\/www.skmisia.ch\/wp-content\/uploads\/2018\/03\/Misijn\u00fd-inform\u00e1tor-2-2018.pdf\" target=\"_blank\" rel=\"noopener noreferrer\">Misijn\u00fd inform\u00e1tor 2-2018<\/a><\/span><\/p>\n<p><span style=\"color: #0000ff;\"><a style=\"color: #0000ff;\" href=\"https:\/\/www.skmisia.ch\/wp-content\/uploads\/2017\/11\/Misijn\u00fd-inform\u00e1tor-1-2018.pdf\" target=\"_blank\" rel=\"noopener noreferrer\">Misijn\u00fd inform\u00e1tor 1-2018<\/a><\/span><\/p>\n<p><span style=\"color: #0000ff;\"><a style=\"color: #0000ff;\" href=\"https:\/\/www.skmisia.ch\/wp-content\/uploads\/2014\/03\/Misijn\u00fd-inform\u00e1tor-3-2017.pdf\" target=\"_blank\" rel=\"noopener noreferrer\">Misijn\u00fd inform\u00e1tor 3-2017<\/a><\/span><\/p>\n<p><span style=\"color: #0000ff;\"><a style=\"color: #0000ff;\" href=\"https:\/\/www.skmisia.ch\/wp-content\/uploads\/2014\/03\/MI_2017_02_web.pdf\" target=\"_blank\" rel=\"noopener noreferrer\">Misijn\u00fd inform\u00e1tor 2-<\/a><a style=\"color: #0000ff;\" href=\"https:\/\/www.skmisia.ch\/wp-content\/uploads\/2014\/03\/MI_2017_02_web.pdf\">2017<\/a><\/span><\/p>\n<p><span style=\"color: #0000ff;\"><a style=\"color: #0000ff;\" href=\"https:\/\/www.skmisia.ch\/wp-content\/uploads\/2014\/03\/Misijn\u00fd-inform\u00e1tor-1-2017.pdf\" target=\"_blank\" rel=\"noopener noreferrer\">Misijn\u00fd inform\u00e1tor 1-2017<\/a><\/span><\/p>\n<p><span style=\"color: #0000ff;\"><a style=\"color: #0000ff;\" href=\"https:\/\/www.skmisia.ch\/wp-content\/uploads\/2016\/08\/Misijn\u00fd-inform\u00e1tor-3-2016.pdf\" target=\"_blank\" rel=\"noopener noreferrer\">Misijny-informator-3-2016<\/a><\/span><\/p>\n<p><span style=\"color: #0000ff;\"><a style=\"color: #0000ff;\" href=\"https:\/\/www.skmisia.ch\/wp-content\/uploads\/2014\/03\/Misijn\u00fd-inform\u00e1tor-2-2016.pdf\">Misijn\u00fd inform\u00e1tor 2-2016<\/a><\/span><\/p>\n<p><span style=\"color: #0000ff;\"><a style=\"color: #0000ff;\" href=\"https:\/\/www.skmisia.ch\/wp-content\/uploads\/2014\/03\/Misijn\u00fd-inform\u00e1tor-1-2016.pdf\">Misijn\u00fd inform\u00e1tor 1-2016<\/a><\/span><\/p>\n<p><span style=\"color: #0000ff;\"><a style=\"color: #0000ff;\" href=\"https:\/\/www.skmisia.ch\/wp-content\/uploads\/2014\/03\/Misijn\u00fd-inform\u00e1tor-3-2015.pdf\" target=\"_blank\" rel=\"noopener noreferrer\">Misijn\u00fd inform\u00e1tor 3-2015<\/a><\/span><\/p>\n<p><span style=\"color: #0000ff;\"><a style=\"color: #0000ff;\" href=\"https:\/\/www.skmisia.ch\/wp-content\/uploads\/2014\/03\/Misijn\u00fd-inform\u00e1tor-2-2015.pdf\">Misijn\u00fd inform\u00e1tor 2 -2015<\/a><\/span><\/p>\n<p><span style=\"color: #0000ff;\"><a style=\"color: #0000ff;\" href=\"https:\/\/www.skmisia.ch\/wp-content\/uploads\/2014\/03\/Misijn\u00fd-inform\u00e1tor-1-2015.pdf\">Misijn\u00fd inform\u00e1tor 1-2015<\/a><\/span><\/p>\n<p><span style=\"color: #0000ff;\"><a style=\"color: #0000ff;\" href=\"https:\/\/www.skmisia.ch\/wp-content\/uploads\/2014\/03\/Misijn\u00fd-inform\u00e1tor-3-2014.pdf\">Misijn\u00fd inform\u00e1tor 3-2014<\/a><\/span><\/p>\n<p><span style=\"color: #0000ff;\"><a style=\"color: #0000ff;\" href=\"https:\/\/www.skmisia.ch\/wp-content\/uploads\/2014\/03\/Misijn\u00fd-inform\u00e1tor-2-2014.pdf\">Misijn\u00fd inform\u00e1tor 2-2014<\/a><\/span><\/p>\n<p><span style=\"color: #0000ff;\"><a style=\"color: #0000ff;\" href=\"https:\/\/www.skmisia.ch\/wp-content\/uploads\/2014\/03\/Misijn\u00fd-inform\u00e1tor-1-2014.pdf\">Misijn\u00fd inform\u00e1tor 1-2014<\/a><\/span><\/p>\n<p><span style=\"color: #0000ff;\"><a style=\"color: #0000ff;\" href=\"https:\/\/www.skmisia.ch\/wp-content\/uploads\/2014\/03\/Misijn\u00fd-inform\u00e1tor-4-2013.pdf\">Misijn\u00fd inform\u00e1tor 4-2013<\/a><\/span><\/p>\n","protected":false},"excerpt":{"rendered":"<p>Aktu\u00e1lne \u010d\u00edslo: Misijn\u00fd inform\u00e1tor 3-2025 Ak chcete dost\u00e1va\u0165 Misijn\u00fd inform\u00e1tor v tla\u010denej forme po\u0161tou, zmeni\u0165 svoju adresu, alebo presta\u0165 odobera\u0165 Misijn\u00fd inform\u00e1tor v tla\u010denej forme, vypl\u0148te tento formul\u00e1r. Ak chcete odobera\u0165 Misijn\u00fd inform\u00e1tor v&#46;&#46;&#46;<\/p>\n","protected":false},"author":1,"featured_media":0,"parent":0,"menu_order":0,"comment_status":"open","ping_status":"open","template":"","meta":{"ngg_post_thumbnail":0},"_links":{"self":[{"href":"https:\/\/www.skmisia.ch\/index.php?rest_route=\/wp\/v2\/pages\/898"}],"collection":[{"href":"https:\/\/www.skmisia.ch\/index.php?rest_route=\/wp\/v2\/pages"}],"about":[{"href":"https:\/\/www.skmisia.ch\/index.php?rest_route=\/wp\/v2\/types\/page"}],"author":[{"embeddable":true,"href":"https:\/\/www.skmisia.ch\/index.php?rest_route=\/wp\/v2\/users\/1"}],"replies":[{"embeddable":true,"href":"https:\/\/www.skmisia.ch\/index.php?rest_route=%2Fwp%2Fv2%2Fcomments&post=898"}],"version-history":[{"count":60,"href":"https:\/\/www.skmisia.ch\/index.php?rest_route=\/wp\/v2\/pages\/898\/revisions"}],"predecessor-version":[{"id":16109,"href":"https:\/\/www.skmisia.ch\/index.php?rest_route=\/wp\/v2\/pages\/898\/revisions\/16109"}],"wp:attachment":[{"href":"https:\/\/www.skmisia.ch\/index.php?rest_route=%2Fwp%2Fv2%2Fmedia&parent=898"}],"curies":[{"name":"wp","href":"https:\/\/api.w.org\/{rel}","templated":true}]}}