{"id":8594,"date":"2018-07-28T16:05:27","date_gmt":"2018-07-28T15:05:27","guid":{"rendered":"https:\/\/www.skmisia.ch\/?page_id=8594"},"modified":"2022-12-15T12:11:00","modified_gmt":"2022-12-15T11:11:00","slug":"ruzencova-ruza-skm","status":"publish","type":"page","link":"https:\/\/www.skmisia.ch\/?page_id=8594","title":{"rendered":"Modlitbov\u00e9 spolo\u010denstv\u00e1"},"content":{"rendered":"<p><span style=\"color: #333333;\"><strong>Spolo\u010denstvo ru\u017eenca:<\/strong><\/span><\/p>\n<p>Z\u00e1ujemcovia o individu\u00e1lne a predsa spolo\u010dn\u00e9 modlenie sa posv\u00e4tn\u00e9ho ru\u017eenca sa m\u00f4\u017eu zapoji\u0165 do spolo\u010denstva modlitby, pri\u010dom sa zav\u00e4zuj\u00fa denne pomodli\u0165 aspo\u0148 desiatok ru\u017eenca. Zahl\u00e1si\u0165 sa m\u00f4\u017eete u Betky: alzbetkax@googlemail.com<\/p>\n<p>&nbsp;<\/p>\n<p><span style=\"color: #333333;\"><a href=\"https:\/\/www.skmisia.ch\/?page_id=9986\">Ru\u017eencov\u00e1 ru\u017ea SKM \u2013 radostn\u00fd ru\u017eenec<\/a><\/span><\/p>\n<p><span style=\"color: #333333;\"><a href=\"https:\/\/www.skmisia.ch\/?page_id=9970\">Ru\u017eencov\u00e1 ru\u017ea SKM \u2013 bolestn\u00fd ru\u017eenec<\/a><\/span><\/p>\n<p><span style=\"color: #333333;\"><a href=\"https:\/\/www.skmisia.ch\/?page_id=9988\">Ru\u017eencov\u00e1 ru\u017ea SKM \u2013 sl\u00e1vnostn\u00fd ru\u017eenec<\/a><\/span><\/p>\n<p><span style=\"color: #333333;\"><a href=\"https:\/\/www.skmisia.ch\/?page_id=9992\">Ru\u017eencov\u00e1 ru\u017ea SKM \u2013 ru\u017eenec svetla<\/a><\/span><\/p>\n\n\n<h4><strong>Modlitby matiek<\/strong><\/h4>\n\n\n\n<p><strong>Poz\u00fdvame V\u00e1s na stretnutia v modlitb\u00e1ch a zdielan\u00ed. Pr\u00ed\u010fte a spolo\u010dne m\u00f4\u017eeme zahrn\u00fa\u0165 do modlitieb na\u0161e deti i rodiny. Stretnutia sa konaj\u00fa v na\u0161ich dom\u00e1cnostiach pod\u013ea dohovoru skupiny, zvy\u010dajne v dopolud\u0148aj\u0161\u00edch hodin\u00e1ch.<\/strong><\/p>\n\n\n\n<p><strong>\u2026\u201clebo kde s\u00fa dvaja alebo traja zhroma\u017eden\u00ed v mojom mene, tam som ja medzi nimi.\u201c (Mt 18,20)<\/strong><\/p>\n\n\n\n<p>Modlitby matiek maj\u00fa bohat\u00fa hist\u00f3riu a te\u0161ia sa z\u00e1ujmu&nbsp; matiek po celom svete. I slovensk\u00e9 maminky \u017eij\u00face vo \u0160vaj\u010diarsku maj\u00fa potrebu sa spolo\u010dne streta\u0165 v modlitbe, \u010fakova\u0165 a prosi\u0165 za svoje rodiny.&nbsp; <\/p>\n\n\n\n<p><strong>Matky sa stret\u00e1vaj\u00fa:<\/strong><\/p>\n\n\n\n<p><strong>St. Gallen:<\/strong> raz mesa\u010dne, zvy\u010dajne v utorok. Kontakt: M\u00e1ria: mari.renshaw@gmail.com<\/p>\n\n\n\n<p><strong> Cham-Hedingen-Adliswil:<\/strong> stretnutia pod\u013ea dohovoru, kontakt: \u013dubka: lubomira44@gmail.com<\/p>\n\n\n\n<p>Cie\u013eom modlitebnej skupiny je porozumie\u0165 &nbsp;tomu, &nbsp;\u010do P\u00e1n chce ka\u017edej jednej z n\u00e1s osobitne poveda\u0165. Navz\u00e1jom si nerad\u00edme, ale v\u0161etky probl\u00e9my vklad\u00e1me do modlitby. O d\u00f4vernostiach, ktor\u00e9 prednes\u00fa matky pri modlitbe, nehovor\u00edme mimo skupinky.<\/p>\n\n\n\n<p>Modlitby matiek s\u00fa otvoren\u00e9 pre v\u0161etky \u017eeny, v ka\u017edom veku, tie ktor\u00e9 s\u00fa matkami, ale i bezdetn\u00e9, tehotn\u00e9 \u010di d\u00fafaj\u00face v materstvo, pre man\u017eelky, ktor\u00e9 sa chc\u00fa modli\u0165 za man\u017eela a svoje rodiny.<\/p>\n\n\n\n<p>Z hist\u00f3rie spolo\u010denstva:<\/p>\n\n\n\n<p>Modlitby matiek<\/p>\n\n\n\n<p>Hnutie Modlitby matiek vzniklo v auguste 1995,&nbsp; na katol\u00edckej charizmatickej konferencii \u201eNov\u00fd \u00fasvit\u201c vo Walsinghame, ktor\u00fa organizuje komunita Princa Pokoja Dve star\u00e9 mamy Veronika a Sandra za\u010dali odovzd\u00e1va\u0165 v modlitbe svoje deti do Je\u017ei\u0161ov\u00fdch r\u00fak vo ve\u013ekej d\u00f4vere, \u017ee On m\u00f4\u017ee zmeni\u0165 chod vec\u00ed. Nap\u00edsali o tejto modlitbe len svojim zn\u00e1mym. Bez akejko\u013evek reklamy sa tieto modlitby roz\u0161\u00edrili do cel\u00e9ho sveta. V apr\u00edli roku 1996 sa aj na Slovensku za\u010dali dve matky modli\u0165 za svoje deti. Onedlho vznikli viacer\u00e9 skupinky MM.<\/p>\n\n\n\n<p>Spiritualita MM je spiritualita \u017eivota Panny M\u00e1rie. Matky s\u00fa pozvan\u00e9 \u017ei\u0165 \u017eivot pod\u013ea pr\u00edkladu \u017eivota Panny M\u00e1rie, \u017eivot modlitby, odovzdanosti, d\u00f4very, l\u00e1sky, trpezlivosti. Nesmieme radi\u0165 a ohov\u00e1ra\u0165. Matky svoje probl\u00e9my vkladaj\u00fa do modlitby a prosia P\u00e1na Je\u017ei\u0161a o Jeho poh\u013ead a rie\u0161enie. Matky odovzd\u00e1vaj\u00fa do r\u00fak P\u00e1na Je\u017ei\u0161a svoje deti s ve\u013ekou d\u00f4verou, \u017ee On ich miluje najviac a len On vid\u00ed aj v skrytosti. Matky sa stret\u00e1vaj\u00fa v mal\u00fdch skupink\u00e1ch dve a\u017e osem matiek, jedenkr\u00e1t v t\u00fd\u017edni, v\u017edy v ten ist\u00fd de\u0148 a v t\u00fa ist\u00fa hodinu. Tak vznik\u00e1 nepretr\u017eit\u00fd re\u0165azec modlitieb matiek na celom svete. Len na Slovensku s\u00fa modlitbami matiek pokryt\u00e9 v\u0161etky dni v t\u00fd\u017edni od r\u00e1na od piatej hodiny do neskor\u00e9ho ve\u010dera.<br>Dnes sa v na\u0161ej krajine modlia tis\u00edce matiek v mal\u00fdch skupink\u00e1ch. Odpove\u010fou na Modlitby matiek bol vznik komunity \u00datecha, do ktorej patria okrem skup\u00edn Modlitieb matiek aj skupinky Modlitieb otcov a Det\u00ed viery. Otcovia biskupi zo v\u0161etk\u00fdch diec\u00e9z vyjadrili spokojnos\u0165 s ovoc\u00edm MM, ktor\u00e9 vidia vo svojich diec\u00e9zach, a dali&nbsp; svoje po\u017eehnanie pre \u010fal\u0161ie p\u00f4sobenie. Vo svojich listoch vyjadrili rados\u0165 so vznikom Modlitieb otcov.<\/p>\n\n\n\n<p>Od roku 1997 sa na Slovensku kon\u00e1 ka\u017ed\u00fd rok na jar ve\u013ek\u00e9 stretnutia MM. Ka\u017ed\u00fd \u0161tvr\u0165rok sa matky z MM stret\u00e1vaj\u00fa na modlitbovom trojdn\u00ed, ktor\u00e9 sa v rovnakom \u010dase kon\u00e1 na celom svete. S\u00fa to modlitby odprosenia, odpustenia a modlitby chv\u00e1l. Tieto modlitby s\u00fa otvoren\u00e9 pre v\u0161etk\u00fdch \u013eud\u00ed dobrej v\u00f4le.<\/p>\n\n\n\n<p>MM s\u00fa dnes v 106 krajin\u00e1ch cel\u00e9ho sveta. Od roku 1999 sa ka\u017ed\u00fd rok kon\u00e1 konferencia koordin\u00e1toriek MM z cel\u00e9ho sveta.<\/p>\n\n\n\n<p>Viac info na www.modlitbymatiek.sk<\/p>\n","protected":false},"excerpt":{"rendered":"<p>Spolo\u010denstvo ru\u017eenca: Z\u00e1ujemcovia o individu\u00e1lne a predsa spolo\u010dn\u00e9 modlenie sa posv\u00e4tn\u00e9ho ru\u017eenca sa m\u00f4\u017eu zapoji\u0165 do spolo\u010denstva modlitby, pri\u010dom sa zav\u00e4zuj\u00fa denne pomodli\u0165 aspo\u0148 desiatok ru\u017eenca. Zahl\u00e1si\u0165 sa m\u00f4\u017eete u Betky: alzbetkax@googlemail.com &nbsp; Ru\u017eencov\u00e1&#46;&#46;&#46;<\/p>\n","protected":false},"author":3,"featured_media":0,"parent":0,"menu_order":0,"comment_status":"closed","ping_status":"closed","template":"","meta":{"ngg_post_thumbnail":0},"_links":{"self":[{"href":"https:\/\/www.skmisia.ch\/index.php?rest_route=\/wp\/v2\/pages\/8594"}],"collection":[{"href":"https:\/\/www.skmisia.ch\/index.php?rest_route=\/wp\/v2\/pages"}],"about":[{"href":"https:\/\/www.skmisia.ch\/index.php?rest_route=\/wp\/v2\/types\/page"}],"author":[{"embeddable":true,"href":"https:\/\/www.skmisia.ch\/index.php?rest_route=\/wp\/v2\/users\/3"}],"replies":[{"embeddable":true,"href":"https:\/\/www.skmisia.ch\/index.php?rest_route=%2Fwp%2Fv2%2Fcomments&post=8594"}],"version-history":[{"count":11,"href":"https:\/\/www.skmisia.ch\/index.php?rest_route=\/wp\/v2\/pages\/8594\/revisions"}],"predecessor-version":[{"id":13594,"href":"https:\/\/www.skmisia.ch\/index.php?rest_route=\/wp\/v2\/pages\/8594\/revisions\/13594"}],"wp:attachment":[{"href":"https:\/\/www.skmisia.ch\/index.php?rest_route=%2Fwp%2Fv2%2Fmedia&parent=8594"}],"curies":[{"name":"wp","href":"https:\/\/api.w.org\/{rel}","templated":true}]}}