{"id":790,"date":"2014-03-12T23:52:16","date_gmt":"2014-03-12T22:52:16","guid":{"rendered":"https:\/\/www.skmisia.ch\/?page_id=790"},"modified":"2023-12-22T14:45:26","modified_gmt":"2023-12-22T13:45:26","slug":"manzelstvo","status":"publish","type":"page","link":"https:\/\/www.skmisia.ch\/?page_id=790","title":{"rendered":"MAN\u017dELSTVO"},"content":{"rendered":"<p><span style=\"color: #333333;\">Mil\u00ed sn\u00fabenci!<\/span><\/p>\n<p><span style=\"color: #333333;\">Gratulujeme V\u00e1m k rozhodnutiu uzavrie\u0165 sviatostn\u00e9 man\u017eelstvo.<\/span><\/p>\n<p>Man\u017eelstvo po\u017e\u00edva v o\u010diach kres\u0165anstva ve\u013ek\u00fa \u00factu, preto sa Cirkev sna\u017e\u00ed venova\u0165 pr\u00edprave na man\u017eelstvo n\u00e1le\u017eit\u00fa pozornos\u0165.<\/p>\n<p><span style=\"color: #333333;\">Aby V\u00e1m Slovensk\u00e1 katol\u00edcka misia mohla vyjs\u0165 v \u00fastrety pri pr\u00edprave na man\u017eelstvo, <span style=\"text-decoration: underline;\">je potrebn\u00e9 po\u017eiada\u0165 o mo\u017enos\u0165 pr\u00edpravy<\/span> <span style=\"text-decoration: underline;\">dostato\u010dne vopred<\/span>. Pr\u00edpravu na man\u017eelstvo je mo\u017en\u00e9 absolvova\u0165 pochopite\u013ene aj na Slovensku, alebo vo Va\u0161ej miestnej farnosti vo \u0160vaj\u010diarsku.<\/span><\/p>\n<p>Nezabudnite, pros\u00edm, \u017ee pokia\u013e \u00famyselne preb\u00fdvate na niektorom mieste dlh\u0161ie ako tri mesiace (kv\u00f4li pr\u00e1ci, &#8230;), st\u00e1vate sa farn\u00edkmi v mieste tohoto V\u00e1\u0161ho pobytu. Ak sa ale rozhodnete vysl\u00fa\u017ei\u0165 si sviatos\u0165 man\u017eelstva na Slovensku (\u010di inom mieste mimo vlastnej farnosti), budete k tomu potrebova\u0165 p\u00edsomn\u00fd s\u00fahlas miestnej farnosti, teda bu\u010f farnosti &#8222;\u0161vaj\u010diarskej&#8220;, alebo od misie (misia zah\u0155\u0148a terit\u00f3rium cel\u00e9ho \u0160vaj\u010diarska). Toto potvrdenie sa vyd\u00e1va iba osobne, pokia\u013e sa nez\u00fa\u010dast\u0148ujete \u017eivota misie, pros\u00edm, \u017eiadajte povolenie vo farnosti, ktorej ste s\u00fa\u010das\u0165ou.<\/p>\n<p>Pokia\u013e m\u00e1te v pl\u00e1ne sob\u00e1\u0161 na Slovensku, je potrebn\u00e9 sp\u00edsa\u0165 v danej farnosti sob\u00e1\u0161a z\u00e1pisnicu minim\u00e1lne tri mesiace vopred. K nej budete potrebova\u0165 preukaz toto\u017enosti, rodn\u00fd list, krstn\u00fd list, potvrdenie o pr\u00edprave (alebo ju absolvujete priamo na Slovensku) a s\u00fahlas so sob\u00e1\u0161om mimo \u00fazemia vlastnej farnosti (vi\u010f vy\u0161\u0161ie). Na Slovensku je cirkevn\u00fd sob\u00e1\u0161 uzn\u00e1van\u00fd \u0161t\u00e1tom, preto budete musie\u0165 nav\u0161t\u00edvi\u0165 aj miestne org\u00e1ny \u0161t\u00e1tnej spr\u00e1vy a vyp\u00edsa\u0165 aj &#8222;\u0161t\u00e1tnu&#8220; z\u00e1pisnicu (pokia\u013e e\u0161te nie ste civilne man\u017eelmi). V pr\u00edpade rozdielnosti konfesie (jeden z p\u00e1ru je z inej cirkvi, alebo bez vyznania; neplat\u00ed pre gr\u00e9cko-katol\u00edkov) je potrebn\u00e9 po\u017eiada\u0165 o mo\u017enos\u0165 mie\u0161an\u00e9ho sob\u00e1\u0161a &#8211; v takom pr\u00edpade treba spravidla sp\u00edsa\u0165 z\u00e1pisnicu tu vo \u0160vaj\u010diarsku a overen\u00fa biskupsk\u00fdm \u00faradom zasla\u0165 do farnosti sob\u00e1\u0161a. V pr\u00edpade, ak jeden z partnerov nie je katol\u00edk a nepredklad\u00e1 k \u017eiadosti krstn\u00fd list z katol\u00edckej farnosti, je potrebn\u00e9 dolo\u017ei\u0165 potvrdenie o skuto\u010dnosti, \u017ee je slobodn\u00fd.<\/p>\n<p>Pokia\u013e sa rozhodnete pre sob\u00e1\u0161 vo \u0160vaj\u010diarsku, je potrebn\u00e9, aby ste uzavreli najsk\u00f4r sob\u00e1\u0161 civiln\u00fd, nako\u013eko \u0161vaj\u010diarske predpisy neuzn\u00e1vaj\u00fa cirkevn\u00fd sob\u00e1\u0161 za civilne platn\u00fd. To m\u00f4\u017eete urobi\u0165 na Slovensku a prinies\u0165 \u00faradne prelo\u017een\u00e9 potvrdenie o sob\u00e1\u0161i, alebo po\u017eiada\u0165 o civiln\u00fd sob\u00e1\u0161 vo obci, kde b\u00fdvate. Sob\u00e1\u0161 na na\u0161om zastupite\u013eskom \u00farade vo \u0160vaj\u010diarsku nie je mo\u017en\u00fd.<\/p>\n<p><span style=\"color: #333333;\">Program pr\u00edpravy na na\u0161ej misii m\u00e1 nasleduj\u00facu \u0161trukt\u00faru:<\/span><\/p>\n<p><span style=\"color: #333333;\">Predman\u017eelsk\u00e1 pr\u00edprava obsahuje: <\/span><\/p>\n<p><span style=\"color: #333333;\">jedno \u0161tvorhodinov\u00e9 stretnutie s k\u0148azom (K)<\/span><\/p>\n<p><span style=\"color: #333333;\">jedno celodenn\u00e9 stretnutie s man\u017eelsk\u00fdm p\u00e1rom (M)<\/span><\/p>\n<p><span style=\"color: #333333;\">1 prosoci\u00e1lna aktivita<\/span><\/p>\n<p><span style=\"color: #333333;\">Obsah pr\u00edpravy:&nbsp;<\/span><\/p>\n<p><span style=\"color: #ff0000;\"><strong>*&nbsp; stretnutie s k\u0148azom:&nbsp;<\/strong><\/span><\/p>\n<div>\n<p>&#8211; Cirkevno-pr\u00e1vne podmienky pre uzavretie man\u017eelstva + \u00favod do sviatost\u00ed Cirkvi, povolanie k man\u017eelstvu, man\u017eelstvo ako Bo\u017e\u00ed pl\u00e1n, predpoklady dobr\u00e9ho man\u017eelstva, sviatos\u0165 man\u017eelstva + obrad sviatosti man\u017eelstva<\/p>\n<p><span style=\"color: #ff0000;\"><strong>*&nbsp; celodenn\u00e9 stretnutie s man\u017eelmi<\/strong> &#8211;<\/span> toto stretnutie je s man\u017eelsk\u00fdmi p\u00e1rmi. Obsahom je povolanie k man\u017eelstvu, \u013eudsk\u00e1 plodnos\u0165, l\u00e1ska, komunik\u00e1cia, rodi\u010dovstvo, mravnos\u0165&#8230;&nbsp;<\/p>\n<p><span style=\"color: #ff0000;\"><strong>* 1 prosoci\u00e1lna slu\u017eba pre misijn\u00e9 spolo\u010denstvo<\/strong><strong>:<\/strong><\/span><\/p>\n<p>Nako\u013eko Slovensk\u00e1 Katol\u00edcka misia poskytuje duchovn\u00e9 slu\u017eby pre veriacich patriacich do n\u00e1\u0161ho spolo\u010denstva, budeme radi, ak n\u00e1s, mil\u00ed sn\u00fabenci, bli\u017e\u0161ie spozn\u00e1te a prispejete jednou slu\u017ebou pre spolo\u010dn\u00e9 dobro. T\u00fato slu\u017ebu m\u00f4\u017eete vykona\u0165 na Vami zvolenom mieste n\u00e1\u0161ho misijn\u00e9ho p\u00f4sobenia a v slu\u017ebe, ktor\u00e1 V\u00e1m je bl\u00edzka, \u010di pr\u00edpadne sa slu\u017ebou zapoj\u00edte u\u017e do jestvuj\u00facich \u010dinnost\u00ed (t\u00fato mo\u017enos\u0165 m\u00e1te na ka\u017edom mieste stretania sa&nbsp; na\u0161ej misie (Bazilej, Bern, St. Gallen, Lausanne, Z\u00fcrich, \u017deneva) pri spolo\u010dnom stretnut\u00ed.<\/p>\n<\/div>\n<p><strong>Prihl\u00e1si\u0165 sa na predman\u017eelsk\u00fa n\u00e1uku mo\u017eno na webovej str\u00e1nke www.snubenci.ch .<\/strong> Tam n\u00e1jdete aj pon\u00fakan\u00e9 stretnutia s mo\u017enos\u0165ou prihl\u00e1si\u0165 sa na niektor\u00e9 zo stretnut\u00ed.<\/p>\n<p>Presn\u00e9 d\u00e1tumy stretnut\u00ed s\u00fa tie\u017e k nahliadnutiu aj v kalend\u00e1ri.<\/p>\n<div><em><span style=\"line-height: 1.5em;\"><span style=\"color: #993300;\">Potvrdenie o absolvovan\u00ed pr\u00edpravy je mo\u017en\u00e9 vystavi\u0165 <strong>a\u017e po absolvovan\u00ed v\u0161etk\u00fdch stretnut\u00ed &#8211; cel\u00e9ho kurzu<\/strong>.&nbsp;<\/span><\/span><\/em><\/div>\n","protected":false},"excerpt":{"rendered":"<p>Mil\u00ed sn\u00fabenci! Gratulujeme V\u00e1m k rozhodnutiu uzavrie\u0165 sviatostn\u00e9 man\u017eelstvo. Man\u017eelstvo po\u017e\u00edva v o\u010diach kres\u0165anstva ve\u013ek\u00fa \u00factu, preto sa Cirkev sna\u017e\u00ed venova\u0165 pr\u00edprave na man\u017eelstvo n\u00e1le\u017eit\u00fa pozornos\u0165. Aby V\u00e1m Slovensk\u00e1 katol\u00edcka misia mohla vyjs\u0165 v&#46;&#46;&#46;<\/p>\n","protected":false},"author":4,"featured_media":0,"parent":0,"menu_order":0,"comment_status":"open","ping_status":"closed","template":"","meta":{"ngg_post_thumbnail":0},"_links":{"self":[{"href":"https:\/\/www.skmisia.ch\/index.php?rest_route=\/wp\/v2\/pages\/790"}],"collection":[{"href":"https:\/\/www.skmisia.ch\/index.php?rest_route=\/wp\/v2\/pages"}],"about":[{"href":"https:\/\/www.skmisia.ch\/index.php?rest_route=\/wp\/v2\/types\/page"}],"author":[{"embeddable":true,"href":"https:\/\/www.skmisia.ch\/index.php?rest_route=\/wp\/v2\/users\/4"}],"replies":[{"embeddable":true,"href":"https:\/\/www.skmisia.ch\/index.php?rest_route=%2Fwp%2Fv2%2Fcomments&post=790"}],"version-history":[{"count":93,"href":"https:\/\/www.skmisia.ch\/index.php?rest_route=\/wp\/v2\/pages\/790\/revisions"}],"predecessor-version":[{"id":14552,"href":"https:\/\/www.skmisia.ch\/index.php?rest_route=\/wp\/v2\/pages\/790\/revisions\/14552"}],"wp:attachment":[{"href":"https:\/\/www.skmisia.ch\/index.php?rest_route=%2Fwp%2Fv2%2Fmedia&parent=790"}],"curies":[{"name":"wp","href":"https:\/\/api.w.org\/{rel}","templated":true}]}}