{"id":787,"date":"2014-03-12T23:51:35","date_gmt":"2014-03-12T22:51:35","guid":{"rendered":"https:\/\/www.skmisia.ch\/?page_id=787"},"modified":"2022-08-17T21:20:36","modified_gmt":"2022-08-17T19:20:36","slug":"birmovka","status":"publish","type":"page","link":"https:\/\/www.skmisia.ch\/?page_id=787","title":{"rendered":"BIRMOVKA"},"content":{"rendered":"<p><span style=\"color: #333333;\">Sviatos\u0165 birmovania je vidite\u013en\u00fd znak, pri ktorom pokrsten\u00fd \u010dlovek dost\u00e1va dar Ducha Sv\u00e4t\u00e9ho, aby sa tesnej\u0161ie spojil s Cirkvou, aby bol slovom i skutkom Kristov\u00fdm svedkom a aby \u0161\u00edril a br\u00e1nil vieru.<\/span><\/p>\n<p><span style=\"color: #333333;\">Slovo birmovanie znamen\u00e1 posilnenie.<\/span><\/p>\n<p><span style=\"color: #333333;\">\u00dalohou birmovn\u00fdch rodi\u010dov je d\u00e1va\u0165 svojmu birmovn\u00e9mu die\u0165a\u0165u dobr\u00fd pr\u00edklad a pom\u00e1ha\u0165 mu v praktizovan\u00ed kres\u0165ansk\u00e9ho \u017eivota. Preto mus\u00ed by\u0165 birmovn\u00fd rodi\u010d pobirmovan\u00fd a \u017ei\u0165 z viery. M\u00f4\u017ee to by\u0165 aj krstn\u00fd rodi\u010d.<\/span><\/p>\n<p>&nbsp;<\/p>\n<address><span style=\"color: #333333;\"><em>Ak sme u\u017e prijali sviatos\u0165 birmovania, usilujme sa by\u0165 v\u017edy vern\u00fdmi u\u010den\u00edkmi a nasledova\u0165 P\u00e1na Je\u017ei\u0161a. Prehlbujme sa vo viere a \u017eime pod\u013ea nej. <\/em><\/span><\/address>\n<p>&nbsp;<\/p>\n<p><span style=\"color: #333333;\">Pr\u00edprava ku sviatosti birmovania sa uskuto\u010d\u0148uje pod\u013ea po\u010dtu z\u00e1ujemcov po dohode so spr\u00e1vcom SKM (otcom Pavlom). Pov\u00e4\u010d\u0161ine b\u00fdvaj\u00fa stretnutia spojen\u00e9 s nede\u013enou sv. om\u0161ou a prebiehaj\u00fa formou katechetick\u00fdch stretnut\u00ed. T\u00ed, ktor\u00ed maj\u00fa z\u00e1ujem o pr\u00edpravu ku sviatosti birmovania, nech sa osobne prihl\u00e1sia u otcova Pavla a prilo\u017eia vyplnen\u00fa a potvrden\u00fa ni\u017e\u0161ie uveden\u00fa prihl\u00e1\u0161ku (namiesto potvrdenia krstu na prihl\u00e1\u0161ke sa m\u00f4\u017ee prilo\u017ei\u0165 aktu\u00e1lny krstn\u00fd list) . Prihl\u00e1si\u0165 sa je potrebn\u00e9 v\u017edy do konca pr\u00e1zdnin (teda rok pred samotn\u00fdm vysluhovan\u00edm sviatosti birmovania), aby sa z\u00e1ujemcovia mohli \u00fa\u010dastni\u0165 na&nbsp; katech\u00e9zach po cel\u00fd \u0161kolsk\u00fd rok.<\/span><\/p>\n<p>&nbsp;<\/p>\n<p><a href=\"https:\/\/www.skmisia.ch\/wp-content\/uploads\/2022\/07\/prihlaska_na_sv_birmovania_2022.pdf\" target=\"_blank\" rel=\"noopener noreferrer\">PRIHL\u00c1\u0160KA NA BIRMOVKU<\/a><\/p>\n<p>&nbsp;<\/p>\n<p>Z Katechizmu Katol\u00edckej Cirkvi:<\/p>\n<p>KKC 1285 -\u2026 prijatie sviatosti birmovania je potrebn\u00e9 na dov\u0155\u0161enie krstnej milosti \u2026<\/p>\n<p>KKC 1293 &#8211; V obrade tejto sviatosti treba vzia\u0165 do \u00favahy znak <i>pomazania<\/i> a to, \u010do pomazanie znamen\u00e1 a vtl\u00e1\u010da &#8211;&nbsp; duchovn\u00fa pe\u010da\u0165 \u2026<\/p>\n<p>KKC 1296 &#8211; \u2026 T\u00e1to pe\u010da\u0165 Ducha Sv\u00e4t\u00e9ho znamen\u00e1, \u017ee kres\u0165an \u00faplne patr\u00ed Kristovi, \u017ee je nav\u017edy v jeho slu\u017ebe, ale aj to, \u017ee m\u00e1 pris\u013e\u00fabenie Bo\u017eej ochrany vo ve\u013ekej eschatologickej sk\u00fa\u0161ke.<\/p>\n<p>KKC 1304 &#8211; Birmovanie, takisto ako krst, ktor\u00e9ho je dov\u0155\u0161en\u00edm, sa ude\u013euje iba raz. Birmovanie toti\u017e vtl\u00e1\u010da do du\u0161e <em>nezmazate\u013en\u00fd duchovn\u00fd znak<\/em>, \u201echarakter\u201f, ktor\u00fd znamen\u00e1, \u017ee Je\u017ei\u0161 Kristus ozna\u010dil kres\u0165ana pe\u010da\u0165ou svojho Ducha a obdaril ho mocou z v\u00fdsosti, aby bol jeho svedkom.<\/p>\n<p>KKC 1310 \u2013 Na prijatie birmovania je potrebn\u00fd stav milosti. Birmovanec m\u00e1 prist\u00fapi\u0165 k sviatosti pok\u00e1nia, aby sa o\u010distil vzh\u013eadom na prijatie daru Ducha Sv\u00e4t\u00e9ho. Horlivej\u0161ia modlitba ho m\u00e1 pripravi\u0165, aby poslu\u0161ne a ochotne prijal silu a milosti Ducha Sv\u00e4t\u00e9ho.<\/p>\n<p>KKC 1311 \u2013 Pre birmovanie, takisto ako pre krst, maj\u00fa kandid\u00e1ti h\u013eada\u0165 duchovn\u00fa pomoc <em>birmovn\u00e9ho otca<\/em> alebo <em>birmovnej matky<\/em>. Aby lep\u0161ie vynikla jednota oboch sviatost\u00ed, mala by to by\u0165 t\u00e1 ist\u00e1 osoba ako pri krste.<\/p>\n","protected":false},"excerpt":{"rendered":"<p>Sviatos\u0165 birmovania je vidite\u013en\u00fd znak, pri ktorom pokrsten\u00fd \u010dlovek dost\u00e1va dar Ducha Sv\u00e4t\u00e9ho, aby sa tesnej\u0161ie spojil s Cirkvou, aby bol slovom i skutkom Kristov\u00fdm svedkom a aby \u0161\u00edril a br\u00e1nil vieru. Slovo birmovanie&#46;&#46;&#46;<\/p>\n","protected":false},"author":3,"featured_media":0,"parent":0,"menu_order":0,"comment_status":"open","ping_status":"closed","template":"","meta":{"ngg_post_thumbnail":0},"_links":{"self":[{"href":"https:\/\/www.skmisia.ch\/index.php?rest_route=\/wp\/v2\/pages\/787"}],"collection":[{"href":"https:\/\/www.skmisia.ch\/index.php?rest_route=\/wp\/v2\/pages"}],"about":[{"href":"https:\/\/www.skmisia.ch\/index.php?rest_route=\/wp\/v2\/types\/page"}],"author":[{"embeddable":true,"href":"https:\/\/www.skmisia.ch\/index.php?rest_route=\/wp\/v2\/users\/3"}],"replies":[{"embeddable":true,"href":"https:\/\/www.skmisia.ch\/index.php?rest_route=%2Fwp%2Fv2%2Fcomments&post=787"}],"version-history":[{"count":17,"href":"https:\/\/www.skmisia.ch\/index.php?rest_route=\/wp\/v2\/pages\/787\/revisions"}],"predecessor-version":[{"id":13034,"href":"https:\/\/www.skmisia.ch\/index.php?rest_route=\/wp\/v2\/pages\/787\/revisions\/13034"}],"wp:attachment":[{"href":"https:\/\/www.skmisia.ch\/index.php?rest_route=%2Fwp%2Fv2%2Fmedia&parent=787"}],"curies":[{"name":"wp","href":"https:\/\/api.w.org\/{rel}","templated":true}]}}