{"id":784,"date":"2014-03-12T23:51:18","date_gmt":"2014-03-12T22:51:18","guid":{"rendered":"https:\/\/www.skmisia.ch\/?page_id=784"},"modified":"2022-06-24T14:49:49","modified_gmt":"2022-06-24T12:49:49","slug":"prve-sv-prijimanie-katecheza-deti","status":"publish","type":"page","link":"https:\/\/www.skmisia.ch\/?page_id=784","title":{"rendered":"PRV\u00c9 SV. PRIJ\u00cdMANIE + KATECH\u00c9ZA DET\u00cd"},"content":{"rendered":"<p><span style=\"color: #333333;\">Deti 3. ro\u010dn\u00edka z\u00e1kladnej \u0161koly sa po\u010das \u0161kolsk\u00e9ho roka pravidelne po nede\u013enej sv. om\u0161i pripravuj\u00fa na prijatie prv\u00e9ho sv\u00e4t\u00e9ho prij\u00edmania. Pr\u00edprava sa uskuto\u010d\u0148uje formou katech\u00e9z v skupinke. Predpokladom je z\u00e1ujem det\u00ed (rodi\u010dov) a dobrovo\u013en\u00edk\/dobrovo\u013en\u00ed\u010dka ktor\u00fd\/\u00e1 deti priprav\u00ed.<\/span><\/p>\n<p>Prihl\u00e1\u0161ky sa zbieraj\u00fa v\u017edy do konca j\u00fala na nasleduj\u00faci \u0161kolsk\u00fd rok, pros\u00edm zasla\u0165 na adresu misie. Spolu s prihl\u00e1\u0161kou treba posla\u0165 aj krstn\u00fd list die\u0165a\u0165a.<\/p>\n<p><strong>Z\u00fcrich:<\/strong> vi\u010f podstr\u00e1nku hlavn\u00e9ho menu Z\u00fcrich<\/p>\n<p>Katechizmus pon\u00fakame pre v\u0161etky deti, ktor\u00e9 sa pripravuj\u00fa na prijatie prv\u00e9ho sv\u00e4t\u00e9ho prij\u00edmania ako aj pre deti, ktor\u00e9 u\u017e boli na 1.sv.prij\u00edman\u00ed.<\/p>\n<p>&nbsp;<\/p>\n\n\n<p style=\"background-color:#f0e330\" class=\"has-background\">Prihl\u00e1\u0161ku si m\u00f4\u017eete stiahnu\u0165 tu: <a href=\"\/wp-content\/uploads\/2021\/04\/prihlaska_na_1sp.docx\">form\u00e1t docx<\/a>, <a href=\"\/wp-content\/uploads\/2021\/04\/prihlaska_na_1sp.pdf\">form\u00e1t pdf<\/a>.<\/p>\n","protected":false},"excerpt":{"rendered":"<p>Deti 3. ro\u010dn\u00edka z\u00e1kladnej \u0161koly sa po\u010das \u0161kolsk\u00e9ho roka pravidelne po nede\u013enej sv. om\u0161i pripravuj\u00fa na prijatie prv\u00e9ho sv\u00e4t\u00e9ho prij\u00edmania. Pr\u00edprava sa uskuto\u010d\u0148uje formou katech\u00e9z v skupinke. Predpokladom je z\u00e1ujem det\u00ed (rodi\u010dov) a dobrovo\u013en\u00edk\/dobrovo\u013en\u00ed\u010dka&#46;&#46;&#46;<\/p>\n","protected":false},"author":3,"featured_media":0,"parent":0,"menu_order":0,"comment_status":"open","ping_status":"closed","template":"","meta":{"ngg_post_thumbnail":0},"_links":{"self":[{"href":"https:\/\/www.skmisia.ch\/index.php?rest_route=\/wp\/v2\/pages\/784"}],"collection":[{"href":"https:\/\/www.skmisia.ch\/index.php?rest_route=\/wp\/v2\/pages"}],"about":[{"href":"https:\/\/www.skmisia.ch\/index.php?rest_route=\/wp\/v2\/types\/page"}],"author":[{"embeddable":true,"href":"https:\/\/www.skmisia.ch\/index.php?rest_route=\/wp\/v2\/users\/3"}],"replies":[{"embeddable":true,"href":"https:\/\/www.skmisia.ch\/index.php?rest_route=%2Fwp%2Fv2%2Fcomments&post=784"}],"version-history":[{"count":33,"href":"https:\/\/www.skmisia.ch\/index.php?rest_route=\/wp\/v2\/pages\/784\/revisions"}],"predecessor-version":[{"id":12825,"href":"https:\/\/www.skmisia.ch\/index.php?rest_route=\/wp\/v2\/pages\/784\/revisions\/12825"}],"wp:attachment":[{"href":"https:\/\/www.skmisia.ch\/index.php?rest_route=%2Fwp%2Fv2%2Fmedia&parent=784"}],"curies":[{"name":"wp","href":"https:\/\/api.w.org\/{rel}","templated":true}]}}