{"id":777,"date":"2014-03-12T23:50:15","date_gmt":"2014-03-12T22:50:15","guid":{"rendered":"https:\/\/www.skmisia.ch\/?page_id=777"},"modified":"2024-11-10T14:07:28","modified_gmt":"2024-11-10T13:07:28","slug":"sv-spoved","status":"publish","type":"page","link":"https:\/\/www.skmisia.ch\/?page_id=777","title":{"rendered":"SVIATOS\u0164 ZMIERENIA"},"content":{"rendered":"<p>Sviatos\u0165 zmierenia sa vysluhuje spravidla pol hodinu pred sv. om\u0161ou (pred ve\u013ek\u00fdmi sviatkami pod\u013ea dohody aj dlh\u0161ie). V pr\u00edpade potreby m\u00f4\u017eete po\u017eiada\u0165 k\u0148aza o sv. spove\u010f i po sv. om\u0161i. Nako\u013eko sa ale v niektor\u00fdch mest\u00e1ch nestret\u00e1vame ka\u017ed\u00fd t\u00fd\u017ede\u0148, pros\u00edm re\u0161pektujte, \u017ee chcem pobudn\u00fa\u0165 aj v rozhovore s veriacimi.<\/p>\n<p>V Z\u00fcrichu odpor\u00fa\u010dam, aby ste vyu\u017eili sv. om\u0161u vo \u0161tvrtok o 20,00 hod (Don Bosco Kirche), kedy sa spoved\u00e1 od 19:30 hod., pr\u00edpadne si dohodli individu\u00e1lne term\u00edn.<\/p>\n","protected":false},"excerpt":{"rendered":"<p>Sviatos\u0165 zmierenia sa vysluhuje spravidla pol hodinu pred sv. om\u0161ou (pred ve\u013ek\u00fdmi sviatkami pod\u013ea dohody aj dlh\u0161ie). V pr\u00edpade potreby m\u00f4\u017eete po\u017eiada\u0165 k\u0148aza o sv. spove\u010f i po sv. om\u0161i. Nako\u013eko sa ale v&#46;&#46;&#46;<\/p>\n","protected":false},"author":3,"featured_media":0,"parent":0,"menu_order":0,"comment_status":"open","ping_status":"closed","template":"","meta":{"ngg_post_thumbnail":0},"_links":{"self":[{"href":"https:\/\/www.skmisia.ch\/index.php?rest_route=\/wp\/v2\/pages\/777"}],"collection":[{"href":"https:\/\/www.skmisia.ch\/index.php?rest_route=\/wp\/v2\/pages"}],"about":[{"href":"https:\/\/www.skmisia.ch\/index.php?rest_route=\/wp\/v2\/types\/page"}],"author":[{"embeddable":true,"href":"https:\/\/www.skmisia.ch\/index.php?rest_route=\/wp\/v2\/users\/3"}],"replies":[{"embeddable":true,"href":"https:\/\/www.skmisia.ch\/index.php?rest_route=%2Fwp%2Fv2%2Fcomments&post=777"}],"version-history":[{"count":13,"href":"https:\/\/www.skmisia.ch\/index.php?rest_route=\/wp\/v2\/pages\/777\/revisions"}],"predecessor-version":[{"id":15455,"href":"https:\/\/www.skmisia.ch\/index.php?rest_route=\/wp\/v2\/pages\/777\/revisions\/15455"}],"wp:attachment":[{"href":"https:\/\/www.skmisia.ch\/index.php?rest_route=%2Fwp%2Fv2%2Fmedia&parent=777"}],"curies":[{"name":"wp","href":"https:\/\/api.w.org\/{rel}","templated":true}]}}