{"id":774,"date":"2014-03-12T23:49:32","date_gmt":"2014-03-12T22:49:32","guid":{"rendered":"https:\/\/www.skmisia.ch\/?page_id=774"},"modified":"2022-06-24T14:48:40","modified_gmt":"2022-06-24T12:48:40","slug":"krst","status":"publish","type":"page","link":"https:\/\/www.skmisia.ch\/?page_id=774","title":{"rendered":"KRST"},"content":{"rendered":"<p><span style=\"color: #000000;\">Drah\u00ed rodi\u010dia, srde\u010dne V\u00e1m gratulujem k narodeniu V\u00e1\u0161ho die\u0165atka. V pr\u00edpade z\u00e1ujmu o krst, kontaktujte sa s duchovn\u00fdm spr\u00e1vcom SKM.<\/span><\/p>\n<p><span style=\"color: #000000;\">N\u00e1sledne si dohodnete i term\u00edn na stretnutie, pr\u00edpravn\u00fa Krstn\u00fa n\u00e1uku- pou\u010denie o Krste.<\/span><\/p>\n<p><span style=\"color: #999999;\">********************************************************<\/span><\/p>\n<p style=\"text-align: left;\"><span style=\"color: #000000;\">Pri \u017eiadosti o krst vo \u0160vaj\u010diarsku treba prilo\u017ei\u0165 nasledovn\u00e9 doklady:<\/span><\/p>\n<p><span style=\"color: #000000;\">&#8211; vyplnen\u00fd formul\u00e1r (za\u0161lem po dohovore &#8211; pre r\u00f4zne farnosti je formul\u00e1r rozli\u010dn\u00fd)<\/span><\/p>\n<p><span style=\"color: #000000;\">&#8211; <strong>k\u00f3piu rodn\u00e9ho listu<\/strong> die\u0165a\u0165a (neoveren\u00fa, neprelo\u017een\u00fa)<\/span><\/p>\n<p><span style=\"color: #000000;\">&#8211; <strong>krstn\u00fd list krstn\u00e9ho rodi\u010da<\/strong> nie star\u0161\u00ed ako 3 mesiace (so v\u0161etk\u00fdmi zap\u00edsan\u00fdmi potrebn\u00fdmi \u00fadajmi)<\/span><\/p>\n<p><span style=\"color: #000000;\">Z administrat\u00edvnych d\u00f4vodov krst nie je mo\u017en\u00e9 vysl\u00fa\u017ei\u0165, pokia\u013e potrebn\u00e9 podklady nie s\u00fa spracovan\u00e9 aspo\u0148 14 dn\u00ed pred term\u00ednom krstu.<\/span><\/p>\n<p>********************************************************<\/p>\n<p><span style=\"line-height: 1.5; color: #000000;\">Krsty sa vysluhuj\u00fa v kostoloch, kde sa stret\u00e1vaj\u00fa slovensk\u00e9 spolo\u010denstv\u00e1 a kde b\u00fdvaj\u00fa slovensk\u00e9 sv. om\u0161e. Z organiza\u010dn\u00fdch d\u00f4vodov v\u00e1s pros\u00edm, aby ste sa s k\u0148azom spojili dostato\u010dne v predstihu, aby ste si mohli dohodn\u00fa\u0165 term\u00edn a dostali potrebn\u00e9 inform\u00e1cie, \u010do je potrebn\u00e9 zabezpe\u010di\u0165 (1 mesiac).<\/span><\/p>\n<p>********************************************************<\/p>\n<p>Ak krst\u00edte na Slovensku, potrebujete dolo\u017ei\u0165, \u017ee va\u0161a farnos\u0165 (popr\u00edpade slovensk\u00e1 misia) s\u00fahlas\u00ed s krstom mimo \u00fazemia v\u00e1\u0161ho pobytu, k tomu bude potrebn\u00e9:<\/p>\n<ul>\n<li><strong>k\u00f3piu rodn\u00e9ho listu die\u0165a\u0165a<\/strong><\/li>\n<li><strong>\u00fadaje:<\/strong> men\u00e1 rodi\u010dov,&nbsp; ich d\u00e1tum + miesto narodenia, adresa rodi\u010dov vo \u0160vaj\u010diarsku; presn\u00e1 adresa a n\u00e1zov farnosti, kde bude krst vysluhovan\u00fd<\/li>\n<\/ul>\n<p>Farnos\u0165 na Slovensku m\u00f4\u017ee od V\u00e1s \u017eiada\u0165 e\u0161te \u010fal\u0161ie doklady, ako krstn\u00e9 listy rodi\u010dov, \u010di krstn\u00fdch rodi\u010dov. Pokia\u013e sa rozhodnete absolvova\u0165 katech\u00e9zu ku krstu v r\u00e1mci slovenskej misie, bude V\u00e1m vydan\u00e9 aj potvrdenie o absolvovan\u00ed pr\u00edpravy.<\/p>\n<p>*********************************************************<\/p>\n<p>&nbsp;<\/p>\n<p><span style=\"line-height: 1.5em;\">\u010co hovor\u00ed o krste, krstn\u00fdch rodi\u010doch Katechizmus Katol\u00edckej Cirkvi :<\/span><\/p>\n<p>KKC 1213 &#8211; Sv\u00e4t\u00fd krst je z\u00e1kladom cel\u00e9ho kres\u0165ansk\u00e9ho \u017eivota, vstupnou <i>br\u00e1nou do \u017eivota v Duchu (vitae spititualis ianua)<\/i>, ako aj br\u00e1nou, ktor\u00e1 otv\u00e1ra pr\u00edstup k ostatn\u00fdm sviatostiam. Krstom sme osloboden\u00ed od hriechu a znovuzroden\u00ed ako Bo\u017eie deti, st\u00e1vame sa Kristov\u00fdmi \u00fadmi, sme za\u010dlenen\u00ed do Cirkvi a dost\u00e1vame \u00fa\u010das\u0165 na jej poslan\u00ed&nbsp;: \u201eA tak sa krst spr\u00e1vne a vhodne definuje ako sviatos\u0165 znovuzrodenia skrze vodu v slove.\u201f<\/p>\n<p>KKC 1214 &#8211; \u2026krsti\u0165 je po gr\u00e9cky <i>baptizein<\/i>, \u010do znamen\u00e1 \u201eponori\u0165\u201f, \u201epohr\u00fa\u017ei\u0165\u201f. \u201ePonorenie\u201f do vody symbolicky vyjadruje pochovanie katechumena v Kristovu smr\u0165, odkia\u013e vych\u00e1dza skrze vzkriesenia s Kristom ako \u201enov\u00e9 stvorenie\u201f (2 Kor5, 17&nbsp;; Gal 6, 15)&nbsp; (KKC 1214)<\/p>\n<p>KKC 1253 \u2013 Krst je sviatos\u0165ou viery. Viera si v\u0161ak vy\u017eaduje spolo\u010denstvo veriacich. Jednotliv\u00ed veriaci m\u00f4\u017eu veri\u0165 iba vo viere Cirkvi\u2026.<\/p>\n<p>KKC 1255 \u2013 Aby sa krstn\u00e1 milos\u0165 mohla rozv\u00edja\u0165, je d\u00f4le\u017eit\u00e1 pomoc rodi\u010dov. To je aj \u00faloha krstn\u00e9ho otca alebo krstnej matky, ktor\u00ed maj\u00fa by\u0165 presved\u010den\u00fdmi veriacimi, schopn\u00fdmi a ochotn\u00fdmi pom\u00e1ha\u0165 novopokrsten\u00e9mu, die\u0165a\u0165u alebo dospel\u00e9mu, na jeho ceste kres\u0165ansk\u00e9ho \u017eivota\u2026<\/p>\n<p>&nbsp;<\/p>\n<p>Pod\u013ea cirkevn\u00e9ho pr\u00e1va, aby bol niekto pripusten\u00fd na prijatie \u00falohy <strong>krstn\u00e9ho rodi\u010da<\/strong>, je potrebn\u00e9, aby:<\/p>\n<ul>\n<li>zav\u0155\u0161il \u0161estn\u00e1sty rok \u017eivota;<\/li>\n<li>bol katol\u00edk, aby bol u\u017e na birmovke a sv\u00e4tom prij\u00edman\u00ed;<\/li>\n<li>viedol \u017eivot primeran\u00fd viere a \u00falohe, ktor\u00fa m\u00e1 prija\u0165;<\/li>\n<li>ak \u017eije v man\u017eelstve, mal cirkevn\u00fd sob\u00e1\u0161;<\/li>\n<li>nebol otcom alebo matkou krstenca<\/li>\n<li>nebol postihnut\u00fd nijak\u00fdm k\u00e1nonick\u00fdm trestom, z\u00e1konne ulo\u017een\u00fdm alebo vyhl\u00e1sen\u00fdm<\/li>\n<\/ul>\n<p>Ak s\u00fa krstn\u00ed rodi\u010dia dvaja, mus\u00ed to by\u0165 jeden mu\u017e a jedna \u017eena, nemusia by\u0165 man\u017eelmi (ak s\u00fa, plat\u00ed&nbsp; podmienka o cirkevnom sob\u00e1\u0161i). \u00dalohou krstn\u00fdch rodi\u010dov je spolu s rodi\u010dmi prinies\u0165 die\u0165a na krst, pom\u00e1ha\u0165 rodi\u010dom s kres\u0165anskou v\u00fdchovou die\u0165a\u0165a. \u00da\u010das\u0165 krstn\u00e9ho rodi\u010da pri krste je pre neho z\u00e1v\u00e4zkom, \u017ee ako pri krste vyznal spolu s rodi\u010dmi die\u0165a\u0165a kres\u0165ansk\u00fa vieru, tak sa ju bude usilova\u0165 vyzn\u00e1va\u0165 aj \u017eivotom, aby v \u0148om krstn\u00fd syn resp. dc\u00e9ra na\u0161li v\u017edy pr\u00edklad, oporu a povzbudenie na ceste k Bohu. Je preto vhodn\u00e9, aby krstn\u00fd rodi\u010d \u017eil bl\u00edzko krstn\u00e9ho die\u0165a\u0165a, alebo aspo\u0148 s n\u00edm pravidelne prich\u00e1dzal do kontaktu.<\/p>\n<p><a href=\"https:\/\/www.skmisia.ch\/wp-content\/uploads\/2014\/03\/Obrad-krstu.docx\">Obrad krstu<\/a><\/p>\n<p>*<\/p>\n<p>Star\u0161ie deti a dospel\u00ed, ktor\u00ed maj\u00fa z\u00e1ujem o Krst sa m\u00f4\u017eu prihl\u00e1si\u0165 osobne u spr\u00e1vcu SKM (otca Pavla) a bud\u00fa sa pripravova\u0165 po osobnej dohode v skupin\u00e1ch.<\/p>\n<p>&nbsp;<\/p>\n","protected":false},"excerpt":{"rendered":"<p>Drah\u00ed rodi\u010dia, srde\u010dne V\u00e1m gratulujem k narodeniu V\u00e1\u0161ho die\u0165atka. V pr\u00edpade z\u00e1ujmu o krst, kontaktujte sa s duchovn\u00fdm spr\u00e1vcom SKM. N\u00e1sledne si dohodnete i term\u00edn na stretnutie, pr\u00edpravn\u00fa Krstn\u00fa n\u00e1uku- pou\u010denie o Krste. ********************************************************&#46;&#46;&#46;<\/p>\n","protected":false},"author":3,"featured_media":0,"parent":0,"menu_order":0,"comment_status":"open","ping_status":"open","template":"","meta":{"ngg_post_thumbnail":0},"_links":{"self":[{"href":"https:\/\/www.skmisia.ch\/index.php?rest_route=\/wp\/v2\/pages\/774"}],"collection":[{"href":"https:\/\/www.skmisia.ch\/index.php?rest_route=\/wp\/v2\/pages"}],"about":[{"href":"https:\/\/www.skmisia.ch\/index.php?rest_route=\/wp\/v2\/types\/page"}],"author":[{"embeddable":true,"href":"https:\/\/www.skmisia.ch\/index.php?rest_route=\/wp\/v2\/users\/3"}],"replies":[{"embeddable":true,"href":"https:\/\/www.skmisia.ch\/index.php?rest_route=%2Fwp%2Fv2%2Fcomments&post=774"}],"version-history":[{"count":49,"href":"https:\/\/www.skmisia.ch\/index.php?rest_route=\/wp\/v2\/pages\/774\/revisions"}],"predecessor-version":[{"id":12824,"href":"https:\/\/www.skmisia.ch\/index.php?rest_route=\/wp\/v2\/pages\/774\/revisions\/12824"}],"wp:attachment":[{"href":"https:\/\/www.skmisia.ch\/index.php?rest_route=%2Fwp%2Fv2%2Fmedia&parent=774"}],"curies":[{"name":"wp","href":"https:\/\/api.w.org\/{rel}","templated":true}]}}