{"id":765,"date":"2014-03-12T22:18:30","date_gmt":"2014-03-12T21:18:30","guid":{"rendered":"https:\/\/www.skmisia.ch\/?page_id=765"},"modified":"2015-10-12T09:34:25","modified_gmt":"2015-10-12T08:34:25","slug":"akcie-bern","status":"publish","type":"page","link":"https:\/\/www.skmisia.ch\/?page_id=765","title":{"rendered":"Katechetick\u00e9 stretnutia"},"content":{"rendered":"<p><strong>\u010casy a\u00a0t\u00e9my stretiek prvoprij\u00edmaj\u00facich det\u00ed &#8211; BERN<\/strong><\/p>\n<p><strong>\u00a0<\/strong><\/p>\n<table width=\"619\">\n<tbody>\n<tr>\n<td width=\"96\"><strong>Mesiac<\/strong><\/td>\n<td width=\"69\"><strong>D\u00e1tum<\/strong><\/td>\n<td width=\"279\"><strong>T\u00e9ma<\/strong><\/td>\n<td width=\"174\"><strong>Anim\u00e1torka<\/strong><\/td>\n<\/tr>\n<tr>\n<td rowspan=\"2\" width=\"96\"><strong>Okt\u00f3ber<\/strong><\/td>\n<td width=\"69\">10.10.<\/td>\n<td width=\"279\">Strom \u017eivota + zozn\u00e1menie sa<\/td>\n<td width=\"174\">rodina Elschekov\u00e1<\/td>\n<\/tr>\n<tr>\n<td width=\"69\">24.10.<\/td>\n<td width=\"279\">Krst + \u017eivot s\u00a0Je\u017ei\u0161om (\u017eivot Je\u017ei\u0161a)<\/td>\n<td width=\"174\">Vikt\u00f3ria Barla\u0161ov\u00e1<\/td>\n<\/tr>\n<tr>\n<td rowspan=\"2\" width=\"96\"><strong>November<\/strong><\/td>\n<td width=\"69\">14.11.<\/td>\n<td width=\"279\">Sv. om\u0161a I.<\/td>\n<td width=\"174\">Karina Patay<\/td>\n<\/tr>\n<tr>\n<td width=\"69\">28.11.<\/td>\n<td width=\"279\">Sv. om\u0161a II.<\/td>\n<td width=\"174\">Vikt\u00f3ria Barla\u0161ov\u00e1<\/td>\n<\/tr>\n<tr>\n<td rowspan=\"2\" width=\"96\"><strong>December<\/strong><\/td>\n<td width=\"69\">12.12.<\/td>\n<td width=\"279\">Hriech + Z\u00e1kon l\u00e1sky + Desatoro<\/td>\n<td width=\"174\">Karina Patay<\/td>\n<\/tr>\n<tr>\n<td width=\"69\"><\/td>\n<td width=\"279\">Viano\u010dn\u00e9 presk\u00fa\u0161anie<\/td>\n<td width=\"174\">otec Pavol<\/td>\n<\/tr>\n<tr>\n<td rowspan=\"2\" width=\"96\"><strong>Janu\u00e1r<\/strong><\/td>\n<td width=\"69\">9.1.<\/td>\n<td width=\"279\">1.a 2. prik\u00e1zanie<\/td>\n<td width=\"174\">Karina Patay<\/td>\n<\/tr>\n<tr>\n<td width=\"69\">23.1.<\/td>\n<td width=\"279\">3. a\u00a04. prik\u00e1zanie<\/td>\n<td width=\"174\">Vikt\u00f3ria Barla\u0161ov\u00e1<\/td>\n<\/tr>\n<tr>\n<td rowspan=\"2\" width=\"96\"><strong>Febru\u00e1r<\/strong><\/td>\n<td width=\"69\">13.2.<\/td>\n<td width=\"279\">5. a\u00a08. prik\u00e1zanie<\/td>\n<td width=\"174\">Karina Patay<\/td>\n<\/tr>\n<tr>\n<td width=\"69\">27.2.<\/td>\n<td width=\"279\">6. a\u00a09. prik\u00e1zanie<\/td>\n<td width=\"174\">Vikt\u00f3ria Barla\u0161ov\u00e1<\/td>\n<\/tr>\n<tr>\n<td rowspan=\"2\" width=\"96\"><strong>Marec<\/strong><\/td>\n<td width=\"69\">12.3.<\/td>\n<td width=\"279\">P\u00f4stne presk\u00fa\u0161anie<\/td>\n<td width=\"174\">Karina Patay<\/td>\n<\/tr>\n<tr>\n<td width=\"69\">26.3.<\/td>\n<td width=\"279\">7. a\u00a010. prik\u00e1zanie<\/td>\n<td width=\"174\">Vikt\u00f3ria Barla\u0161ov\u00e1<\/td>\n<\/tr>\n<tr>\n<td rowspan=\"2\" width=\"96\"><strong>Apr\u00edl<\/strong><\/td>\n<td width=\"69\">9.4.<\/td>\n<td width=\"279\">Spove\u010f I. + Stretnutie s k\u0148azom<\/td>\n<td width=\"174\">Karina Patay<\/td>\n<\/tr>\n<tr>\n<td width=\"69\">23.4.<\/td>\n<td width=\"279\">Spove\u010f II. + Stretnutie s k\u0148azom<\/td>\n<td width=\"174\">Vikt\u00f3ria Barla\u0161ov\u00e1<\/td>\n<\/tr>\n<tr>\n<td rowspan=\"2\" width=\"96\"><strong>M\u00e1j<\/strong><\/td>\n<td width=\"69\">7.5.<\/td>\n<td width=\"279\">Spovede det\u00ed a\u00a0rodi\u010dov, N\u00e1cvik<\/td>\n<td width=\"174\">otec Pavol<\/td>\n<\/tr>\n<tr>\n<td width=\"69\">8.5.<\/td>\n<td width=\"279\">1.sv.prij\u00edmanie<\/td>\n<td width=\"174\">otec Pavol<\/td>\n<\/tr>\n<\/tbody>\n<\/table>\n<p>&nbsp;<\/p>\n<p>Pr\u00edprava DOSPEL\u00ddCH<\/p>\n<p>I. Presk\u00fa\u0161anie: Strany 1 &#8211; 72 (13.6. 2015)<\/p>\n<p>II. Presk\u00fa\u0161anie: Strany 72 &#8211; 115 (26.7. 2015)<\/p>\n<div>\n<p>III. Presk\u00fa\u0161anie: Strany 116 &#8211; 159 (22.8. 2015)<\/p>\n<p><span style=\"line-height: 1.5em;\">IV. Presk\u00fa\u0161anie: Strany 160 &#8211; 199 (13.9.)<\/span><\/p>\n<p><span style=\"line-height: 1.5em;\">V. Presk\u00fa\u0161anie: Strany 200 &#8211; 255 (10.10.)<\/span><\/p>\n<p><span style=\"line-height: 1.5em;\">VI. Presk\u00fa\u0161anie: Stravy 256 &#8211; 287 (14.11.)<\/span><\/p>\n<\/div>\n","protected":false},"excerpt":{"rendered":"<p>\u010casy a\u00a0t\u00e9my stretiek prvoprij\u00edmaj\u00facich det\u00ed &#8211; BERN \u00a0 Mesiac D\u00e1tum T\u00e9ma Anim\u00e1torka Okt\u00f3ber 10.10. Strom \u017eivota + zozn\u00e1menie sa rodina Elschekov\u00e1 24.10. Krst + \u017eivot s\u00a0Je\u017ei\u0161om (\u017eivot Je\u017ei\u0161a) Vikt\u00f3ria Barla\u0161ov\u00e1 November 14.11. Sv. om\u0161a&#46;&#46;&#46;<\/p>\n","protected":false},"author":3,"featured_media":0,"parent":0,"menu_order":0,"comment_status":"open","ping_status":"open","template":"","meta":{"ngg_post_thumbnail":0},"_links":{"self":[{"href":"https:\/\/www.skmisia.ch\/index.php?rest_route=\/wp\/v2\/pages\/765"}],"collection":[{"href":"https:\/\/www.skmisia.ch\/index.php?rest_route=\/wp\/v2\/pages"}],"about":[{"href":"https:\/\/www.skmisia.ch\/index.php?rest_route=\/wp\/v2\/types\/page"}],"author":[{"embeddable":true,"href":"https:\/\/www.skmisia.ch\/index.php?rest_route=\/wp\/v2\/users\/3"}],"replies":[{"embeddable":true,"href":"https:\/\/www.skmisia.ch\/index.php?rest_route=%2Fwp%2Fv2%2Fcomments&post=765"}],"version-history":[{"count":7,"href":"https:\/\/www.skmisia.ch\/index.php?rest_route=\/wp\/v2\/pages\/765\/revisions"}],"predecessor-version":[{"id":4300,"href":"https:\/\/www.skmisia.ch\/index.php?rest_route=\/wp\/v2\/pages\/765\/revisions\/4300"}],"wp:attachment":[{"href":"https:\/\/www.skmisia.ch\/index.php?rest_route=%2Fwp%2Fv2%2Fmedia&parent=765"}],"curies":[{"name":"wp","href":"https:\/\/api.w.org\/{rel}","templated":true}]}}