{"id":40,"date":"2013-12-15T13:19:16","date_gmt":"2013-12-15T12:19:16","guid":{"rendered":"https:\/\/kralovic.org\/misia\/?page_id=40"},"modified":"2014-02-15T21:13:38","modified_gmt":"2014-02-15T20:13:38","slug":"sviatosti","status":"publish","type":"page","link":"https:\/\/www.skmisia.ch\/?page_id=40","title":{"rendered":"Sviatosti"},"content":{"rendered":"<p>Ak niekto z veriacich \u017eiada krst die\u0165a\u0165a,\u00a0n\u00e1uku pred uzavret\u00edm kres\u0165ansk\u00e9ho\u00a0sob\u00e1\u0161a (z\u00e1pisnicu pre kres\u0165ansk\u00fd\u00a0sob\u00e1\u0161), alebo in\u00e9 sviatosti (s potrebnou\u00a0pr\u00edpravou), treba si dohodn\u00fa\u0165 stretnutie\u00a0s duchovn\u00fdm spr\u00e1vcom SKM.<\/p>\n<p style=\"text-align: center;\">Adresa:<br \/>\nOtec Pavol Nizner SDB, Slovensk\u00e1<br \/>\nKatol\u00edcka Misia, Brauerstr. 99; 8004<br \/>\nZ\u00fcrich;<\/p>\n<p style=\"text-align: center;\">T\/F: 044 241 50 22<\/p>\n<p>M\u00f4\u017ete sa\u00a0spoji\u0165 s du\u0161pastierom aj cez e \u2013mailov\u00fa\u00a0adresu:\u00a0misionar@skmisia.ch<\/p>\n<p>Sv. spovede<br \/>\nMo\u017enos\u0165 prija\u0165 sviatos\u0165 zmierenia je v\u017edy pol hodinu pred sv. om\u0161ou.V pr\u00edpade potreby m\u00f4\u017eete hocikedy\u00a0po\u017eiada\u0165 k\u0148aza o sv. spove\u010f i po sv. om\u0161i.<\/p>\n<p>&nbsp;<\/p>\n<p style=\"text-align: center;\"><a href=\"https:\/\/www.skmisia.ch\/wp-content\/uploads\/2013\/12\/manzelstvo.jpg\"><img decoding=\"async\" loading=\"lazy\" class=\" wp-image-614 aligncenter\" alt=\"manzelstvo\" src=\"https:\/\/www.skmisia.ch\/wp-content\/uploads\/2013\/12\/manzelstvo.jpg\" width=\"234\" height=\"138\" \/><\/a><\/p>\n<p>&nbsp;<\/p>\n<p><strong>Mil\u00ed sn\u00fabenci!<\/strong><\/p>\n<p><strong>Srde\u010dne V\u00e1s pozdravujem. \u00a0Po viacer\u00fdch stretnutiach a rozhovoroch s vami ch\u00e1pem \u017ee, \u010dasto je pre v\u00e1s n\u00e1ro\u010dn\u00e9 zladi\u0165 va\u0161e povinnosti, pr\u00e1cu a cestovanie s mo\u017enos\u0165ou pr\u00edpravy na sviatos\u0165 man\u017eelstva vo va\u0161ich slovensk\u00fdch farnostiach. Aby V\u00e1m Slovensk\u00e1 katol\u00edcka misia mohla vyjs\u0165 v \u00fastrety a aby som dok\u00e1zal \u00a0zvl\u00e1dnu\u0165 \u00a0aj viacero \u00a0povinnost\u00ed, musel som si zosystematizova\u0165 fungovanie sob\u00e1\u0161nych n\u00e1uok. Dovo\u013ete, aby som v\u00e1s o tom informoval:<\/strong><\/p>\n<p><strong>Predman\u017eesk\u00e1 pr\u00edprava pod z\u00e1\u0161titou SKM nateraz obsahuje:<\/strong><\/p>\n<p><strong><span style=\"text-decoration: underline;\">* 3 stretnutia s\u00a0k\u0148azom:<\/span><\/strong><\/p>\n<p><strong>&#8211; Predman\u017eelsk\u00e1 n\u00e1uka A &#8211; \u00davod do sviatost\u00ed + man\u017eelstvo ako Bo\u017e\u00ed pl\u00e1n<\/strong><br \/>\n<strong> (\u00davodn\u00e9 stretnutie m\u00e1va s k\u0148azom osobitne ka\u017ed\u00fd par. Obvykle jednu sobotu v mesiaci o 19:00)<\/strong><\/p>\n<p><strong>&#8211; Predman\u017eelsk\u00e1 n\u00e1uka B- Sviatos\u0165 man\u017eelstva<\/strong><br \/>\n<strong> Obvykle jeden pondelok v mesiaci o 19:00<\/strong><\/p>\n<p><strong>&#8211; Predman\u017eelsk\u00e1 n\u00e1uka C- sob\u00e1\u0161ny obrad<\/strong><br \/>\n<strong> Obvykle jeden pondelok v mesiaci o 19:00<\/strong><\/p>\n<p><strong>Presn\u00e9 d\u00e1tumy stretnut\u00ed s\u00fa k nahliadnutiu v kalend\u00e1ri na str\u00e1nke\u00a0<a href=\"http:\/\/ww.skmisia.ch\/\" target=\"_blank\">ww.skmisia.ch<\/a><\/strong><\/p>\n<p><strong><span style=\"text-decoration: underline;\">* 2 stretnutia s man\u017eelmi v Berne<\/span>&#8211; tieto stretnutia prisp\u00f4sobujeme podla pracovn\u00fdch mo\u017enost\u00ed man\u017eelsk\u00e9ho p\u00e1ru, ktor\u00fd stretnutia vedie. O presnom d\u00e1tume stretnut\u00ed informujeme priebe\u017ene.<\/strong><\/p>\n<p><strong><span style=\"color: #993366;\">Najbli\u017e\u0161ie stretnutie s man\u017eelmi bude 17. m\u00e1ja 2014 o 17:00 v Berne v pastora\u010dn\u00fdch priestoroch kostola\u00a0<a href=\"http:\/\/maps.google.com\/maps?q=Taubenstrasse+6+Bern\"><span style=\"color: #993366;\">Dreifaltigkeit na Taubenstrasse 6<\/span><\/a>. Zraz sn\u00fabencov bude pred hlavn\u00fdm vchodom do kostola.<\/span><\/strong><\/p>\n<div><strong>\u00a0Sn\u00fabenci, ktori maj\u00fa z\u00e1ujem o pr\u00edpravu, <span style=\"color: #993366;\">nech sa na jednotliv\u00e9 stretnutia nahlasuj\u00fa mailom<\/span> na adrese:<a href=\"mailto:misionar@skmisia.ch\" target=\"_blank\">misionar@skmisia.ch<\/a><\/strong><\/div>\n<div><\/div>\n<div><strong>S pozdravom otec Pavol.<\/strong><\/div>\n","protected":false},"excerpt":{"rendered":"<p>Ak niekto z veriacich \u017eiada krst die\u0165a\u0165a,\u00a0n\u00e1uku pred uzavret\u00edm kres\u0165ansk\u00e9ho\u00a0sob\u00e1\u0161a (z\u00e1pisnicu pre kres\u0165ansk\u00fd\u00a0sob\u00e1\u0161), alebo in\u00e9 sviatosti (s potrebnou\u00a0pr\u00edpravou), treba si dohodn\u00fa\u0165 stretnutie\u00a0s duchovn\u00fdm spr\u00e1vcom SKM. Adresa: Otec Pavol Nizner SDB, Slovensk\u00e1 Katol\u00edcka Misia, Brauerstr.&#46;&#46;&#46;<\/p>\n","protected":false},"author":3,"featured_media":0,"parent":0,"menu_order":0,"comment_status":"open","ping_status":"open","template":"","meta":{"ngg_post_thumbnail":0},"_links":{"self":[{"href":"https:\/\/www.skmisia.ch\/index.php?rest_route=\/wp\/v2\/pages\/40"}],"collection":[{"href":"https:\/\/www.skmisia.ch\/index.php?rest_route=\/wp\/v2\/pages"}],"about":[{"href":"https:\/\/www.skmisia.ch\/index.php?rest_route=\/wp\/v2\/types\/page"}],"author":[{"embeddable":true,"href":"https:\/\/www.skmisia.ch\/index.php?rest_route=\/wp\/v2\/users\/3"}],"replies":[{"embeddable":true,"href":"https:\/\/www.skmisia.ch\/index.php?rest_route=%2Fwp%2Fv2%2Fcomments&post=40"}],"version-history":[{"count":12,"href":"https:\/\/www.skmisia.ch\/index.php?rest_route=\/wp\/v2\/pages\/40\/revisions"}],"predecessor-version":[{"id":778,"href":"https:\/\/www.skmisia.ch\/index.php?rest_route=\/wp\/v2\/pages\/40\/revisions\/778"}],"wp:attachment":[{"href":"https:\/\/www.skmisia.ch\/index.php?rest_route=%2Fwp%2Fv2%2Fmedia&parent=40"}],"curies":[{"name":"wp","href":"https:\/\/api.w.org\/{rel}","templated":true}]}}