{"id":3547,"date":"2015-05-19T14:08:47","date_gmt":"2015-05-19T13:08:47","guid":{"rendered":"https:\/\/www.skmisia.ch\/?page_id=3547"},"modified":"2021-10-05T21:30:03","modified_gmt":"2021-10-05T19:30:03","slug":"linky-na-vlastenecke-spolky","status":"publish","type":"page","link":"https:\/\/www.skmisia.ch\/?page_id=3547","title":{"rendered":"kres\u0165ansk\u00fd obsah n\u00e1jdete aj na:"},"content":{"rendered":"<table>\n<tbody>\n<tr>\n<td width=\"601\">&nbsp;<\/td>\n<\/tr>\n<tr>\n<td width=\"601\">&nbsp;<\/td>\n<\/tr>\n<tr>\n<td width=\"601\">\n<h6>&nbsp;<\/h6>\n<h6><span style=\"color: #993366;\"><a style=\"color: #993366;\" href=\"http:\/\/slovaci.ch\/\" target=\"_blank\" rel=\"noopener noreferrer\">slovaci.ch<\/a><\/span><\/h6>\n<p><a href=\"https:\/\/www.skmisia.ch\/wp-content\/uploads\/2015\/05\/logoII.jpg\"><img decoding=\"async\" loading=\"lazy\" class=\"aligncenter size-full wp-image-7501\" src=\"https:\/\/www.skmisia.ch\/wp-content\/uploads\/2015\/05\/logoII.jpg\" alt=\"\" width=\"184\" height=\"89\"><\/a><\/td>\n<\/tr>\n<\/tbody>\n<\/table>\n","protected":false},"excerpt":{"rendered":"<p>&nbsp; &nbsp; &nbsp; slovaci.ch<\/p>\n","protected":false},"author":3,"featured_media":0,"parent":0,"menu_order":0,"comment_status":"open","ping_status":"closed","template":"","meta":{"ngg_post_thumbnail":0},"_links":{"self":[{"href":"https:\/\/www.skmisia.ch\/index.php?rest_route=\/wp\/v2\/pages\/3547"}],"collection":[{"href":"https:\/\/www.skmisia.ch\/index.php?rest_route=\/wp\/v2\/pages"}],"about":[{"href":"https:\/\/www.skmisia.ch\/index.php?rest_route=\/wp\/v2\/types\/page"}],"author":[{"embeddable":true,"href":"https:\/\/www.skmisia.ch\/index.php?rest_route=\/wp\/v2\/users\/3"}],"replies":[{"embeddable":true,"href":"https:\/\/www.skmisia.ch\/index.php?rest_route=%2Fwp%2Fv2%2Fcomments&post=3547"}],"version-history":[{"count":18,"href":"https:\/\/www.skmisia.ch\/index.php?rest_route=\/wp\/v2\/pages\/3547\/revisions"}],"predecessor-version":[{"id":12005,"href":"https:\/\/www.skmisia.ch\/index.php?rest_route=\/wp\/v2\/pages\/3547\/revisions\/12005"}],"wp:attachment":[{"href":"https:\/\/www.skmisia.ch\/index.php?rest_route=%2Fwp%2Fv2%2Fmedia&parent=3547"}],"curies":[{"name":"wp","href":"https:\/\/api.w.org\/{rel}","templated":true}]}}