{"id":325,"date":"2014-01-10T16:54:40","date_gmt":"2014-01-10T15:54:40","guid":{"rendered":"https:\/\/www.skmisia.ch\/?page_id=325"},"modified":"2026-03-10T11:57:15","modified_gmt":"2026-03-10T10:57:15","slug":"kontakt","status":"publish","type":"page","link":"https:\/\/www.skmisia.ch\/?page_id=325","title":{"rendered":"Kontakt"},"content":{"rendered":"<p><strong>Jozef Suken\u00edk, OFM Conv.<\/strong><br \/>\nKatholische Slowakenmission in der Schweiz<br \/>\nMurtengasse 6, 1700 Freiburg<br \/>\n+41 77 468 74 40, sekretariat@skmisia.ch<\/p>\n<p><strong>\u010c\u00edslo \u00fa\u010dtu:<\/strong><\/p>\n<p>Verein Kath. Slowakenmission, Maneggpromenade 150, 8041 Z\u00fcrich<\/p>\n<p>IBAN: CH11 0070 0114 8078 5905 4<\/p>\n<p>Ak chcete prispie\u0165 na misiu prostredn\u00edctvom V\u00e1\u0161ho e-bankovn\u00edctva, m\u00f4\u017eete tak urobi\u0165 <a href=\"https:\/\/www.skmisia.ch\/wp-content\/uploads\/2024\/01\/invoice-verein.pdf\" target=\"_blank\" rel=\"noopener\">bankovou zlo\u017eenkou<\/a> alebo prostredn\u00edctvom tohto QR k\u00f3du:<\/p>\n<p><img decoding=\"async\" loading=\"lazy\" class=\"\" src=\"https:\/\/www.skmisia.ch\/wp-content\/uploads\/2024\/01\/QR-verein.png\" alt=\"\" width=\"139\" height=\"139\"><\/p>\n<p>Prispie\u0165 m\u00f4\u017eete aj prostredn\u00edctvom TWINTu <a href=\"https:\/\/pay.raisenow.io\/pyjjt\" target=\"_blank\" rel=\"noopener\">na tomto odkaze<\/a>.<\/p>\n","protected":false},"excerpt":{"rendered":"<p>Jozef Suken\u00edk, OFM Conv. Katholische Slowakenmission in der Schweiz Murtengasse 6, 1700 Freiburg +41 77 468 74 40, sekretariat@skmisia.ch \u010c\u00edslo \u00fa\u010dtu: Verein Kath. Slowakenmission, Maneggpromenade 150, 8041 Z\u00fcrich IBAN: CH11 0070 0114 8078 5905&#46;&#46;&#46;<\/p>\n","protected":false},"author":3,"featured_media":0,"parent":0,"menu_order":2,"comment_status":"open","ping_status":"open","template":"page-templates\/child-menu.php","meta":{"ngg_post_thumbnail":0},"_links":{"self":[{"href":"https:\/\/www.skmisia.ch\/index.php?rest_route=\/wp\/v2\/pages\/325"}],"collection":[{"href":"https:\/\/www.skmisia.ch\/index.php?rest_route=\/wp\/v2\/pages"}],"about":[{"href":"https:\/\/www.skmisia.ch\/index.php?rest_route=\/wp\/v2\/types\/page"}],"author":[{"embeddable":true,"href":"https:\/\/www.skmisia.ch\/index.php?rest_route=\/wp\/v2\/users\/3"}],"replies":[{"embeddable":true,"href":"https:\/\/www.skmisia.ch\/index.php?rest_route=%2Fwp%2Fv2%2Fcomments&post=325"}],"version-history":[{"count":25,"href":"https:\/\/www.skmisia.ch\/index.php?rest_route=\/wp\/v2\/pages\/325\/revisions"}],"predecessor-version":[{"id":16282,"href":"https:\/\/www.skmisia.ch\/index.php?rest_route=\/wp\/v2\/pages\/325\/revisions\/16282"}],"wp:attachment":[{"href":"https:\/\/www.skmisia.ch\/index.php?rest_route=%2Fwp%2Fv2%2Fmedia&parent=325"}],"curies":[{"name":"wp","href":"https:\/\/api.w.org\/{rel}","templated":true}]}}