{"id":2571,"date":"2014-10-13T01:00:03","date_gmt":"2014-10-13T00:00:03","guid":{"rendered":"https:\/\/www.skmisia.ch\/?page_id=2571"},"modified":"2023-02-02T18:51:10","modified_gmt":"2023-02-02T17:51:10","slug":"lektori","status":"publish","type":"page","link":"https:\/\/www.skmisia.ch\/?page_id=2571","title":{"rendered":"Lektori"},"content":{"rendered":"\n<p>Pros\u00edm, aby ste sa dobrovo\u013ene prihl\u00e1sili na \u010d\u00edtanie lekci\u00ed a prosieb pred sv. om\u0161ou. T\u00fdm m\u00f4\u017eeme zabezpe\u010di\u0165 nielen prestriedanie t\u00fdch, \u010do \u010d\u00edtaj\u00fa, ale i sami sa lep\u0161ie zamysl\u00edte nad pre\u010d\u00edtan\u00fdm textom.<\/p>\n","protected":false},"excerpt":{"rendered":"<p>Pros\u00edm, aby ste sa dobrovo\u013ene prihl\u00e1sili na \u010d\u00edtanie lekci\u00ed a prosieb pred sv. om\u0161ou. T\u00fdm m\u00f4\u017eeme zabezpe\u010di\u0165 nielen prestriedanie t\u00fdch, \u010do \u010d\u00edtaj\u00fa, ale i sami sa lep\u0161ie zamysl\u00edte nad pre\u010d\u00edtan\u00fdm textom.<\/p>\n","protected":false},"author":3,"featured_media":0,"parent":0,"menu_order":0,"comment_status":"open","ping_status":"closed","template":"","meta":{"ngg_post_thumbnail":0},"_links":{"self":[{"href":"https:\/\/www.skmisia.ch\/index.php?rest_route=\/wp\/v2\/pages\/2571"}],"collection":[{"href":"https:\/\/www.skmisia.ch\/index.php?rest_route=\/wp\/v2\/pages"}],"about":[{"href":"https:\/\/www.skmisia.ch\/index.php?rest_route=\/wp\/v2\/types\/page"}],"author":[{"embeddable":true,"href":"https:\/\/www.skmisia.ch\/index.php?rest_route=\/wp\/v2\/users\/3"}],"replies":[{"embeddable":true,"href":"https:\/\/www.skmisia.ch\/index.php?rest_route=%2Fwp%2Fv2%2Fcomments&post=2571"}],"version-history":[{"count":42,"href":"https:\/\/www.skmisia.ch\/index.php?rest_route=\/wp\/v2\/pages\/2571\/revisions"}],"predecessor-version":[{"id":13623,"href":"https:\/\/www.skmisia.ch\/index.php?rest_route=\/wp\/v2\/pages\/2571\/revisions\/13623"}],"wp:attachment":[{"href":"https:\/\/www.skmisia.ch\/index.php?rest_route=%2Fwp%2Fv2%2Fmedia&parent=2571"}],"curies":[{"name":"wp","href":"https:\/\/api.w.org\/{rel}","templated":true}]}}