{"id":15617,"date":"2025-03-09T15:40:16","date_gmt":"2025-03-09T14:40:16","guid":{"rendered":"https:\/\/www.skmisia.ch\/?page_id=15617"},"modified":"2026-02-01T22:22:35","modified_gmt":"2026-02-01T21:22:35","slug":"nyon","status":"publish","type":"page","link":"https:\/\/www.skmisia.ch\/?page_id=15617","title":{"rendered":"Nyon"},"content":{"rendered":"\n<p>Pre komunity z Lausanne a \u017denevy, ako aj pre veriacich z okolia bud\u00fa od marca sv. om\u0161e b\u00fdva\u0165 v kostole \u00c9glise Notre Dame de l&#8217;Immacul\u00e9e Conception, <a href=\"https:\/\/www.google.com\/maps\/place\/Rue+de+la+Colombi%C3%A8re+18,+1260+Nyon\/@46.3824814,6.238081,574m\/data=!3m1!1e3!4m6!3m5!1s0x478c42d8d95bc803:0xe5ad398b0d81f51c!8m2!3d46.3825964!4d6.2405905!16s%2Fg%2F11dzn9cxjx?entry=ttu&amp;g_ep=EgoyMDI1MDMwMy4wIKXMDSoJLDEwMjExNDUzSAFQAw%3D%3D\">Rue de la Colombi\u00e8re 18, 1260 Nyon<\/a>, druh\u00fa a \u0161tvrt\u00fa nede\u013eu v mesiaci o 16:30 hod.\n<p>\n<strong>V\u00fdnimka je 8. febru\u00e1r 2026, ke\u010f je sv. om\u0161a o 17:00<\/strong>.\n<p>\nPo sv. om\u0161i m\u00e1me k dispoz\u00edcii s\u00e1lu, v ktorej sa m\u00f4\u017eeme stretn\u00fa\u0165 na agape. <\/p>\n","protected":false},"excerpt":{"rendered":"<p>Pre komunity z Lausanne a \u017denevy, ako aj pre veriacich z okolia bud\u00fa od marca sv. om\u0161e b\u00fdva\u0165 v kostole \u00c9glise Notre Dame de l&#8217;Immacul\u00e9e Conception, Rue de la Colombi\u00e8re 18, 1260 Nyon, druh\u00fa&#46;&#46;&#46;<\/p>\n","protected":false},"author":1,"featured_media":0,"parent":0,"menu_order":0,"comment_status":"closed","ping_status":"closed","template":"","meta":{"ngg_post_thumbnail":0},"_links":{"self":[{"href":"https:\/\/www.skmisia.ch\/index.php?rest_route=\/wp\/v2\/pages\/15617"}],"collection":[{"href":"https:\/\/www.skmisia.ch\/index.php?rest_route=\/wp\/v2\/pages"}],"about":[{"href":"https:\/\/www.skmisia.ch\/index.php?rest_route=\/wp\/v2\/types\/page"}],"author":[{"embeddable":true,"href":"https:\/\/www.skmisia.ch\/index.php?rest_route=\/wp\/v2\/users\/1"}],"replies":[{"embeddable":true,"href":"https:\/\/www.skmisia.ch\/index.php?rest_route=%2Fwp%2Fv2%2Fcomments&post=15617"}],"version-history":[{"count":5,"href":"https:\/\/www.skmisia.ch\/index.php?rest_route=\/wp\/v2\/pages\/15617\/revisions"}],"predecessor-version":[{"id":16193,"href":"https:\/\/www.skmisia.ch\/index.php?rest_route=\/wp\/v2\/pages\/15617\/revisions\/16193"}],"wp:attachment":[{"href":"https:\/\/www.skmisia.ch\/index.php?rest_route=%2Fwp%2Fv2%2Fmedia&parent=15617"}],"curies":[{"name":"wp","href":"https:\/\/api.w.org\/{rel}","templated":true}]}}