{"id":13689,"date":"2023-03-17T11:41:10","date_gmt":"2023-03-17T10:41:10","guid":{"rendered":"https:\/\/www.skmisia.ch\/?page_id=13689"},"modified":"2024-01-28T18:33:35","modified_gmt":"2024-01-28T17:33:35","slug":"katechezy-a-duchovne-obnovy","status":"publish","type":"page","link":"https:\/\/www.skmisia.ch\/?page_id=13689","title":{"rendered":"Katech\u00e9zy a duchovn\u00e9 obnovy"},"content":{"rendered":"\n<p>Na tejto str\u00e1nke budeme zverj\u0148ova\u0165 z\u00e1znamy z katech\u00e9z a duchovn\u00fdch obn\u00f4v, ktor\u00e9 sa konali na p\u00f4de na\u0161ej misie, \u010di u\u017e fyzickej alebo virtu\u00e1lnej.<\/p>\n\n\n\n<ul>\n\n<li>T\u00fd\u017ede\u0148 misie, 28.1.2024, koncert Kapuc\u00ednov: <a href=\"https:\/\/virtualna.skmisia.ch\/nahravky\/2024-01-28_11_misie_nedela_koncert.mp4\">z\u00e1znam<\/a> <\/li>\n\n<\/li>\n\n<li>T\u00fd\u017ede\u0148 misie, 28.1.2024, nede\u013en\u00e1 sv. om\u0161a: <a href=\"https:\/\/virtualna.skmisia.ch\/nahravky\/2024-01-28_10_misie_nedela_sv_omsa.mp4\">z\u00e1znam<\/a> <\/li>\n\n<\/li>\n\n<li>T\u00fd\u017ede\u0148 misie, 27.1.2024, stretnutie s man\u017eelmi: <a href=\"https:\/\/virtualna.skmisia.ch\/nahravky\/2024-01-27_09_misie_sobota_stretnutie_s_manzelmi.mp4\">z\u00e1znam<\/a> <\/li>\n\n<\/li>\n\n<li>T\u00fd\u017ede\u0148 misie, 26.1.2024, sv. om\u0161a: <a href=\"https:\/\/virtualna.skmisia.ch\/nahravky\/2024-01-26_08_misie_piatok_sv_omsa.mp4\">z\u00e1znam<\/a> <\/li>\n\n<\/li>\n\n<li>T\u00fd\u017ede\u0148 misie, 25.1.2024, sv. om\u0161a a ador\u00e1cia: <a href=\"https:\/\/virtualna.skmisia.ch\/nahravky\/2024-01-25_07_misie_stvrtok_sv_omsa_a_adoracia.mp4\">z\u00e1znam<\/a> <\/li>\n\n<\/li>\n\n<li>T\u00fd\u017ede\u0148 misie, 24.1.2024, sv. om\u0161a: <a href=\"https:\/\/virtualna.skmisia.ch\/nahravky\/2024-01-24_06_misie_streda_sv_omsa.mp4\">z\u00e1znam<\/a> <\/li>\n\n<\/li>\n\n<li>T\u00fd\u017ede\u0148 misie, 23.1.2024, sv. om\u0161a: <a href=\"https:\/\/virtualna.skmisia.ch\/nahravky\/2024-01-23_05_misie_utorok_sv_omsa.mp4\">z\u00e1znam<\/a> <\/li>\n\n<\/li>\n\n<li>T\u00fd\u017ede\u0148 misie, 22.1.2024, sv. om\u0161a: <a href=\"https:\/\/virtualna.skmisia.ch\/nahravky\/2024-01-22_04_misie_pondelok_sv_omsa.mp4\">z\u00e1znam<\/a> <\/li>\n\n<\/li>\n\n<li>T\u00fd\u017ede\u0148 misie, 21.1.2024, katech\u00e9za pre \u017eeny: <a href=\"https:\/\/virtualna.skmisia.ch\/nahravky\/2024-01-21_03_misie_nedela_katecheza_zeny.mp4\">z\u00e1znam<\/a> <\/li>\n\n<\/li>\n\n<li>T\u00fd\u017ede\u0148 misie, 21.1.2024, katech\u00e9za pre mu\u017eov: <a href=\"https:\/\/virtualna.skmisia.ch\/nahravky\/2024-01-21_02_misie_nedela_katecheza_muzi.mp4\">z\u00e1znam<\/a> <\/li>\n\n<\/li>\n\n<li>T\u00fd\u017ede\u0148 misie, 21.1.2024, nede\u013en\u00e1 sv. om\u0161a: <a href=\"https:\/\/virtualna.skmisia.ch\/nahravky\/2024-01-21_01_misie_nedela_sv_omsa.mp4\">z\u00e1znam<\/a> <\/li>\n\n<\/li>\n\n<li>7. katech\u00e9za na t\u00e9mu Katechizmus Katol\u00edckej Cirkvi, 22.09.2023, o. Martin Michal\u00ed\u010dek: <a href=\"https:\/\/www.skmisia.ch\/wp-content\/uploads\/2023\/10\/KKC-2023-09-22.mp4\">z\u00e1znam<\/a> <\/li>\n\n\n<li>6. katech\u00e9za na t\u00e9mu Katechizmus Katol\u00edckej Cirkvi, 09.06.2023, o. Martin Michal\u00ed\u010dek: <a href=\"https:\/\/www.skmisia.ch\/wp-content\/uploads\/2023\/06\/KKC-2023-06-09.mp4\">z\u00e1znam<\/a> <\/li>\n\n\n<li>5. katech\u00e9za na t\u00e9mu Katechizmus Katol\u00edckej Cirkvi, 19.05.2023, o. Martin Michal\u00ed\u010dek: <a href=\"https:\/\/www.skmisia.ch\/wp-content\/uploads\/2023\/05\/KKC-2023-05-19.mp4\">z\u00e1znam<\/a> <\/li>\n\n\n<li>4. katech\u00e9za na t\u00e9mu Katechizmus Katol\u00edckej Cirkvi, 21.04.2023, o. Martin Michal\u00ed\u010dek: <a href=\"https:\/\/www.skmisia.ch\/wp-content\/uploads\/2023\/04\/KKC-2023-04-21.mp4\">z\u00e1znam<\/a> <\/li>\n\n\n<li>Duchovn\u00e1 obnova na t\u00e9mu \u017dalm 37, 18.03.2023, o. Pavel Prihatn\u00fd, OFM Cap.:<br><a href=\"https:\/\/www.skmisia.ch\/wp-content\/uploads\/2023\/03\/2023-03-18_Duchovna_obnova_1_cast.mp4\">1. \u010das\u0165<\/a>, <a href=\"https:\/\/www.skmisia.ch\/wp-content\/uploads\/2023\/03\/2023-03-18_Duchovna_obnova_2_cast.mp4\">2. \u010das\u0165<\/a>, <a href=\"https:\/\/www.skmisia.ch\/wp-content\/uploads\/2023\/03\/2023-03-18_Duchovna_obnova_sv_omsa.mp4\">sv. om\u0161a<\/a>, <a href=\"https:\/\/www.skmisia.ch\/wp-content\/uploads\/2023\/03\/Zalm37_prezentacia.pptx\">prezent\u00e1cia<\/a><br> P\u00e1ter Pavel odpor\u00fa\u010da aj knihy a vide\u00e1 od p\u00e1tra Thomasa Keatinga:<br>\n\n<ul>\n\n<li> The Better Part: Stages of Contemplative Living<\/li>\n\n\n<li>Invitation to Love (Pozv\u00e1n\u00ed k l\u00e1sce)<\/li>\n\n\n<li>Open Mind, Open Heart (Otev\u0159en\u00e1 mysl, otev\u0159en\u00e9 srdce)<\/li>\n\n\n<li>Vide\u00e1: <a href=\"https:\/\/www.youtube.com\/watch?v=tJSGlqM3pxQ\">medali\u00f3n<\/a>, <a href=\"https:\/\/www.youtube.com\/watch?v=W4w52bsLGrw&amp;list=PLBE6fmRmYU8gixv_x4EF49P8bcl-e3LTj&amp;index=1\">s\u00e9ria predn\u00e1\u0161ok<\/a> <\/li>\n\n<\/ul>\n\n<\/li>\n\n\n<li>3. katech\u00e9za na t\u00e9mu Katechizmus Katol\u00edckej Cirkvi, 17.03.2023, o. Martin Michal\u00ed\u010dek: <a href=\"https:\/\/www.skmisia.ch\/wp-content\/uploads\/2023\/03\/KKC-2023-03-17.mp4\">z\u00e1znam<\/a> <\/li>\n\n\n<li>2. katech\u00e9za na t\u00e9mu Katechizmus Katol\u00edckej Cirkvi, 28.02.2023, o. Martin Michal\u00ed\u010dek: <a href=\"https:\/\/www.skmisia.ch\/wp-content\/uploads\/2023\/03\/KKC-2023-02-28.mp4\">z\u00e1znam<\/a><\/li>\n\n<li>1. katech\u00e9za na t\u00e9mu Katechizmus Katol\u00edckej Cirkvi, 28.02.2023, o. Martin Michal\u00ed\u010dek: <a href=\"https:\/\/virtualna.skmisia.ch\/nahravky\/KKC-2023-01-20.mp4\">z\u00e1znam<\/a> <\/li>\n\n<\/li>\n\n<\/ul>\n\n\n<p><!-- \/wp:list --><\/p>\n<p><!-- wp:paragraph --><\/p>\n<p><!-- \/wp:paragraph --><\/p>","protected":false},"excerpt":{"rendered":"<p>Na tejto str\u00e1nke budeme zverj\u0148ova\u0165 z\u00e1znamy z katech\u00e9z a duchovn\u00fdch obn\u00f4v, ktor\u00e9 sa konali na p\u00f4de na\u0161ej misie, \u010di u\u017e fyzickej alebo virtu\u00e1lnej.<\/p>\n","protected":false},"author":1,"featured_media":0,"parent":0,"menu_order":0,"comment_status":"closed","ping_status":"closed","template":"","meta":{"ngg_post_thumbnail":0},"_links":{"self":[{"href":"https:\/\/www.skmisia.ch\/index.php?rest_route=\/wp\/v2\/pages\/13689"}],"collection":[{"href":"https:\/\/www.skmisia.ch\/index.php?rest_route=\/wp\/v2\/pages"}],"about":[{"href":"https:\/\/www.skmisia.ch\/index.php?rest_route=\/wp\/v2\/types\/page"}],"author":[{"embeddable":true,"href":"https:\/\/www.skmisia.ch\/index.php?rest_route=\/wp\/v2\/users\/1"}],"replies":[{"embeddable":true,"href":"https:\/\/www.skmisia.ch\/index.php?rest_route=%2Fwp%2Fv2%2Fcomments&post=13689"}],"version-history":[{"count":27,"href":"https:\/\/www.skmisia.ch\/index.php?rest_route=\/wp\/v2\/pages\/13689\/revisions"}],"predecessor-version":[{"id":14641,"href":"https:\/\/www.skmisia.ch\/index.php?rest_route=\/wp\/v2\/pages\/13689\/revisions\/14641"}],"wp:attachment":[{"href":"https:\/\/www.skmisia.ch\/index.php?rest_route=%2Fwp%2Fv2%2Fmedia&parent=13689"}],"curies":[{"name":"wp","href":"https:\/\/api.w.org\/{rel}","templated":true}]}}