{"id":13463,"date":"2022-10-18T22:13:46","date_gmt":"2022-10-18T20:13:46","guid":{"rendered":"https:\/\/www.skmisia.ch\/?page_id=13463"},"modified":"2022-10-18T22:13:48","modified_gmt":"2022-10-18T20:13:48","slug":"prihlaska-na-odber-prispevkov-pre-deti","status":"publish","type":"page","link":"https:\/\/www.skmisia.ch\/?page_id=13463","title":{"rendered":"Prihl\u00e1\u0161ka na odber pr\u00edspevkov pre deti"},"content":{"rendered":"\n<p>Ak nechcete prehliadnu\u0165 pr\u00edspevky v z\u00e1lo\u017eke Deti, po\u0161lite mail na adresu <a href=\"mailto:misiadetom%2Bsubscribe%40skmisia.ch\">misiadetom+subscribe@skmisia.ch<\/a> (na obsahu mailu nez\u00e1le\u017e\u00ed). O ka\u017edom \u010fal\u0161om pr\u00edspevku v\u00e1s potom budeme informova\u0165 mailom. <\/p>\n","protected":false},"excerpt":{"rendered":"<p>Ak nechcete prehliadnu\u0165 pr\u00edspevky v z\u00e1lo\u017eke Deti, po\u0161lite mail na adresu misiadetom+subscribe@skmisia.ch (na obsahu mailu nez\u00e1le\u017e\u00ed). O ka\u017edom \u010fal\u0161om pr\u00edspevku v\u00e1s potom budeme informova\u0165 mailom.<\/p>\n","protected":false},"author":1,"featured_media":0,"parent":0,"menu_order":0,"comment_status":"closed","ping_status":"closed","template":"","meta":{"ngg_post_thumbnail":0},"_links":{"self":[{"href":"https:\/\/www.skmisia.ch\/index.php?rest_route=\/wp\/v2\/pages\/13463"}],"collection":[{"href":"https:\/\/www.skmisia.ch\/index.php?rest_route=\/wp\/v2\/pages"}],"about":[{"href":"https:\/\/www.skmisia.ch\/index.php?rest_route=\/wp\/v2\/types\/page"}],"author":[{"embeddable":true,"href":"https:\/\/www.skmisia.ch\/index.php?rest_route=\/wp\/v2\/users\/1"}],"replies":[{"embeddable":true,"href":"https:\/\/www.skmisia.ch\/index.php?rest_route=%2Fwp%2Fv2%2Fcomments&post=13463"}],"version-history":[{"count":1,"href":"https:\/\/www.skmisia.ch\/index.php?rest_route=\/wp\/v2\/pages\/13463\/revisions"}],"predecessor-version":[{"id":13464,"href":"https:\/\/www.skmisia.ch\/index.php?rest_route=\/wp\/v2\/pages\/13463\/revisions\/13464"}],"wp:attachment":[{"href":"https:\/\/www.skmisia.ch\/index.php?rest_route=%2Fwp%2Fv2%2Fmedia&parent=13463"}],"curies":[{"name":"wp","href":"https:\/\/api.w.org\/{rel}","templated":true}]}}