{"id":1182,"date":"2014-05-14T22:25:11","date_gmt":"2014-05-14T21:25:11","guid":{"rendered":"https:\/\/www.skmisia.ch\/?page_id=1182"},"modified":"2016-06-10T11:15:23","modified_gmt":"2016-06-10T10:15:23","slug":"prikazane-sviatky","status":"publish","type":"page","link":"https:\/\/www.skmisia.ch\/?page_id=1182","title":{"rendered":"PRIK\u00c1ZAN\u00c9 SVIATKY"},"content":{"rendered":"<p><span style=\"color: #000000;\">USMERNENIE BISKUPSKEJ KONFERENCIE KU ZACHOV\u00c1VANIU PRIK\u00c1ZAN\u00ddCH SVIATKOM<\/span><\/p>\n<p><span style=\"color: #000000;\">Na z\u00e1klade Cirkevn\u00e9ho pr\u00e1va K\u00e1n. 1246\u00a0&#8211; \u00a7 2. m\u00f4\u017ee miestna biskupsk\u00e1 konferencia prik\u00e1zan\u00e9 sviatky zru\u0161i\u0165 alebo presun\u00fa\u0165 na nede\u013eu, po predch\u00e1dzaj\u00facom schv\u00e1len\u00ed Apo\u0161tolskej stolice.<\/span><\/p>\n<p><span style=\"color: #000000;\">D\u0148a 3. j\u00fala 1985 vydala biskupsk\u00e1 konferencia \u0161vaj\u010diarska nasleduj\u00face uznesenie:<\/span><\/p>\n<p>F\u00fcr die Schweiz erliess die Bischofskonferenz aufgrund von can 1246 \u00a7 2 am 3. Juli 1985 folgende Bestimmung zu den kirchlich gebotenen Feiertagen:<br \/>\n<strong>\u00abIn Kantonen bzw. an Orten, wo kirchlich vorgeschriebene Feiertage zugleich gesetzlich gesch\u00fctzt sind, bleiben diese weiterhin kirchlich verpflichtend.<\/strong><\/p>\n<p>Wo kirchliche Feiertage gesetzlich nicht gesch\u00fctzt sind, besteht eine Verpflichtung zur Arbeitsruhe und zum Gottesdienst nicht. Die Schweizer Bischofskonferenz empfiehlt jedoch, dass an kirchlichen Feiertagen, dort wo sie nicht gesetzlich gesch\u00fctzt sind, feierliche Gottesdienste zu geeigneter Zeit gehalten werden.\u00bb<br \/>\n(Vgl. SKZ 153 [1985] Nr. 29\/30, S. 473.)<\/p>\n<p><img decoding=\"async\" loading=\"lazy\" class=\"size-medium wp-image-4438 alignright\" src=\"https:\/\/www.skmisia.ch\/wp-content\/uploads\/2014\/05\/litergical-year-300x300.png\" alt=\"litergical year\" width=\"300\" height=\"300\" srcset=\"https:\/\/www.skmisia.ch\/wp-content\/uploads\/2014\/05\/litergical-year-300x300.png 300w, https:\/\/www.skmisia.ch\/wp-content\/uploads\/2014\/05\/litergical-year-150x150.png 150w, https:\/\/www.skmisia.ch\/wp-content\/uploads\/2014\/05\/litergical-year-160x160.png 160w, https:\/\/www.skmisia.ch\/wp-content\/uploads\/2014\/05\/litergical-year.png 901w\" sizes=\"(max-width: 300px) 100vw, 300px\" \/><br \/>\nIm Kanton Z\u00fcrich sind diese gebotene Feiertage:<\/p>\n<ul>\n<li>25.12. (Geburt Christi)<\/li>\n<li>1.1. (Mutter Gottes Maria)<\/li>\n<li>Himmelfahrt Christi<\/li>\n<\/ul>\n<p><span style=\"color: #000000;\">PREKLAD:<\/span><\/p>\n<p><span style=\"color: #000000;\">D\u0148a 3. j\u00fala 1985 vydala\u00a0Konferencia biskupov\u00a0pre \u0160vaj\u010diarsko vzh\u013eadom na\u00a0KAN 1246 \u00a7 2\u00a0nasledovn\u00e9 usmernenie, ktor\u00e9 sa t\u00fdka cirkevn\u00fdch PRIK\u00c1ZAN\u00ddCH SVIATKOV:<\/span><br \/>\n<span style=\"color: #000000;\"> &#8222;V kant\u00f3noch, alebo v miestach, kde s\u00fa predp\u00edsan\u00e9 cirkevn\u00e9 prik\u00e1zan\u00e9 sviatky tie\u017e chr\u00e1nen\u00e9 z\u00e1konom ako dni pracovn\u00e9ho vo\u013ena, zostan\u00fa tieto sviatky cirkevne z\u00e1v\u00e4zn\u00e9. <em>(Zdr\u017eiavanie sa \u0165a\u017ekej pr\u00e1ce a povinnos\u0165 \u00fa\u010dasti na celej sv. om\u0161i)<\/em><\/span><br \/>\n<span style=\"color: #000000;\"> Tam, kde cirkevn\u00e9 sviatky nie s\u00fa chr\u00e1nen\u00e9 z\u00e1konom, nie je povinnos\u0165 \u00fa\u010dasti na bohoslu\u017ebe a zachovania pracovn\u00e9ho pokoja. Av\u0161ak, konferencia biskupov \u0160vaj\u010diarska odpor\u00fa\u010da, aby sa na prik\u00e1zan\u00e9 sviatky, ak nie s\u00fa o\u0161etren\u00e9 z\u00e1konom, konali sl\u00e1vnostn\u00e9 bohoslu\u017eby v \u010dase, ktor\u00fd vhodne vyhovuje veriacim.&#8220;<\/span><br \/>\n<span style=\"color: #000000;\"> (Vi\u010f. SKZ 153 [1.985] Po\u010det 29\/30, p 473.)<\/span><br \/>\n<span style=\"color: #000000;\"> V kant\u00f3ne Z\u00fcrich s\u00fa z\u00e1v\u00e4zn\u00e9 tieto prik\u00e1zan\u00e9 sviatky:<\/span><\/p>\n<ul>\n<li><span style=\"color: #000000;\">25.12. (Narodenie P\u00e1na)<\/span><\/li>\n<li><span style=\"color: #000000;\">1.1. (Panny M\u00e1rie Bohorodi\u010dky)<\/span><\/li>\n<li><span style=\"color: #000000;\">Nanebovst\u00fapenie P\u00e1na<\/span><\/li>\n<\/ul>\n<p>&nbsp;<\/p>\n","protected":false},"excerpt":{"rendered":"<p>USMERNENIE BISKUPSKEJ KONFERENCIE KU ZACHOV\u00c1VANIU PRIK\u00c1ZAN\u00ddCH SVIATKOM Na z\u00e1klade Cirkevn\u00e9ho pr\u00e1va K\u00e1n. 1246\u00a0&#8211; \u00a7 2. m\u00f4\u017ee miestna biskupsk\u00e1 konferencia prik\u00e1zan\u00e9 sviatky zru\u0161i\u0165 alebo presun\u00fa\u0165 na nede\u013eu, po predch\u00e1dzaj\u00facom schv\u00e1len\u00ed Apo\u0161tolskej stolice. D\u0148a 3. j\u00fala&#46;&#46;&#46;<\/p>\n","protected":false},"author":3,"featured_media":0,"parent":0,"menu_order":0,"comment_status":"open","ping_status":"open","template":"","meta":{"ngg_post_thumbnail":0},"_links":{"self":[{"href":"https:\/\/www.skmisia.ch\/index.php?rest_route=\/wp\/v2\/pages\/1182"}],"collection":[{"href":"https:\/\/www.skmisia.ch\/index.php?rest_route=\/wp\/v2\/pages"}],"about":[{"href":"https:\/\/www.skmisia.ch\/index.php?rest_route=\/wp\/v2\/types\/page"}],"author":[{"embeddable":true,"href":"https:\/\/www.skmisia.ch\/index.php?rest_route=\/wp\/v2\/users\/3"}],"replies":[{"embeddable":true,"href":"https:\/\/www.skmisia.ch\/index.php?rest_route=%2Fwp%2Fv2%2Fcomments&post=1182"}],"version-history":[{"count":9,"href":"https:\/\/www.skmisia.ch\/index.php?rest_route=\/wp\/v2\/pages\/1182\/revisions"}],"predecessor-version":[{"id":5405,"href":"https:\/\/www.skmisia.ch\/index.php?rest_route=\/wp\/v2\/pages\/1182\/revisions\/5405"}],"wp:attachment":[{"href":"https:\/\/www.skmisia.ch\/index.php?rest_route=%2Fwp%2Fv2%2Fmedia&parent=1182"}],"curies":[{"name":"wp","href":"https:\/\/api.w.org\/{rel}","templated":true}]}}