{"id":1180,"date":"2014-05-14T22:24:52","date_gmt":"2014-05-14T21:24:52","guid":{"rendered":"https:\/\/www.skmisia.ch\/?page_id=1180"},"modified":"2020-03-21T10:26:11","modified_gmt":"2020-03-21T09:26:11","slug":"diecezy-biskupi","status":"publish","type":"page","link":"https:\/\/www.skmisia.ch\/?page_id=1180","title":{"rendered":"DIEC\u00c9ZY + BISKUPI"},"content":{"rendered":"<p><a href=\"https:\/\/www.skmisia.ch\/wp-content\/uploads\/2014\/05\/schweizer-dioezesen.jpg\" target=\"_blank\" rel=\"noopener noreferrer\"><img decoding=\"async\" loading=\"lazy\" class=\"aligncenter wp-image-5401 size-full\" src=\"https:\/\/www.skmisia.ch\/wp-content\/uploads\/2014\/05\/schweizer-dioezesen.jpg\" alt=\"schweizer-dioezesen\" width=\"1476\" height=\"1011\" srcset=\"https:\/\/www.skmisia.ch\/wp-content\/uploads\/2014\/05\/schweizer-dioezesen.jpg 1476w, https:\/\/www.skmisia.ch\/wp-content\/uploads\/2014\/05\/schweizer-dioezesen-300x205.jpg 300w, https:\/\/www.skmisia.ch\/wp-content\/uploads\/2014\/05\/schweizer-dioezesen-1024x701.jpg 1024w\" sizes=\"(max-width: 1476px) 100vw, 1476px\" \/><\/a><\/p>\n\n\n<p>Jednotliv\u00ed biskupi na \u00fazem\u00ed \u0160vaj\u010diarska: <a href=\"https:\/\/www.kath.ch\/bischoefe\">https:\/\/www.kath.ch\/bischoefe<\/a>\/<\/p>\n\n\n\n<p>Cirkevno &#8211; pr\u00e1vne \u010dlenenie Slovenska: <\/p>\n\n\n\n<figure class=\"wp-block-image\"><img decoding=\"async\" src=\"https:\/\/www.kbs.sk\/upload\/provincie_n.gif\" alt=\"\"\/><\/figure>\n\n\n\n<figure class=\"wp-block-image\"><img decoding=\"async\" src=\"https:\/\/www.kbs.sk\/upload\/mapa_grkat.gif\" alt=\"\"\/><figcaption><br><\/figcaption><\/figure>\n\n\n\n<p>Na Slovensku pastora\u010dne p\u00f4sob\u00ed v Ozbrojen\u00fdch sil\u00e1ch a Ozbrojen\u00fdch zboroch Ordinari\u00e1t (pre vojakov, policajtov, pracovn\u00edkov v\u00e4zn\u00edc, coln\u00edkov, hasi\u010dov, z\u00e1chran\u00e1rov):  <br>Web: <a rel=\"noreferrer noopener\" href=\"http:\/\/www.ordinariat.sk\" target=\"_blank\">http:\/\/www.ordinariat.sk<\/a> <\/p>\n","protected":false},"excerpt":{"rendered":"<p>Jednotliv\u00ed biskupi na \u00fazem\u00ed \u0160vaj\u010diarska: https:\/\/www.kath.ch\/bischoefe\/ Cirkevno &#8211; pr\u00e1vne \u010dlenenie Slovenska: Na Slovensku pastora\u010dne p\u00f4sob\u00ed v Ozbrojen\u00fdch sil\u00e1ch a Ozbrojen\u00fdch zboroch Ordinari\u00e1t (pre vojakov, policajtov, pracovn\u00edkov v\u00e4zn\u00edc, coln\u00edkov, hasi\u010dov, z\u00e1chran\u00e1rov): Web: http:\/\/www.ordinariat.sk<\/p>\n","protected":false},"author":3,"featured_media":0,"parent":0,"menu_order":0,"comment_status":"open","ping_status":"open","template":"","meta":{"ngg_post_thumbnail":0},"_links":{"self":[{"href":"https:\/\/www.skmisia.ch\/index.php?rest_route=\/wp\/v2\/pages\/1180"}],"collection":[{"href":"https:\/\/www.skmisia.ch\/index.php?rest_route=\/wp\/v2\/pages"}],"about":[{"href":"https:\/\/www.skmisia.ch\/index.php?rest_route=\/wp\/v2\/types\/page"}],"author":[{"embeddable":true,"href":"https:\/\/www.skmisia.ch\/index.php?rest_route=\/wp\/v2\/users\/3"}],"replies":[{"embeddable":true,"href":"https:\/\/www.skmisia.ch\/index.php?rest_route=%2Fwp%2Fv2%2Fcomments&post=1180"}],"version-history":[{"count":7,"href":"https:\/\/www.skmisia.ch\/index.php?rest_route=\/wp\/v2\/pages\/1180\/revisions"}],"predecessor-version":[{"id":10566,"href":"https:\/\/www.skmisia.ch\/index.php?rest_route=\/wp\/v2\/pages\/1180\/revisions\/10566"}],"wp:attachment":[{"href":"https:\/\/www.skmisia.ch\/index.php?rest_route=%2Fwp%2Fv2%2Fmedia&parent=1180"}],"curies":[{"name":"wp","href":"https:\/\/api.w.org\/{rel}","templated":true}]}}