{"id":1171,"date":"2014-05-14T22:21:27","date_gmt":"2014-05-14T21:21:27","guid":{"rendered":"https:\/\/www.skmisia.ch\/?page_id=1171"},"modified":"2019-05-08T14:29:59","modified_gmt":"2019-05-08T13:29:59","slug":"zakladne-modlitby","status":"publish","type":"page","link":"https:\/\/www.skmisia.ch\/?page_id=1171","title":{"rendered":"Z\u00c1KLADN\u00c9 MODLITBY DE"},"content":{"rendered":"<p>GRUNDGEBETE DER KIRCHE<\/p>\n<p>Das Kreuzzeichen<\/p>\n<p>Im Namen des Vaters und des Sohnes und des Heiligen Geistes. Amen.<\/p>\n<p>&nbsp;<\/p>\n<p>Ehre sei dem Vater<\/p>\n<p>Ehre sei dem Vater und dem Sohn und dem Heiligen Geist, wie im Anfang, so auch jetzt und alle Zeit und in Ewigkeit. Amen.<\/p>\n<p>&nbsp;<\/p>\n<p>Das Vaterunser<\/p>\n<p><span style=\"line-height: 1.5em;\">Vater unser im Himmel, geheiligt werde Dein Name.&nbsp;<\/span><span style=\"line-height: 1.5em;\">Dein Reich komme.&nbsp;<\/span>Dein Wille geschehe, wie im Himmel so auf Erden.&nbsp;Unser t\u00e4gliches Brot gib uns heute.&nbsp;Und vergib uns unsere Schuld, wie auch wir vergeben unseren Schuldigern.&nbsp;Und f\u00fchre uns nicht in Versuchung, sondern erl\u00f6se uns von dem B\u00f6sen.<\/p>\n<p>Denn dein ist das Reich und die Kraft und die Herrlichkeit in Ewigkeit. Amen.<\/p>\n<p>&nbsp;<\/p>\n<p><span style=\"line-height: 1.5em;\">Ave Maria<\/span><\/p>\n<p><span style=\"line-height: 1.5em;\">Gegr\u00fc\u00dfet seist Du Maria voll der Gnade.&nbsp;<\/span>Der Herr ist mit Dir.&nbsp;Du bist gebenedeit unter den Frauen.&nbsp;Und gebenedeit ist die Frucht Deines Leibes: Jesus.&nbsp;Heilige Maria, Mutter Gottes,&nbsp;bitte f\u00fcr uns S\u00fcnder&nbsp;jetzt und in der Stunde unseres Todes.<\/p>\n<p>&nbsp;<\/p>\n<p>Das Apostolische Glaubensbekenntnis<\/p>\n<p><span style=\"line-height: 1.5em;\">Ich glaube an Gott, den Vater, den Allm\u00e4chtigen, den Sch\u00f6pfer des Himmels und der Erde, und an Jesus Christus, seinen eingeborenen Sohn, unseren Herrn, empfangen durch den Heiligen Geist, geboren von der Jungfrau Maria, gelitten unter Pontius Pilatus, gekreuzigt, gestorben und begraben, hinabgestiegen in das Reich des Todes, am dritten Tage auferstanden von den Toten, aufgefahren in den Himmel; er sitzt zur Rechten Gottes, des allm\u00e4chtigen Vaters; von dort wird er kommen, zu richten die Lebenden und die Toten.Ich glaube an den Heiligen Geist, die heilige katholische Kirche, Gemeinschaft der Heiligen, Vergebung der S\u00fcnden, Auferstehung der Toten und das ewige Leben.<\/span><\/p>\n<p>&nbsp;<\/p>\n<p>Gloria<\/p>\n<p><span style=\"line-height: 1.5em;\">Ehre sei Gott in der H\u00f6he &nbsp;<\/span>und Frieden auf Erden den Menschen seiner Gnade&nbsp;Wir loben dich,&nbsp;wir preisen dich,&nbsp;wir beten dich an,&nbsp;wir r\u00fchmen dich und danken dir,&nbsp;denn gro\u00df ist deine Herrlichkeit:&nbsp;Herr und Gott, K\u00f6nig des Himmels,&nbsp;Gott und Vater, Herrscher \u00fcber das All,&nbsp;Herr, eingeborener Sohn, Jesus Christus,&nbsp;Herr und Gott, Lamm Gottes, Sohn des Vaters,&nbsp;du nimmst hinweg die S\u00fcnde der Welt.<\/p>\n<p>&nbsp;<\/p>\n<p>Sanctus<\/p>\n<p>Heilig, heilig, heilig Gott, Herr aller M\u00e4chte und Gewalten.&nbsp;Erf\u00fcllt sind Himmel und Erde von deiner Herrlichkeit.&nbsp;Hosanna in der H\u00f6he.&nbsp;Hochgelobt sei, der da kommt im Namen des Herrn.&nbsp;Hosanna in der H\u00f6he.<\/p>\n<p>&nbsp;<\/p>\n<p>Der Angelus (Engel des Herrn)<\/p>\n<p>Der Engel des Herrn brachte Maria die Botschaft, und sie empfing vom Heiligen Geist.&nbsp;Gegr\u00fc\u00dfet seist Du, Maria &#8230;. (Gebet siehe oben)<\/p>\n<p>Maria sprach: Siehe, ich bin die Magd des Herrn; mir geschehe nach Deinem Wort. Gegr\u00fc\u00dfet seist Du, Maria&#8230; Und das Wort ist Fleisch geworden und hat unter uns gewohnt. Gegr\u00fc\u00dfet seist Du, Maria<\/p>\n<p>Vorbeter: Bitte f\u00fcr uns, heilige Gottesmutter,<\/p>\n<p>Alle: dass wir w\u00fcrdig werden der Verhei\u00dfungen Christi.<\/p>\n<p>Vorbeter: Lasset uns beten: Allm\u00e4chtiger Gott, gie\u00dfe deine Gnade in unsere Herzen ein. Durch die Botschaft des Engels haben wir die Menschwerdung Christi, Deines Sohnes, erkannt. Lass uns durch sein Leiden und Kreuz zur Herrlichkeit der Auferstehung gelangen. Darum bitten wir durch Christus unseren Herrn. Amen.<\/p>\n<p>&nbsp;<\/p>\n<p>Regina caeli<\/p>\n<p><span style=\"line-height: 1.5em;\">Freu dich, du Himmelsk\u00f6nigin, Halleluja! <\/span><\/p>\n<p>Den du zu tragen w\u00fcrdig warst, Halleluja,<\/p>\n<p>er ist auferstanden, wie er gesagt hat, Halleluja.<\/p>\n<p>Bitt Gott f\u00fcr uns, Halleluja.<\/p>\n<p>&nbsp;<\/p>\n<p>Freu dich und frohlocke, Jungfrau Maria, Halleluja,<\/p>\n<p>denn der Herr ist wahrhaft auferstanden, Halleluja.<\/p>\n<p>&nbsp;<\/p>\n<p>Lasset uns beten. \u2013 Allm\u00e4chtiger Gott, durch die Auferstehung deines Sohnes, unseres Herrn Jesus Christus, hast du die Welt mit Jubel erf\u00fcllt. Lass uns durch seine jungfr\u00e4uliche Mutter Maria zur unverg\u00e4nglichen Osterfreude gelangen. Darum bitten wir durch Christus, unsern Herrn. Amen.<\/p>\n","protected":false},"excerpt":{"rendered":"<p>GRUNDGEBETE DER KIRCHE Das Kreuzzeichen Im Namen des Vaters und des Sohnes und des Heiligen Geistes. Amen. &nbsp; Ehre sei dem Vater Ehre sei dem Vater und dem Sohn und dem Heiligen Geist, wie&#46;&#46;&#46;<\/p>\n","protected":false},"author":3,"featured_media":0,"parent":0,"menu_order":0,"comment_status":"open","ping_status":"open","template":"","meta":{"ngg_post_thumbnail":0},"_links":{"self":[{"href":"https:\/\/www.skmisia.ch\/index.php?rest_route=\/wp\/v2\/pages\/1171"}],"collection":[{"href":"https:\/\/www.skmisia.ch\/index.php?rest_route=\/wp\/v2\/pages"}],"about":[{"href":"https:\/\/www.skmisia.ch\/index.php?rest_route=\/wp\/v2\/types\/page"}],"author":[{"embeddable":true,"href":"https:\/\/www.skmisia.ch\/index.php?rest_route=\/wp\/v2\/users\/3"}],"replies":[{"embeddable":true,"href":"https:\/\/www.skmisia.ch\/index.php?rest_route=%2Fwp%2Fv2%2Fcomments&post=1171"}],"version-history":[{"count":4,"href":"https:\/\/www.skmisia.ch\/index.php?rest_route=\/wp\/v2\/pages\/1171\/revisions"}],"predecessor-version":[{"id":9409,"href":"https:\/\/www.skmisia.ch\/index.php?rest_route=\/wp\/v2\/pages\/1171\/revisions\/9409"}],"wp:attachment":[{"href":"https:\/\/www.skmisia.ch\/index.php?rest_route=%2Fwp%2Fv2%2Fmedia&parent=1171"}],"curies":[{"name":"wp","href":"https:\/\/api.w.org\/{rel}","templated":true}]}}