{"id":1168,"date":"2014-05-14T22:21:09","date_gmt":"2014-05-14T21:21:09","guid":{"rendered":"https:\/\/www.skmisia.ch\/?page_id=1168"},"modified":"2015-03-03T11:25:34","modified_gmt":"2015-03-03T10:25:34","slug":"krestansky-pohreb","status":"publish","type":"page","link":"https:\/\/www.skmisia.ch\/?page_id=1168","title":{"rendered":"KRES\u0164ANSK\u00dd POHREB"},"content":{"rendered":"<p><a href=\"https:\/\/www.skmisia.ch\/wp-content\/uploads\/2014\/05\/anjel.jpg\"><img decoding=\"async\" loading=\"lazy\" class=\"size-medium wp-image-3069 alignright\" alt=\"anjel\" src=\"https:\/\/www.skmisia.ch\/wp-content\/uploads\/2014\/05\/anjel-300x123.jpg\" width=\"300\" height=\"123\" srcset=\"https:\/\/www.skmisia.ch\/wp-content\/uploads\/2014\/05\/anjel-300x123.jpg 300w, https:\/\/www.skmisia.ch\/wp-content\/uploads\/2014\/05\/anjel.jpg 350w\" sizes=\"(max-width: 300px) 100vw, 300px\" \/><\/a><\/p>\n<p>&nbsp;<\/p>\n<p><span style=\"font-size: 0.75em; line-height: 1.5em;\">Mesto Z\u00fcrich uklad\u00e1 pri smrti pr\u00edbuzn\u00e9ho vykona\u0165 tieto kroky<\/span><span style=\"font-size: 0.75em; line-height: 1.5em;\">:<\/span><\/p>\n<p><strong>Was tun im Todesfall?<\/strong><\/p>\n<p><em><strong>\u00a0Es ist eine Person zu Hause verstorben<\/strong><\/em><\/p>\n<p>Ist ein Mensch zu Hause verstorben, so verst\u00e4ndigen die Angeh\u00f6rigen zuerst eine \u00c4rztin oder einen Arzt. Diese oder dieser best\u00e4tigt den Tod und stellt die \u00e4rztliche Todesbescheinigung aus. Erst dann darf die verstorbene Person in eine Aufbahrungshalle \u00fcberf\u00fchrt werden.<\/p>\n<p>Kontakt im Stadt Zurich:<\/p>\n<p>Bestattungsamt Z\u00fcrich:\u00a0 +41 44 412 31 78<\/p>\n<p>Fahrdienst (Bestatter):\u00a0\u00a0\u00a0 +41 44 412 06 50<\/p>\n<p>Sanit\u00e4t (\u00fcber Nacht):\u00a0\u00a0\u00a0\u00a0\u00a0\u00a0 +41 44 289 33 33<\/p>\n<p>&nbsp;<\/p>\n<p><em><strong>Es ist eine Person in einem Spital oder in einem Heim verstorben<\/strong><\/em><\/p>\n<p>Das Pflegepersonal im Spital oder Heim kennt sich bez\u00fcglich des Vorgehens bei Todesf\u00e4llen gut aus: Es verst\u00e4ndigt die \u00c4rztin \/ den Arzt, die oder der den Tod feststellt und die \u00e4rztliche Todesbescheinigung ausstellt. Die \u00e4rztliche Todesbescheinigung sowie die Todesanzeige &#8211; beides Originaldokumente &#8211; werden vom Spital oder Heim direkt an das Zivilstandsamt des Sterbeortes gesandt. Die Angeh\u00f6rigen erhalten in der Regel von beiden Dokumenten eine Kopie. Das Pflegepersonal teilt den Angeh\u00f6rigen zudem mit, wie lange der oder die Verstorbene noch im Zimmer bleiben darf oder ob das Spital oder Heim \u00fcber eine eigene Aufbahrung verf\u00fcgt. Das Personal veranlasst in der Regel auch die \u00dcberf\u00fchrung in eine Aufbahrungshalle, wo die Angeh\u00f6rigen nochmals ausreichend Gelegenheit haben, Abschied zu nehmen.<\/p>\n<p>&nbsp;<\/p>\n<p><em><strong>Bei einem Unfall oder Suizid<\/strong><\/em><\/p>\n<p>Dabei handelt es sich um einen aussergew\u00f6hnlichen Todesfall, welcher der Polizei gemeldet werden muss. Zudem wird der Bezirksarzt hinzugezogen. In der Regel wird die verstorbene Person ins Institut f\u00fcr Rechtsmedizin \u00fcberf\u00fchrt, welches die Fragen nach Todeszeit, Todesursache und Todesart abkl\u00e4rt. Die Untersuchung kann einige Tage in Anspruch nehmen. Der oder die Verstorbene darf bestattet werden, wenn das Institut f\u00fcr Rechtsmedizin seine Untersuchungen abgeschlossen hat.<\/p>\n<p>&nbsp;<\/p>\n<p><em><strong>Anmeldung eines Todesfalls<\/strong><\/em><\/p>\n<p>Jeder Todesfall auf dem Gebiet der Stadt Z\u00fcrich muss beim Bestattungsamt gemeldet werden.<\/p>\n<p>Die Anmeldung sollte pers\u00f6nlich durch die Angeh\u00f6rigen oder einer bevollm\u00e4chtigten Person erfolgen, wenn die\/der Verstorbene in der Stadt Z\u00fcrich wohnhaft gewesen war und\/oder eine Beisetzung auf einem st\u00e4dtischen Friedhof gew\u00fcnscht wird. Im Bestattungsamt werden die Details der Aufbahrung, Bestattung und die Trauerfeier besprochen.<\/p>\n<p>&nbsp;<\/p>\n<p><em><strong>F\u00fcr die Aufnahme des Todesfalls bringen Sie bitte, soweit vorhanden, folgende Dokumente mit:<\/strong><\/em><\/p>\n<p><b style=\"line-height: 1.5em;\">Kopie der \u00e4rztlichen Todesbescheinigung. Wenn zu Hause verstorben, das Original der Todesbescheinigung<\/b><\/p>\n<p>Kopie der Todesanzeige vom Spital oder Heim<\/p>\n<p><strong>Meldebest\u00e4tigung<\/strong> (bei ausl\u00e4ndischen Staatsangeh\u00f6rigen Ausl\u00e4nderausweis, Reisepass)<\/p>\n<p>Familienb\u00fcchlein<\/p>\n<p>&nbsp;<\/p>\n<p><em><strong>Bevor Sie ins Stadthaus kommen, machen Sie sich zu folgenden Fragen Gedanken:<a href=\"https:\/\/www.skmisia.ch\/wp-content\/uploads\/2014\/05\/zost.jpg\"><img decoding=\"async\" loading=\"lazy\" class=\"size-medium wp-image-3071 alignright\" alt=\"zost\" src=\"https:\/\/www.skmisia.ch\/wp-content\/uploads\/2014\/05\/zost-217x300.jpg\" width=\"217\" height=\"300\" srcset=\"https:\/\/www.skmisia.ch\/wp-content\/uploads\/2014\/05\/zost-217x300.jpg 217w, https:\/\/www.skmisia.ch\/wp-content\/uploads\/2014\/05\/zost.jpg 400w\" sizes=\"(max-width: 217px) 100vw, 217px\" \/><\/a><\/strong><\/em><\/p>\n<p>Gibt es einen letzten Wunsch der verstorbenen Person?<\/p>\n<p><b>Gibt es eine Erdbestattung oder eine Kremation?<\/b><\/p>\n<p><b>Wann und wo soll die Bestattung und die Trauerfeier stattfinden?<\/b><\/p>\n<p>Welchen Grabtyp w\u00fcnschen Sie?<\/p>\n","protected":false},"excerpt":{"rendered":"<p>&nbsp; Mesto Z\u00fcrich uklad\u00e1 pri smrti pr\u00edbuzn\u00e9ho vykona\u0165 tieto kroky: Was tun im Todesfall? \u00a0Es ist eine Person zu Hause verstorben Ist ein Mensch zu Hause verstorben, so verst\u00e4ndigen die Angeh\u00f6rigen zuerst eine \u00c4rztin&#46;&#46;&#46;<\/p>\n","protected":false},"author":3,"featured_media":0,"parent":0,"menu_order":0,"comment_status":"open","ping_status":"open","template":"","meta":{"ngg_post_thumbnail":0},"_links":{"self":[{"href":"https:\/\/www.skmisia.ch\/index.php?rest_route=\/wp\/v2\/pages\/1168"}],"collection":[{"href":"https:\/\/www.skmisia.ch\/index.php?rest_route=\/wp\/v2\/pages"}],"about":[{"href":"https:\/\/www.skmisia.ch\/index.php?rest_route=\/wp\/v2\/types\/page"}],"author":[{"embeddable":true,"href":"https:\/\/www.skmisia.ch\/index.php?rest_route=\/wp\/v2\/users\/3"}],"replies":[{"embeddable":true,"href":"https:\/\/www.skmisia.ch\/index.php?rest_route=%2Fwp%2Fv2%2Fcomments&post=1168"}],"version-history":[{"count":3,"href":"https:\/\/www.skmisia.ch\/index.php?rest_route=\/wp\/v2\/pages\/1168\/revisions"}],"predecessor-version":[{"id":3073,"href":"https:\/\/www.skmisia.ch\/index.php?rest_route=\/wp\/v2\/pages\/1168\/revisions\/3073"}],"wp:attachment":[{"href":"https:\/\/www.skmisia.ch\/index.php?rest_route=%2Fwp%2Fv2%2Fmedia&parent=1168"}],"curies":[{"name":"wp","href":"https:\/\/api.w.org\/{rel}","templated":true}]}}