{"id":1130,"date":"2014-05-14T22:00:29","date_gmt":"2014-05-14T21:00:29","guid":{"rendered":"https:\/\/www.skmisia.ch\/?page_id=1130"},"modified":"2019-04-15T20:34:44","modified_gmt":"2019-04-15T19:34:44","slug":"sv-omse-lausanne","status":"publish","type":"page","link":"https:\/\/www.skmisia.ch\/?page_id=1130","title":{"rendered":"Sv. om\u0161e Lausanne"},"content":{"rendered":"<p align=\"center\"><b>PROGRAM SV. OM\u0160\u00cd PRE LAUSANNE <\/b><\/p>\n<p align=\"center\"><b>&nbsp;<\/b><\/p>\n<p align=\"center\"><b>Chapelle du Servan; Chemin Eug\u00e8ne Grasset 12; 1005 Lausanne<\/b><\/p>\n<p align=\"center\"><b>om\u0161a sa sl\u00fa\u017ei spravidla v tretiu nede\u013eu v mesiaci o 16,30 hod<\/b><\/p>\n<h6>&nbsp;<\/h6>\n<p>&nbsp;<\/p>\n<p>&nbsp;<\/p>\n","protected":false},"excerpt":{"rendered":"<p>PROGRAM SV. OM\u0160\u00cd PRE LAUSANNE &nbsp; Chapelle du Servan; Chemin Eug\u00e8ne Grasset 12; 1005 Lausanne om\u0161a sa sl\u00fa\u017ei spravidla v tretiu nede\u013eu v mesiaci o 16,30 hod &nbsp; &nbsp; &nbsp;<\/p>\n","protected":false},"author":3,"featured_media":0,"parent":0,"menu_order":0,"comment_status":"open","ping_status":"open","template":"","meta":{"ngg_post_thumbnail":0},"_links":{"self":[{"href":"https:\/\/www.skmisia.ch\/index.php?rest_route=\/wp\/v2\/pages\/1130"}],"collection":[{"href":"https:\/\/www.skmisia.ch\/index.php?rest_route=\/wp\/v2\/pages"}],"about":[{"href":"https:\/\/www.skmisia.ch\/index.php?rest_route=\/wp\/v2\/types\/page"}],"author":[{"embeddable":true,"href":"https:\/\/www.skmisia.ch\/index.php?rest_route=\/wp\/v2\/users\/3"}],"replies":[{"embeddable":true,"href":"https:\/\/www.skmisia.ch\/index.php?rest_route=%2Fwp%2Fv2%2Fcomments&post=1130"}],"version-history":[{"count":18,"href":"https:\/\/www.skmisia.ch\/index.php?rest_route=\/wp\/v2\/pages\/1130\/revisions"}],"predecessor-version":[{"id":9366,"href":"https:\/\/www.skmisia.ch\/index.php?rest_route=\/wp\/v2\/pages\/1130\/revisions\/9366"}],"wp:attachment":[{"href":"https:\/\/www.skmisia.ch\/index.php?rest_route=%2Fwp%2Fv2%2Fmedia&parent=1130"}],"curies":[{"name":"wp","href":"https:\/\/api.w.org\/{rel}","templated":true}]}}