{"id":1122,"date":"2014-05-14T22:00:29","date_gmt":"2014-05-14T21:00:29","guid":{"rendered":"https:\/\/www.skmisia.ch\/?page_id=1122"},"modified":"2019-03-27T18:10:02","modified_gmt":"2019-03-27T17:10:02","slug":"sv-omse-basel","status":"publish","type":"page","link":"https:\/\/www.skmisia.ch\/?page_id=1122","title":{"rendered":"Sv. om\u0161e Basel"},"content":{"rendered":"<p align=\"center\"><b>SV\u00c4T\u00c9 OM\u0160E<\/b><\/p>\n<p align=\"center\"><b>V SLOVENSKOM JAZYKU \u2013 BASEL&nbsp; 2018<\/b><\/p>\n<p align=\"center\"><b>Kostol&nbsp;<\/b><strong><a title=\"Slovensk\u00e9 om\u0161e - Basel\" href=\"https:\/\/www.google.ch\/maps\/place\/Allerheiligen\/@47.548223,7.568532,17z\/data=!3m1!4b1!4m2!3m1!1s0x4791b8fb8528649f:0xd13b51d724ac329d?hl=sk\" target=\"_blank\" rel=\"noopener noreferrer\">Allerheiligen,&nbsp;Neubadstrasse 95 &#8211;&nbsp;4054 Basel<\/a><\/strong>*<\/p>\n<h6 style=\"text-align: center;\"><span style=\"color: #333333;\">GOTTESDIENSTE IN DER SLOWAKISCHEN SPRACHE 2019<\/span><\/h6>\n<h6 style=\"text-align: center;\"><span style=\"color: #333333;\"><strong>SV\u00c4T\u00c9 OM\u0160E V SLOVENSKOM JAZYKU \u2013 BASEL&nbsp;2019<\/strong><\/span><\/h6>\n<h6 style=\"text-align: center;\"><span style=\"color: #333333;\"><strong>Kostol-Kirche:&nbsp;Allerheiligen, Neubadstrasse 95 \u2013 4054 Basel<\/strong><\/span><\/h6>\n<h6><span style=\"color: #333333;\"><strong>&nbsp;<\/strong><\/span><\/h6>\n<table>\n<tbody>\n<tr>\n<td width=\"282\">\n<h6 style=\"text-align: center;\"><span style=\"color: #333333;\"><strong>Tag der Woche<\/strong><\/span><\/h6>\n<h6 style=\"text-align: center;\"><span style=\"color: #333333;\"><em>De\u0148 v t\u00fd\u017edni<\/em><\/span><\/h6>\n<\/td>\n<td style=\"text-align: center;\" width=\"282\">\n<h6><span style=\"color: #333333;\"><strong>Datum + Zeit<\/strong><\/span><\/h6>\n<h6><span style=\"color: #333333;\"><em>D\u00e1tum + Hodina<\/em><\/span><\/h6>\n<\/td>\n<\/tr>\n<tr>\n<td width=\"282\">&nbsp;<\/td>\n<td width=\"282\">&nbsp;<\/td>\n<\/tr>\n<tr>\n<td width=\"282\">&nbsp;<\/td>\n<td width=\"282\">&nbsp;<\/td>\n<\/tr>\n<tr>\n<td width=\"282\">&nbsp;<\/td>\n<td width=\"282\">&nbsp;<\/td>\n<\/tr>\n<tr>\n<td width=\"282\">&nbsp;<\/td>\n<td width=\"282\">&nbsp;<\/td>\n<\/tr>\n<tr>\n<td width=\"282\">&nbsp;<\/td>\n<td width=\"282\">&nbsp;<\/td>\n<\/tr>\n<tr>\n<td width=\"282\">&nbsp;<\/td>\n<td width=\"282\">&nbsp;<\/td>\n<\/tr>\n<tr>\n<td width=\"282\">\n<h6><span style=\"color: #333333;\">DIMANCHE \/ <strong>Nede\u013ea<\/strong> \/ <em>Sontag<\/em><\/span><\/h6>\n<\/td>\n<td width=\"282\">\n<h6><span style=\"color: #333333;\">14.04.2019&nbsp;&nbsp;&nbsp; 17:30<\/span><\/h6>\n<h6><span style=\"color: #333333;\"><strong>&nbsp;<\/strong><\/span><\/h6>\n<\/td>\n<\/tr>\n<tr>\n<td width=\"282\">\n<h6><span style=\"color: #333333;\">DIMANCHE \/ <strong>Nede\u013ea<\/strong> \/ <em>Sontag<\/em><\/span><\/h6>\n<\/td>\n<td width=\"282\">\n<h6><span style=\"color: #333333;\">28.04.2019&nbsp;&nbsp;&nbsp; 17:30<\/span><\/h6>\n<h6><span style=\"color: #333333;\"><strong>&nbsp;<\/strong><\/span><\/h6>\n<\/td>\n<\/tr>\n<tr>\n<td width=\"282\">\n<h6><span style=\"color: #333333;\">DIMANCHE \/ <strong>Nede\u013ea<\/strong> \/ <em>Sontag<\/em><\/span><\/h6>\n<\/td>\n<td width=\"282\">\n<h6><span style=\"color: #333333;\">19.05.2019&nbsp;&nbsp;&nbsp; 12:30<\/span><\/h6>\n<h6><span style=\"color: #333333;\">IN MARIASTEIN<\/span><\/h6>\n<\/td>\n<\/tr>\n<tr>\n<td width=\"282\">\n<h6><span style=\"color: #333333;\">DIMANCHE \/ <strong>Nede\u013ea<\/strong> \/ <em>Sontag<\/em><\/span><\/h6>\n<\/td>\n<td width=\"282\">\n<h6><span style=\"color: #333333;\">26.05.2019&nbsp;&nbsp;&nbsp; 17:30<\/span><\/h6>\n<\/td>\n<\/tr>\n<tr>\n<td width=\"282\">\n<h6><span style=\"color: #333333;\">DIMANCHE \/ <strong>Nede\u013ea<\/strong> \/ <em>Sontag<\/em><\/span><\/h6>\n<\/td>\n<td width=\"282\">\n<h6><span style=\"color: #333333;\">09.06.2019&nbsp;&nbsp;&nbsp; 17:30<\/span><\/h6>\n<\/td>\n<\/tr>\n<tr>\n<td width=\"282\">\n<h6><span style=\"color: #333333;\">DIMANCHE \/ <strong>Nede\u013ea<\/strong> \/ <em>Sontag<\/em><\/span><\/h6>\n<\/td>\n<td width=\"282\">\n<h6><span style=\"color: #333333;\">23.06.2019&nbsp;&nbsp;&nbsp; 17:30<\/span><\/h6>\n<\/td>\n<\/tr>\n<tr>\n<td width=\"282\">\n<h6><span style=\"color: #333333;\">DIMANCHE \/ <strong>Nede\u013ea<\/strong> \/ <em>Sontag<\/em><\/span><\/h6>\n<\/td>\n<td width=\"282\">&nbsp;<\/td>\n<\/tr>\n<tr>\n<td width=\"282\">\n<h6><span style=\"color: #333333;\">DIMANCHE \/ <strong>Nede\u013ea<\/strong> \/ <em>Sontag<\/em><\/span><\/h6>\n<\/td>\n<td width=\"282\">\n<h6><span style=\"color: #333333;\">25.08.2019&nbsp;&nbsp;&nbsp; 17:30<\/span><\/h6>\n<\/td>\n<\/tr>\n<tr>\n<td width=\"282\">\n<h6><span style=\"color: #333333;\">8.9. 2019<\/span><\/h6>\n<\/td>\n<td width=\"282\">\n<h6><span style=\"color: #333333;\">Wallhahrt EINSIEDELN<\/span><\/h6>\n<h6><span style=\"color: #333333;\">Keine Messe in Basel<\/span><\/h6>\n<\/td>\n<\/tr>\n<tr>\n<td width=\"282\">\n<h6><span style=\"color: #333333;\">DIMANCHE \/ <strong>Nede\u013ea<\/strong> \/ <em>Sontag<\/em><\/span><\/h6>\n<\/td>\n<td width=\"282\">\n<h6><span style=\"color: #333333;\">22.09.2019&nbsp;&nbsp;&nbsp; 17:30<\/span><\/h6>\n<\/td>\n<\/tr>\n<tr>\n<td width=\"282\">\n<h6><span style=\"color: #333333;\">DIMANCHE \/ <strong>Nede\u013ea<\/strong> \/ <em>Sontag<\/em><\/span><\/h6>\n<\/td>\n<td width=\"282\">\n<h6><span style=\"color: #333333;\">13.10.2019&nbsp;&nbsp;&nbsp; 17:30<\/span><\/h6>\n<\/td>\n<\/tr>\n<tr>\n<td width=\"282\">\n<h6><span style=\"color: #333333;\">DIMANCHE \/ <strong>Nede\u013ea<\/strong> \/ <em>Sontag<\/em><\/span><\/h6>\n<\/td>\n<td width=\"282\">\n<h6><span style=\"color: #333333;\">27.10.2019&nbsp;&nbsp;&nbsp; 17:30<\/span><\/h6>\n<\/td>\n<\/tr>\n<tr>\n<td width=\"282\">\n<h6><span style=\"color: #333333;\">DIMANCHE \/ <strong>Nede\u013ea<\/strong> \/ <em>Sontag<\/em><\/span><\/h6>\n<\/td>\n<td width=\"282\">\n<h6><span style=\"color: #333333;\">10.11.2019&nbsp;&nbsp;&nbsp; 17:30<\/span><\/h6>\n<\/td>\n<\/tr>\n<tr>\n<td width=\"282\">\n<h6><span style=\"color: #333333;\">DIMANCHE \/ <strong>Nede\u013ea<\/strong> \/ <em>Sontag<\/em><\/span><\/h6>\n<\/td>\n<td width=\"282\">\n<h6><span style=\"color: #333333;\">24.11.2019&nbsp;&nbsp;&nbsp; 17:30<\/span><\/h6>\n<\/td>\n<\/tr>\n<tr>\n<td width=\"282\">\n<h6><span style=\"color: #333333;\">DIMANCHE \/ <strong>Nede\u013ea<\/strong> \/ <em>Sontag<\/em><\/span><\/h6>\n<\/td>\n<td width=\"282\">\n<h6><span style=\"color: #333333;\">08.12.2019&nbsp;&nbsp;&nbsp; 17:30<\/span><\/h6>\n<h6><span style=\"color: #333333;\">Sankt Nikolaus<\/span><\/h6>\n<\/td>\n<\/tr>\n<tr>\n<td width=\"282\">\n<h6><span style=\"color: #333333;\">DIMANCHE \/ <strong>Nede\u013ea<\/strong> \/ <em>Sontag<\/em><\/span><\/h6>\n<\/td>\n<td width=\"282\">\n<h6><span style=\"color: #333333;\">22.12.2019&nbsp;&nbsp;&nbsp; 17:30<\/span><\/h6>\n<\/td>\n<\/tr>\n<tr>\n<td style=\"text-align: center;\" width=\"282\">\n<h6><span style=\"color: #333333;\">DIMANCHE \/ <strong>Nede\u013ea<\/strong> \/ <em>Sontag<\/em><\/span><\/h6>\n<\/td>\n<td width=\"282\">\n<h6 style=\"text-align: center;\"><span style=\"color: #333333;\">25.12.2019&nbsp;&nbsp;&nbsp; 17:30<\/span><\/h6>\n<\/td>\n<\/tr>\n<\/tbody>\n<\/table>\n<h6>&nbsp;<\/h6>\n<p>&nbsp;<\/p>\n<p>Kontakt na miestnu farnos\u0165 Allerheiligen:<strong>&nbsp;<\/strong><\/p>\n<p>Allerheiligen@rkk-bs.ch<\/p>\n<p>Sakristanin: Kallen Rajinee &lt;rajinee.kallen@sunrise.ch&gt;<\/p>\n<p>Mercy Mekkattu &lt;mekkattu.mercy@rkk-bs.ch&gt;<\/p>\n<p>Pfarrer Markus Brun &lt;pfarrer.allerheiligen@rkk-bs.ch&gt;<\/p>\n<p>&nbsp;<\/p>\n","protected":false},"excerpt":{"rendered":"<p>SV\u00c4T\u00c9 OM\u0160E V SLOVENSKOM JAZYKU \u2013 BASEL&nbsp; 2018 Kostol&nbsp;Allerheiligen,&nbsp;Neubadstrasse 95 &#8211;&nbsp;4054 Basel* GOTTESDIENSTE IN DER SLOWAKISCHEN SPRACHE 2019 SV\u00c4T\u00c9 OM\u0160E V SLOVENSKOM JAZYKU \u2013 BASEL&nbsp;2019 Kostol-Kirche:&nbsp;Allerheiligen, Neubadstrasse 95 \u2013 4054 Basel &nbsp; Tag der&#46;&#46;&#46;<\/p>\n","protected":false},"author":3,"featured_media":0,"parent":0,"menu_order":0,"comment_status":"open","ping_status":"open","template":"","meta":{"ngg_post_thumbnail":0},"_links":{"self":[{"href":"https:\/\/www.skmisia.ch\/index.php?rest_route=\/wp\/v2\/pages\/1122"}],"collection":[{"href":"https:\/\/www.skmisia.ch\/index.php?rest_route=\/wp\/v2\/pages"}],"about":[{"href":"https:\/\/www.skmisia.ch\/index.php?rest_route=\/wp\/v2\/types\/page"}],"author":[{"embeddable":true,"href":"https:\/\/www.skmisia.ch\/index.php?rest_route=\/wp\/v2\/users\/3"}],"replies":[{"embeddable":true,"href":"https:\/\/www.skmisia.ch\/index.php?rest_route=%2Fwp%2Fv2%2Fcomments&post=1122"}],"version-history":[{"count":33,"href":"https:\/\/www.skmisia.ch\/index.php?rest_route=\/wp\/v2\/pages\/1122\/revisions"}],"predecessor-version":[{"id":9240,"href":"https:\/\/www.skmisia.ch\/index.php?rest_route=\/wp\/v2\/pages\/1122\/revisions\/9240"}],"wp:attachment":[{"href":"https:\/\/www.skmisia.ch\/index.php?rest_route=%2Fwp%2Fv2%2Fmedia&parent=1122"}],"curies":[{"name":"wp","href":"https:\/\/api.w.org\/{rel}","templated":true}]}}