{"id":1114,"date":"2014-05-14T22:01:08","date_gmt":"2014-05-14T21:01:08","guid":{"rendered":"https:\/\/www.skmisia.ch\/?page_id=1114"},"modified":"2023-02-02T18:57:48","modified_gmt":"2023-02-02T17:57:48","slug":"kruzky-zurich","status":"publish","type":"page","link":"https:\/\/www.skmisia.ch\/?page_id=1114","title":{"rendered":"Kr\u00fa\u017eky Z\u00fcrich"},"content":{"rendered":"<h4 style=\"text-align: center;\">Futbalov\u00fd kr\u00fa\u017eok<\/h4>\n<p>Pravidelne sa stret\u00e1vame ka\u017ed\u00fd \u0161tvrtok. &nbsp;Fungujeme pod z\u00e1\u0161titou Slovenskej Katol\u00edckej Misie a radi medzi sebou priv\u00edtame t\u00fdch, \u010do s\u00fa s \u0148ou sp\u00e4t\u00ed a maj\u00fa radi pohyb, zvl\u00e1\u0161\u0165 futbal. Ak m\u00e1\u0161 z\u00e1ujem sa ku n\u00e1m prida\u0165, m\u00f4\u017ee\u0161 n\u00e1s kontaktova\u0165 na k\u00e1ve po nede\u013enej sv. om\u0161i (Liebfrauen-Krypta o 9:30). Bli\u017e\u0161ie inform\u00e1cie o futbalovom kr\u00fa\u017eku a pravideln\u00fdch stretnutiach m\u00f4\u017ee\u0161 dost\u00e1va\u0165 ak sa ozve\u0161 na mailov\u00fa adresu: kakos.jan@gmail.com<\/p>\n<p>\u0160portu zdar!<\/p>\n<p>&nbsp;<\/p>\n","protected":false},"excerpt":{"rendered":"<p>Futbalov\u00fd kr\u00fa\u017eok Pravidelne sa stret\u00e1vame ka\u017ed\u00fd \u0161tvrtok. &nbsp;Fungujeme pod z\u00e1\u0161titou Slovenskej Katol\u00edckej Misie a radi medzi sebou priv\u00edtame t\u00fdch, \u010do s\u00fa s \u0148ou sp\u00e4t\u00ed a maj\u00fa radi pohyb, zvl\u00e1\u0161\u0165 futbal. Ak m\u00e1\u0161 z\u00e1ujem sa&#46;&#46;&#46;<\/p>\n","protected":false},"author":3,"featured_media":0,"parent":0,"menu_order":0,"comment_status":"open","ping_status":"open","template":"","meta":{"ngg_post_thumbnail":0},"_links":{"self":[{"href":"https:\/\/www.skmisia.ch\/index.php?rest_route=\/wp\/v2\/pages\/1114"}],"collection":[{"href":"https:\/\/www.skmisia.ch\/index.php?rest_route=\/wp\/v2\/pages"}],"about":[{"href":"https:\/\/www.skmisia.ch\/index.php?rest_route=\/wp\/v2\/types\/page"}],"author":[{"embeddable":true,"href":"https:\/\/www.skmisia.ch\/index.php?rest_route=\/wp\/v2\/users\/3"}],"replies":[{"embeddable":true,"href":"https:\/\/www.skmisia.ch\/index.php?rest_route=%2Fwp%2Fv2%2Fcomments&post=1114"}],"version-history":[{"count":9,"href":"https:\/\/www.skmisia.ch\/index.php?rest_route=\/wp\/v2\/pages\/1114\/revisions"}],"predecessor-version":[{"id":13626,"href":"https:\/\/www.skmisia.ch\/index.php?rest_route=\/wp\/v2\/pages\/1114\/revisions\/13626"}],"wp:attachment":[{"href":"https:\/\/www.skmisia.ch\/index.php?rest_route=%2Fwp%2Fv2%2Fmedia&parent=1114"}],"curies":[{"name":"wp","href":"https:\/\/api.w.org\/{rel}","templated":true}]}}