{"id":10987,"date":"2021-05-03T19:31:12","date_gmt":"2021-05-03T17:31:12","guid":{"rendered":"https:\/\/www.skmisia.ch\/?page_id=10987"},"modified":"2021-05-03T19:31:12","modified_gmt":"2021-05-03T17:31:12","slug":"postna-videoobnova-2021","status":"publish","type":"page","link":"https:\/\/www.skmisia.ch\/?page_id=10987","title":{"rendered":"P\u00f4stna videoobnova 2021"},"content":{"rendered":"\n<p>Na tejto str\u00e1nke m\u00f4\u017eete n\u00e1js\u0165 prezent\u00e1cie a nahr\u00e1vky z p\u00f4stnej videoobnovy v roku 2021.<\/p>\n\n\n<ul>\n<li>1. diel: Pavol Grach, SDB: Kres\u0165ansk\u00e1 rados\u0165 na podklade listu p\u00e1pe\u017ea Franti\u0161ka Evangelium Gaudii<br>\nPrezent\u00e1cia: <a href=\"https:\/\/www.skmisia.ch\/wp-content\/uploads\/2021\/02\/Rados\u0165-evanjelia_p\u00f4st-2021-CH.pptx\">Rados\u0165 evanjelia_p\u00f4st 2021 CH<\/a><br>\nVideo: <a href=\"https:\/\/virtualna.skmisia.ch\/nahravky\/videoobnova_2021-02-19.mp4\">videoobnova_2021-02-19.mp4<\/a> <\/li>\n<li>2. diel: Pavel Prihatn\u00fd, OFM Cap.: \u017dalm 1<br>\nVideo: <a href=\"https:\/\/virtualna.skmisia.ch\/nahravky\/videoobnova_2021-02-26.mp4\">videoobnova_2021-02-26.mp4<\/a><\/li>\n<li>3. diel: Milo\u0161 Lichner, SJ.: Cirkevn\u00e9 \u0161kand\u00e1ly u sv. August\u00edna<br>\nVideo: <a href=\"https:\/\/virtualna.skmisia.ch\/nahravky\/videoobnova_2021-03-12.mp4\">videoobnova_2021-03-12.mp4<\/a> <\/li>\n<li>4. diel: Jozef Brod\u0148ansk\u00fd, OSB.: P\u00f4st a ask\u00e9za sv. Jozefa<br>\nVideo: <a href=\"https:\/\/virtualna.skmisia.ch\/nahravky\/videoobnova_2021-03-19.mp4\">videoobnova_2021-03-19.mp4<\/a> <\/li>\n<li>5. diel: Juraj Mih\u00e1ly, OFM.: Sobota a nede\u013ea<br>\nVideo: <a href=\"https:\/\/virtualna.skmisia.ch\/nahravky\/videoobnova_2021-03-26.mp4\">videoobnova_2021-03-26.mp4<\/a> <\/li>\n<\/ul>\n\n\n<p><\/p>\n","protected":false},"excerpt":{"rendered":"<p>Na tejto str\u00e1nke m\u00f4\u017eete n\u00e1js\u0165 prezent\u00e1cie a nahr\u00e1vky z p\u00f4stnej videoobnovy v roku 2021. 1. diel: Pavol Grach, SDB: Kres\u0165ansk\u00e1 rados\u0165 na podklade listu p\u00e1pe\u017ea Franti\u0161ka Evangelium Gaudii Prezent\u00e1cia: Rados\u0165 evanjelia_p\u00f4st 2021 CH Video:&#46;&#46;&#46;<\/p>\n","protected":false},"author":1,"featured_media":0,"parent":0,"menu_order":0,"comment_status":"closed","ping_status":"closed","template":"","meta":{"ngg_post_thumbnail":0},"_links":{"self":[{"href":"https:\/\/www.skmisia.ch\/index.php?rest_route=\/wp\/v2\/pages\/10987"}],"collection":[{"href":"https:\/\/www.skmisia.ch\/index.php?rest_route=\/wp\/v2\/pages"}],"about":[{"href":"https:\/\/www.skmisia.ch\/index.php?rest_route=\/wp\/v2\/types\/page"}],"author":[{"embeddable":true,"href":"https:\/\/www.skmisia.ch\/index.php?rest_route=\/wp\/v2\/users\/1"}],"replies":[{"embeddable":true,"href":"https:\/\/www.skmisia.ch\/index.php?rest_route=%2Fwp%2Fv2%2Fcomments&post=10987"}],"version-history":[{"count":7,"href":"https:\/\/www.skmisia.ch\/index.php?rest_route=\/wp\/v2\/pages\/10987\/revisions"}],"predecessor-version":[{"id":11056,"href":"https:\/\/www.skmisia.ch\/index.php?rest_route=\/wp\/v2\/pages\/10987\/revisions\/11056"}],"wp:attachment":[{"href":"https:\/\/www.skmisia.ch\/index.php?rest_route=%2Fwp%2Fv2%2Fmedia&parent=10987"}],"curies":[{"name":"wp","href":"https:\/\/api.w.org\/{rel}","templated":true}]}}