{"id":10669,"date":"2020-05-04T10:21:48","date_gmt":"2020-05-04T09:21:48","guid":{"rendered":"https:\/\/www.skmisia.ch\/?page_id=10669"},"modified":"2020-05-04T10:21:49","modified_gmt":"2020-05-04T09:21:49","slug":"duchovne-prijimanie","status":"publish","type":"page","link":"https:\/\/www.skmisia.ch\/?page_id=10669","title":{"rendered":"Duchovn\u00e9 prij\u00edmanie"},"content":{"rendered":"\n<p>Pon\u00fakame V\u00e1m mo\u017enos\u0165 pre\u010d\u00edta\u0165 si bro\u017e\u00farku o duchovnom sv. prij\u00edman\u00ed od kapuc\u00edna Dominika J. Ungera.<\/p>\n\n\n\n<embed src=\"\/wp-content\/uploads\/2020\/05\/duchovne_prijimanie.pdf#toolbar=0\" type=\"application\/pdf\" width=\"100%\" height=\"750em\"><\/embed>\n","protected":false},"excerpt":{"rendered":"<p>Pon\u00fakame V\u00e1m mo\u017enos\u0165 pre\u010d\u00edta\u0165 si bro\u017e\u00farku o duchovnom sv. prij\u00edman\u00ed od kapuc\u00edna Dominika J. Ungera.<\/p>\n","protected":false},"author":1,"featured_media":0,"parent":0,"menu_order":0,"comment_status":"closed","ping_status":"closed","template":"","meta":{"ngg_post_thumbnail":0},"_links":{"self":[{"href":"https:\/\/www.skmisia.ch\/index.php?rest_route=\/wp\/v2\/pages\/10669"}],"collection":[{"href":"https:\/\/www.skmisia.ch\/index.php?rest_route=\/wp\/v2\/pages"}],"about":[{"href":"https:\/\/www.skmisia.ch\/index.php?rest_route=\/wp\/v2\/types\/page"}],"author":[{"embeddable":true,"href":"https:\/\/www.skmisia.ch\/index.php?rest_route=\/wp\/v2\/users\/1"}],"replies":[{"embeddable":true,"href":"https:\/\/www.skmisia.ch\/index.php?rest_route=%2Fwp%2Fv2%2Fcomments&post=10669"}],"version-history":[{"count":1,"href":"https:\/\/www.skmisia.ch\/index.php?rest_route=\/wp\/v2\/pages\/10669\/revisions"}],"predecessor-version":[{"id":10670,"href":"https:\/\/www.skmisia.ch\/index.php?rest_route=\/wp\/v2\/pages\/10669\/revisions\/10670"}],"wp:attachment":[{"href":"https:\/\/www.skmisia.ch\/index.php?rest_route=%2Fwp%2Fv2%2Fmedia&parent=10669"}],"curies":[{"name":"wp","href":"https:\/\/api.w.org\/{rel}","templated":true}]}}